{"id":22607,"date":"2023-11-13T17:49:32","date_gmt":"2023-11-13T16:49:32","guid":{"rendered":"https:\/\/sp1hrubieszow.pl\/?page_id=22607"},"modified":"2023-11-13T17:50:02","modified_gmt":"2023-11-13T16:50:02","slug":"uwaga-ruszyla-rekrutacja-do-programu-erasmus-oraz-do-programu-zagraniczna-mobilnosc-edukacyjna-na-zasadach-programu-erasmus","status":"publish","type":"page","link":"https:\/\/sp1hrubieszow.pl\/index.php\/kronika-2020-2021\/uwaga-ruszyla-rekrutacja-do-programu-erasmus-oraz-do-programu-zagraniczna-mobilnosc-edukacyjna-na-zasadach-programu-erasmus\/","title":{"rendered":"Uwaga! Ruszy\u0142a rekrutacja do Programu Erasmus+ oraz do programu Zagraniczna mobilno\u015b\u0107 edukacyjna na zasadach Programu Erasmus+"},"content":{"rendered":"\n<h1 style=\"text-align: center;\"><strong><span style=\"color: #000080;\">Od 13 do 24 listopada 2023 trwa rekrutacja do projekt\u00f3w realizowanych przez nasz\u0105 szko\u0142\u0119:<\/span><\/strong><\/h1>\n<ol>\n<li>\n<p style=\"text-align: left;\"><span style=\"color: #000080;\"><strong>PROJEKT ERASMUS+ pt.<\/strong> <strong>&#8222;Hola Espa\u00f1a! Rozwijanie kompetencji uczni\u00f3w Szko\u0142y Podstawowej <\/strong><strong style=\"font-size: 1rem;\">B. Prusa w Hrubieszowie&#8221;&nbsp;<\/strong><strong style=\"font-size: 1rem;\">Nr projektu: 2023-1-PL01-KA122-SCH-000119355&nbsp;<\/strong><\/span><img loading=\"lazy\" decoding=\"async\" class=\"alignnone size-medium wp-image-22397 aligncenter\" src=\"http:\/\/sp1hrubieszow.pl\/wp-content\/uploads\/2023\/11\/erasmus-300x50.png\" alt=\"\" width=\"300\" height=\"50\" srcset=\"https:\/\/sp1hrubieszow.pl\/wp-content\/uploads\/2023\/11\/erasmus-300x50.png 300w, https:\/\/sp1hrubieszow.pl\/wp-content\/uploads\/2023\/11\/erasmus.png 543w\" sizes=\"auto, (max-width: 300px) 100vw, 300px\" \/>2. <span style=\"color: #000080;\"><strong>&#8222;Hola Espa\u00f1a! Rozwijanie kompetencji uczni\u00f3w Szko\u0142y Podstawowej <br>im. B. Prusa w Hrubieszowie&#8221; Nr projektu: 2022-2-PL01-KA122-SCH-000096582&nbsp; &nbsp;<\/strong>w ramach programu Fundusze Europejskie dla Rozwoju Spo\u0142ecznego 2021-2027 realizowanego na zasadach Programu Erasmus+ w ramach projektu <\/span><br><span style=\"color: #000080;\"><strong><em>Zagraniczna mobilno\u015b\u0107 edukacyjna uczni\u00f3w i kadry edukacji szkolnej<\/em><\/strong><\/span><img loading=\"lazy\" decoding=\"async\" class=\" wp-image-22398 aligncenter\" src=\"http:\/\/sp1hrubieszow.pl\/wp-content\/uploads\/2023\/11\/fundusze-europejskie-300x41.png\" alt=\"\" width=\"381\" height=\"52\" srcset=\"https:\/\/sp1hrubieszow.pl\/wp-content\/uploads\/2023\/11\/fundusze-europejskie-300x41.png 300w, https:\/\/sp1hrubieszow.pl\/wp-content\/uploads\/2023\/11\/fundusze-europejskie-768x106.png 768w, https:\/\/sp1hrubieszow.pl\/wp-content\/uploads\/2023\/11\/fundusze-europejskie-624x86.png 624w, https:\/\/sp1hrubieszow.pl\/wp-content\/uploads\/2023\/11\/fundusze-europejskie.png 943w\" sizes=\"auto, (max-width: 381px) 100vw, 381px\" \/><span style=\"color: #000080;\"><strong>Na stronie internetowej szko\u0142y w zak\u0142adce PROJEKTY znajduj\u0105 si\u0119 regulaminy projekt\u00f3w (prosimy o dok\u0142adne zapoznanie si\u0119 z ich tre\u015bci\u0105) oraz wymagane formularze. Dokumenty sk\u0142adamy w sekretariacie szko\u0142y do dnia 24 listopada 2023 roku.<\/strong> <\/span><span style=\"color: #000080;\">W razie pyta\u0144 lub w\u0105tpliwo\u015bci prosimy o kontakt z nauczycielami: p. Magdalena S\u0142owik, p. Marta Lackowska, p. Monika Czulak.&nbsp; &nbsp;<\/span><span style=\"color: #000080;\"> &nbsp; &nbsp; &nbsp; &nbsp; &nbsp; &nbsp; &nbsp; &nbsp; &nbsp; &nbsp; &nbsp; &nbsp; &nbsp; &nbsp; &nbsp; &nbsp; &nbsp; &nbsp; <strong>UWAGA!<\/strong> <\/span><span style=\"color: #000080;\">Wyjazdy&nbsp; uczni\u00f3w do Hiszpanii odb\u0119d\u0105 si\u0119 w trzech terminach. W zwi\u0105zku z tym prosimy, aby&nbsp; do sk\u0142adanych dokument\u00f3w do\u0142\u0105czy\u0107 o\u015bwiadczenie ze wskazaniem preferowanego terminu wyjazdu. Oto <strong>przybli\u017cone terminy poszczeg\u00f3lnych wyjazd\u00f3w: 04 &#8211; 17.02 ( wyjazd w II tygodniu ferii zimowych); 10-23.03; 26.05 &#8211; 08.06.<\/strong><\/span><\/p>\n<p>&nbsp;<\/p>\n<p style=\"text-align: left;\"><strong><span style=\"color: #000080;\">Wa\u017cne terminy:<\/span><\/strong><\/p>\n<p><span style=\"color: #000080;\"><u>13-24.11.2023 z\u0142o\u017cenie dokument\u00f3w rekrutacyjnych<\/u><\/span><\/p>\n<p><span style=\"color: #000080;\"> (formularz uczestnictwa, formularz rekrutacji, zgody, inne wymagane regulaminem dokumenty) wszystkie formularze dost\u0119pne w zak\u0142adce \u201ePROJEKTY\u201d<\/span><\/p>\n<p><span style=\"color: #000080;\">27-28.11.2023 testy kwalifikacyjne<\/span><\/p>\n<p><span style=\"color: #000080;\">29.11-01.12.2023 posiedzenie komisji rekrutacyjnej <\/span><\/p>\n<p><span style=\"color: #000080;\">04.12.2023 og\u0142oszenie wynik\u00f3w rekrutacji<\/span><\/p>\n<p><span style=\"color: #000080;\">04 \u2013 06.12.2023 procedura odwo\u0142awcza<\/span><\/p>\n<p><span style=\"color: #000080;\">07.12.2023 posiedzenie komisji rekrutacyjnej <\/span><\/p>\n<p><span style=\"color: #000080;\">(analiza dokument\u00f3w odwo\u0142awczych)<\/span><\/p>\n<p><span style=\"color: #000080;\">&nbsp;08.12.2023 og\u0142oszenie list uczestnik\u00f3w oraz list rezerwowych <\/span><\/p>\n<\/li>\n<\/ol>\n","protected":false},"excerpt":{"rendered":"<p>Od 13 do 24 listopada 2023 trwa rekrutacja do projekt\u00f3w realizowanych przez nasz\u0105 szko\u0142\u0119: PROJEKT ERASMUS+ pt. &#8222;Hola Espa\u00f1a! Rozwijanie kompetencji uczni\u00f3w Szko\u0142y Podstawowej B. Prusa w Hrubieszowie&#8221;&nbsp;Nr projektu: 2023-1-PL01-KA122-SCH-000119355&nbsp;2. &#8222;Hola Espa\u00f1a! Rozwijanie kompetencji uczni\u00f3w Szko\u0142y Podstawowej im. B. Prusa w Hrubieszowie&#8221; Nr projektu: 2022-2-PL01-KA122-SCH-000096582&nbsp; &nbsp;w ramach programu Fundusze Europejskie dla Rozwoju Spo\u0142ecznego 2021-2027 realizowanego [&hellip;]<\/p>\n","protected":false},"author":2,"featured_media":0,"parent":5983,"menu_order":0,"comment_status":"closed","ping_status":"closed","template":"","meta":{"ngg_post_thumbnail":0,"footnotes":""},"class_list":["post-22607","page","type-page","status-publish","hentry"],"_links":{"self":[{"href":"https:\/\/sp1hrubieszow.pl\/index.php\/wp-json\/wp\/v2\/pages\/22607","targetHints":{"allow":["GET"]}}],"collection":[{"href":"https:\/\/sp1hrubieszow.pl\/index.php\/wp-json\/wp\/v2\/pages"}],"about":[{"href":"https:\/\/sp1hrubieszow.pl\/index.php\/wp-json\/wp\/v2\/types\/page"}],"author":[{"embeddable":true,"href":"https:\/\/sp1hrubieszow.pl\/index.php\/wp-json\/wp\/v2\/users\/2"}],"replies":[{"embeddable":true,"href":"https:\/\/sp1hrubieszow.pl\/index.php\/wp-json\/wp\/v2\/comments?post=22607"}],"version-history":[{"count":1,"href":"https:\/\/sp1hrubieszow.pl\/index.php\/wp-json\/wp\/v2\/pages\/22607\/revisions"}],"predecessor-version":[{"id":22608,"href":"https:\/\/sp1hrubieszow.pl\/index.php\/wp-json\/wp\/v2\/pages\/22607\/revisions\/22608"}],"up":[{"embeddable":true,"href":"https:\/\/sp1hrubieszow.pl\/index.php\/wp-json\/wp\/v2\/pages\/5983"}],"wp:attachment":[{"href":"https:\/\/sp1hrubieszow.pl\/index.php\/wp-json\/wp\/v2\/media?parent=22607"}],"curies":[{"name":"wp","href":"https:\/\/api.w.org\/{rel}","templated":true}]}}