{"id":22605,"date":"2023-11-13T17:17:12","date_gmt":"2023-11-13T16:17:12","guid":{"rendered":"https:\/\/sp1hrubieszow.pl\/?page_id=22605"},"modified":"2024-04-08T20:32:57","modified_gmt":"2024-04-08T18:32:57","slug":"zagraniczna-mobilnosc","status":"publish","type":"page","link":"https:\/\/sp1hrubieszow.pl\/index.php\/projekty\/zagraniczna-mobilnosc\/","title":{"rendered":"Zagraniczna mobilno\u015b\u0107"},"content":{"rendered":"\n<p style=\"text-align: center;\"><strong><span style=\"color: #000080;\">GRENADA PO RAZ DRUGI<\/span><\/strong><\/p>\n<p><span style=\"color: #000080;\">Grupa uczni\u00f3w z naszej szko\u0142y po raz drugi wzi\u0119\u0142a udzia\u0142 w projekcie <strong>\u201eZagraniczna mobilno\u015b\u0107 edukacyjna uczni\u00f3w i kadry edukacji szkolnej\u201d realizowanego <\/strong><br><strong>ze \u015brodk\u00f3w programu FERS na zasadach Programu Erasmus+ sektor Edukacja szkolna, nr projektu: 2022-2-PL01-KA122-SCH-000096582<\/strong> i uda\u0142a si\u0119 w dniach <br>10 \u2013 21.03.2024r. do Hiszpanii, do przepi\u0119knej Grenady. <\/span><\/p>\n<p><span style=\"color: #000080;\">Tam, opr\u00f3cz udzia\u0142u w zaj\u0119ciach lekcyjnych z hiszpa\u0144skimi uczniami, mieli\u015bmy okazj\u0119 podziwia\u0107 zachwycaj\u0105ce uroki Andaluzji. Niesamowite wra\u017cenie wywar\u0142y na nas: jaskinia Cueva de Nerja, malownicze widoki bia\u0142ego miasteczka na Costa del Sol, Morze \u015ar\u00f3dziemne, miasto trzech kultur, czyli Kordoba, Alhambra z jej pi\u0119knym zespo\u0142em pa\u0142acowo \u2013 ogrodowym oraz niesamowite uliczki samej Grenady. <\/span><\/p>\n<p><span style=\"color: #000080;\">Czas sp\u0119dzony w Grenadzie by\u0142 intensywny, ale dzi\u0119ki temu mogli\u015bmy lepiej pozna\u0107 miasto (co umo\u017cliwi\u0142a nam gra miejska, spacery po naszej miejscowo\u015bci oraz wycieczka na stadion pi\u0142karski), koleg\u00f3w i kole\u017canki z internatu, w kt\u00f3rym mieszkali\u015bmy, hiszpa\u0144ski system edukacyjny, a tak\u017ce niekt\u00f3re obrz\u0119dy zwi\u0105zane ze \u015awi\u0119tami Wielkanocnymi (procesje pokutne).<\/span><\/p>\n<p><span style=\"color: #000080;\">Grenada na z<\/span><span style=\"color: #000080;\">awsze pozostanie w naszej pami\u0119ci.<\/span><\/p>\nngg_shortcode_0_placeholder\n<p>&nbsp;<\/p>\n<p>&nbsp;<\/p>\n<p><img loading=\"lazy\" decoding=\"async\" class=\"alignnone  wp-image-22398 aligncenter\" src=\"http:\/\/sp1hrubieszow.pl\/wp-content\/uploads\/2023\/11\/fundusze-europejskie-300x41.png\" alt=\"\" width=\"546\" height=\"75\" srcset=\"https:\/\/sp1hrubieszow.pl\/wp-content\/uploads\/2023\/11\/fundusze-europejskie-300x41.png 300w, https:\/\/sp1hrubieszow.pl\/wp-content\/uploads\/2023\/11\/fundusze-europejskie-768x106.png 768w, https:\/\/sp1hrubieszow.pl\/wp-content\/uploads\/2023\/11\/fundusze-europejskie-624x86.png 624w, https:\/\/sp1hrubieszow.pl\/wp-content\/uploads\/2023\/11\/fundusze-europejskie.png 943w\" sizes=\"auto, (max-width: 546px) 100vw, 546px\" \/><\/p>\n<h1 style=\"text-align: center;\"><span style=\"color: #000080;\"><strong>Nasi uczniowie w Grenadzie &#8211; grupa pierwsza&nbsp;<\/strong><\/span><\/h1>\n<p><span style=\"color: #000080;\">Od 12 do 23 lutego trwa\u0142a nasza przygoda w Hiszpanii w ramach projektu&nbsp;<strong>\u201eZagraniczna mobilno\u015b\u0107 edukacyjna uczni\u00f3w i kadry edukacji szkolnej\u201d realizowanego ze \u015brodk\u00f3w programu FERS na zasadach Programu Erasmus+ sektor Edukacja szkolna, nr projektu: 2022-2-PL01-KA122-SCH-000096582.&nbsp;<\/strong><\/span><\/p>\n<p><span style=\"color: #000080;\">Uczestniczyli\u015bmy w zaj\u0119ciach szkolnych, podczas kt\u00f3rych poznali\u015bmy jak wygl\u0105da edukacja w Hiszpanii,&nbsp; szkolili\u015bmy znajomo\u015b\u0107 j\u0119zyka angielskiego i hiszpa\u0144skiego oraz poznali\u015bmy wielu wspania\u0142ych m\u0142odych ludzi. Brali\u015bmy tak\u017ce udzia\u0142 w zaj\u0119ciach w Fundacji \u201eUniversal Mobility\u201d oraz w grze miejskiej w centrum Grenady.&nbsp;<\/span><\/p>\n<p><span style=\"color: #000080;\">Nasz czas w Hiszpanii to r\u00f3wnie\u017c wycieczki \u2013 te piesze, podczas kt\u00f3rych zwiedzali\u015bmy urokliwe miejsca Grenady \u2013 oraz te autokarowe: do miejscowo\u015bci Nejra nad Morzem \u015ar\u00f3dziemnym oraz do Cordoby, gdzie zwiedzali\u015bmy wielki meczet a w nim chrze\u015bcija\u0144sk\u0105 katedr\u0119.&nbsp;<\/span><\/p>\n<p><span style=\"color: #000080;\">Ka\u017cdego dnia kosztowali\u015bmy hiszpa\u0144skich przysmak\u00f3w, spacerowali\u015bmy oraz sp\u0119dzali\u015bmy czas z m\u0142odzie\u017c\u0105 hiszpa\u0144ska graj\u0105c w gry zespo\u0142owe na szkolnym boisku.&nbsp;<\/span><\/p>\n<p><span style=\"color: #000080;\">Czas sp\u0119dzony w Andaluzji pozostanie na zawsze w naszych wspomnieniach, a do tego czego si\u0119 nauczyli\u015bmy i co poznali\u015bmy, b\u0119dziemy wraca\u0107 realizuj\u0105c dalsz\u0105 cz\u0119\u015b\u0107 projektu.&nbsp;<\/span><\/p>\nngg_shortcode_1_placeholder\nngg_shortcode_2_placeholder\n<h1 style=\"text-align: center;\"><span style=\"color: #000080;\"><strong>Wizyta przygotowawcza<\/strong><\/span><\/h1>\n<p><span style=\"color: #000080;\">W trosce o zapewnienie najwy\u017cszego poziomu realizowanego przez uczni\u00f3w naszej szko\u0142y projektu \u201eZagraniczna mobilno\u015b\u0107 edukacyjna uczni\u00f3w i kadry edukacji szkolnej\u201d realizowanego ze \u015brodk\u00f3w programu FERS na zasadach Programu Erasmus+ sektor Edukacja szkolna, nr projektu: 2022-2-PL01-KA122-SCH-000096582, w dniach 24.01.- 26.01.2024 nauczyciele udali si\u0119 na wizyt\u0119 przygotowawcz\u0105 do Granady. W czasie wizyty odwiedzono Centro Ave Maria San Cristobal, szko\u0142\u0119 o d\u0142ugiej i bogatej tradycji. Poza d\u0142ug\u0105 histori\u0105, jest szko\u0142\u0105 z prawdopodobnie naj\u0142adniejszymi widokami w Granadzie, o czym b\u0119d\u0105 mogli si\u0119 przekona\u0107 ju\u017c nied\u0142ugo nasi uczniowie. Podczas spotkania z w\u0142adzami szko\u0142y hiszpa\u0144skiej zosta\u0142 ustalony harmonogram pobytu i dzia\u0142a\u0144 projektowych, jakie b\u0119d\u0105 realizowane w trakcie mobilno\u015bci zagranicznej uczestnik\u00f3w. Sprawdzono warunki zakwaterowania i wy\u017cywienia oraz uzgodniono zasady pobytu naszych uczni\u00f3w w Granadzie.<\/span><\/p>\n<p><span style=\"color: #000080;\">Projekt mo\u017cemy realizowa\u0107 dzi\u0119ki wsparciu pani Marty Majewskiej \u2013 Burmistrz Miasta Hrubieszowa oraz Hrubiesz\u00f3w Miasto z Klimatem, za co serdecznie dzi\u0119kujemy.<\/span><\/p>\nngg_shortcode_3_placeholder\n<p>&nbsp;<\/p>\n<p><span style=\"color: #000080;\"><strong>Projekt &#8222;Hola Espa\u00f1a! Rozwijanie kompetencji uczni\u00f3w Szko\u0142y Podstawowej <br>im. B. Prusa w Hrubieszowie&#8221; Nr projektu: 2022-2-PL01-KA122-SCH-000096582&nbsp; &nbsp; &nbsp; &nbsp; &nbsp;<\/strong>w ramach programu Fundusze Europejskie dla Rozwoju Spo\u0142ecznego 2021-2027 realizowanego na zasadach Programu Erasmus+ w ramach projektu <\/span><br><span style=\"color: #000080;\"><strong><em>Zagraniczna mobilno\u015b\u0107 edukacyjna uczni\u00f3w i kadry edukacji szkolnej<\/em><\/strong><\/span><\/p>\n<p><span style=\"color: #000080;\"><strong>Okres realizacji projektu: 02.10.2023 &#8211; 01.10.2024<\/strong><\/span><\/p>\n<h2><span style=\"color: #000080;\"><strong><a style=\"color: #000080;\" href=\"http:\/\/sp1hrubieszow.pl\/wp-content\/uploads\/2023\/11\/Regulamin-rekrutacji-.docx\">Regulamin rekrutacji<\/a><\/strong><\/span><\/h2>\n<h2><span style=\"color: #000080;\"><strong><a style=\"color: #000080;\" href=\"http:\/\/sp1hrubieszow.pl\/wp-content\/uploads\/2023\/11\/Formularz-zgloszeniowy-1.docx\">Formularz zg\u0142oszeniowy<\/a><\/strong><\/span><\/h2>\n<h2><span style=\"color: #000080;\"><a style=\"color: #000080;\" href=\"http:\/\/sp1hrubieszow.pl\/wp-content\/uploads\/2023\/11\/Formularz-rekrutacji.docx\"><strong>Formularz rekrutacji<\/strong><\/a><\/span><\/h2>\n<p>&nbsp;<\/p>\n","protected":false},"excerpt":{"rendered":"<p>GRENADA PO RAZ DRUGI Grupa uczni\u00f3w z naszej szko\u0142y po raz drugi wzi\u0119\u0142a udzia\u0142 w projekcie \u201eZagraniczna mobilno\u015b\u0107 edukacyjna uczni\u00f3w i kadry edukacji szkolnej\u201d realizowanego ze \u015brodk\u00f3w programu FERS na zasadach Programu Erasmus+ sektor Edukacja szkolna, nr projektu: 2022-2-PL01-KA122-SCH-000096582 i uda\u0142a si\u0119 w dniach 10 \u2013 21.03.2024r. do Hiszpanii, do przepi\u0119knej Grenady. Tam, opr\u00f3cz udzia\u0142u [&hellip;]<\/p>\n","protected":false},"author":2,"featured_media":0,"parent":22596,"menu_order":0,"comment_status":"closed","ping_status":"closed","template":"","meta":{"ngg_post_thumbnail":0,"footnotes":""},"class_list":["post-22605","page","type-page","status-publish","hentry"],"_links":{"self":[{"href":"https:\/\/sp1hrubieszow.pl\/index.php\/wp-json\/wp\/v2\/pages\/22605","targetHints":{"allow":["GET"]}}],"collection":[{"href":"https:\/\/sp1hrubieszow.pl\/index.php\/wp-json\/wp\/v2\/pages"}],"about":[{"href":"https:\/\/sp1hrubieszow.pl\/index.php\/wp-json\/wp\/v2\/types\/page"}],"author":[{"embeddable":true,"href":"https:\/\/sp1hrubieszow.pl\/index.php\/wp-json\/wp\/v2\/users\/2"}],"replies":[{"embeddable":true,"href":"https:\/\/sp1hrubieszow.pl\/index.php\/wp-json\/wp\/v2\/comments?post=22605"}],"version-history":[{"count":5,"href":"https:\/\/sp1hrubieszow.pl\/index.php\/wp-json\/wp\/v2\/pages\/22605\/revisions"}],"predecessor-version":[{"id":25401,"href":"https:\/\/sp1hrubieszow.pl\/index.php\/wp-json\/wp\/v2\/pages\/22605\/revisions\/25401"}],"up":[{"embeddable":true,"href":"https:\/\/sp1hrubieszow.pl\/index.php\/wp-json\/wp\/v2\/pages\/22596"}],"wp:attachment":[{"href":"https:\/\/sp1hrubieszow.pl\/index.php\/wp-json\/wp\/v2\/media?parent=22605"}],"curies":[{"name":"wp","href":"https:\/\/api.w.org\/{rel}","templated":true}]}}