{"id":22600,"date":"2023-11-13T17:09:42","date_gmt":"2023-11-13T16:09:42","guid":{"rendered":"https:\/\/sp1hrubieszow.pl\/?page_id=22600"},"modified":"2024-03-05T20:07:12","modified_gmt":"2024-03-05T19:07:12","slug":"erasmus","status":"publish","type":"page","link":"https:\/\/sp1hrubieszow.pl\/index.php\/projekty\/erasmus\/","title":{"rendered":"Erasmus+"},"content":{"rendered":"\n\n\n<p>&nbsp;<\/p>\n<p><img loading=\"lazy\" decoding=\"async\" class=\" wp-image-24284 aligncenter\" src=\"http:\/\/sp1hrubieszow.pl\/wp-content\/uploads\/2024\/01\/logo_4_dof-300x67.png\" alt=\"\" width=\"470\" height=\"105\" srcset=\"https:\/\/sp1hrubieszow.pl\/wp-content\/uploads\/2024\/01\/logo_4_dof-300x67.png 300w, https:\/\/sp1hrubieszow.pl\/wp-content\/uploads\/2024\/01\/logo_4_dof.png 418w\" sizes=\"auto, (max-width: 470px) 100vw, 470px\" \/><\/p>\n<h1 style=\"text-align: center;\"><strong><span style=\"color: #000080;\">Z wizyt\u0105 w Grenadzie &#8211; grupa pierwsza&nbsp;<\/span><\/strong><\/h1>\n<p><span style=\"color: #000080;\">Od 12 do 25 lutego trwa\u0142a nasza hiszpa\u0144ska przygoda w ramach projektu&nbsp;<strong>ERASMUS+ \u201eHola Espa\u00f1a! Rozwijanie kompetencji uczni\u00f3w Szko\u0142y Podstawowej im. B. Prusa w Hrubieszowie\u201d, nr projektu: 2023-1-PL01-KA122-SCH-000119355.&nbsp;<\/strong><\/span><\/p>\n<p><span style=\"color: #000080;\">Podczas wyjazdu edukacyjnego mieli\u015bmy mo\u017cliwo\u015b\u0107 uczestniczenia w lekcjach wraz z m\u0142odzie\u017c\u0105 hiszpa\u0144sk\u0105.&nbsp; Poznali\u015bmy wielu wspania\u0142ych m\u0142odych ludzi oraz ich nauczycieli. Na pewno d\u0142ugo b\u0119dziemy wspomina\u0107 lekcj\u0119 fizyki, podczas kt\u00f3rej robili\u015bmy czekolad\u0119. Uczestniczyli\u015bmy tak\u017ce \u2013 w ramach zaj\u0119\u0107 lekcyjnych \u2013 w warsztatach flamenco.&nbsp; Brali\u015bmy tak\u017ce udzia\u0142 w zaj\u0119ciach organizowanych w siedzibie Fundacji \u201d Universal Mobility\u201d oraz w grze miejskiej w centrum Grenady.&nbsp;<\/span><\/p>\n<p><span style=\"color: #000080;\">Zwiedzali\u015bmy przepi\u0119kn\u0105 Grenad\u0119 i jej szczeg\u00f3lne miejsca: Albayzin, Alhambra, Realejo i wiele innych. Uczestniczyli\u015bmy r\u00f3wnie\u017c w wycieczce do urokliwej miejscowo\u015bci Nerja, gdzie zwiedzali\u015bmy jaskini\u0119 oraz zachwycali\u015bmy si\u0119 pi\u0119knem Morza \u015ar\u00f3dziemnego. A tak\u017ce odwiedzili\u015bmy Cordob\u0119 i jej najpopularniejsz\u0105 atrakcj\u0119 \u2013 wielki meczet, w kt\u00f3rym obecnie znajduje si\u0119 katedra chrze\u015bcija\u0144ska.&nbsp;<\/span><\/p>\n<p><span style=\"color: #000080;\">Poznali\u015bmy hiszpa\u0144skie zwyczaje np. te zwi\u0105zane ze \u015arod\u0105 Popielcow\u0105, hiszpa\u0144sk\u0105 kuchni\u0119 oraz podstawy j\u0119zyka hiszpa\u0144skiego.&nbsp;<\/span><\/p>\n<p><span style=\"color: #000080;\">To by\u0142 wspania\u0142y i niezapomniany czas. \u017bal by\u0142o nam opuszcza\u0107 tereny Andaluzji i po\u017cegna\u0107 si\u0119 z nowymi znajomymi. Na szcz\u0119\u015bcie projekt jeszcze si\u0119 nie zako\u0144czy\u0142. Przed nami wiele dzia\u0142a\u0144, kt\u00f3re pozwol\u0105 wr\u00f3ci\u0107 nam do Grenady przynajmniej we wspomnieniach. ?<\/span><\/p>\nngg_shortcode_0_placeholder\nngg_shortcode_1_placeholder\n<h1 style=\"text-align: center;\"><span style=\"color: #000080;\"><strong>Wizyta przygotowawcza&nbsp;<\/strong><\/span><\/h1>\n<p><span style=\"color: #000080;\">W dniach 24.01.-26.01. 2024 odby\u0142a si\u0119 wizyta przygotowawcza w Hiszpanii w ramach projektu ERASMUS+ \u201eHola Espa\u00f1a! Rozwijanie kompetencji uczni\u00f3w Szko\u0142y Podstawowej im. B. Prusa w Hrubieszowie\u201d, nr projektu: 2023-1-PL01-KA122-SCH-000119355. Podczas wizyty nauczyciele odwiedzili Centro Ave Maria Vistillas, szko\u0142\u0119 z ponad stuletni\u0105 histori\u0105, w kt\u00f3rej nasi uczniowie realizowali b\u0119d\u0105 sw\u00f3j plan mobilno\u015bci. Wizyta przygotowawcza s\u0142u\u017cy\u0142a organizacji mobilno\u015bci uczestnik\u00f3w projektu Erasmus+ i ustaleniu szczeg\u00f3\u0142owego programu wyjazdu do Granady. Nauczyciele mieli mo\u017cliwo\u015b\u0107 poznania warunk\u00f3w panuj\u0105cych w szkole, om\u00f3wiono program mobilno\u015bci oraz sprawy zwi\u0105zane z zakwaterowaniem i logistyk\u0105 pobytu uczestnik\u00f3w projektu w Hiszpanii. Program realizowany przez uczni\u00f3w obejmuje r\u00f3wnie\u017c cz\u0119\u015b\u0107 kulturow\u0105 w zwi\u0105zku z tym nauczyciele w czasie pobytu mieli mo\u017cliwo\u015b\u0107 zobaczenia najpi\u0119kniejszych miejsc Granady.<\/span><\/p>\n<p><span style=\"color: #000080;\">Projekt mo\u017cemy realizowa\u0107 dzi\u0119ki wsparciu pani Marty Majewskiej \u2013 Burmistrz Miasta Hrubieszowa oraz Hrubiesz\u00f3w Miasto z Klimatem, za co serdecznie dzi\u0119kujemy.<\/span><\/p>\nngg_shortcode_2_placeholder\n<p>&nbsp;<\/p>\n<p><span style=\"color: #000080;\"><strong>PROJEKT&nbsp; ERASMUS+<br>pt.<\/strong> <strong>&#8222;Hola Espa\u00f1a! Rozwijanie kompetencji uczni\u00f3w Szko\u0142y Podstawowej <\/strong><strong style=\"font-size: 1rem;\">B. Prusa&nbsp; w Hrubieszowie&#8221; <\/strong><strong>Nr projektu: 2023-1-PL01-KA122-SCH-000119355<\/strong><\/span><\/p>\n<p><span style=\"color: #000080;\"><strong>Okres realizacji projektu: 02.10.2023 &#8211; 01.10.2024<\/strong><\/span><\/p>\n<h2><span style=\"color: #000080;\"><strong><a style=\"color: #000080;\" href=\"http:\/\/sp1hrubieszow.pl\/wp-content\/uploads\/2023\/11\/Regulamin-rekrutacji.docx\">Regulamin rekrutacji<\/a><\/strong><\/span><\/h2>\n<h2><span style=\"color: #000080;\"><strong><a style=\"color: #000080;\" href=\"http:\/\/sp1hrubieszow.pl\/wp-content\/uploads\/2023\/11\/Formularz-zgloszeniowy.docx\">Formularz zg\u0142oszeniowy<\/a><\/strong><\/span><\/h2>\n<h2><span style=\"color: #000080;\"><strong><a style=\"color: #000080;\" href=\"http:\/\/sp1hrubieszow.pl\/wp-content\/uploads\/2023\/11\/Formularz-rekrutacyjny.docx\">Formularz rekrutacyjny<\/a><\/strong><\/span><\/h2>\n\n\n","protected":false},"excerpt":{"rendered":"<p>&nbsp; Z wizyt\u0105 w Grenadzie &#8211; grupa pierwsza&nbsp; Od 12 do 25 lutego trwa\u0142a nasza hiszpa\u0144ska przygoda w ramach projektu&nbsp;ERASMUS+ \u201eHola Espa\u00f1a! Rozwijanie kompetencji uczni\u00f3w Szko\u0142y Podstawowej im. B. Prusa w Hrubieszowie\u201d, nr projektu: 2023-1-PL01-KA122-SCH-000119355.&nbsp; Podczas wyjazdu edukacyjnego mieli\u015bmy mo\u017cliwo\u015b\u0107 uczestniczenia w lekcjach wraz z m\u0142odzie\u017c\u0105 hiszpa\u0144sk\u0105.&nbsp; Poznali\u015bmy wielu wspania\u0142ych m\u0142odych ludzi oraz ich nauczycieli. [&hellip;]<\/p>\n","protected":false},"author":2,"featured_media":0,"parent":22596,"menu_order":0,"comment_status":"closed","ping_status":"closed","template":"","meta":{"ngg_post_thumbnail":0,"footnotes":""},"class_list":["post-22600","page","type-page","status-publish","hentry"],"_links":{"self":[{"href":"https:\/\/sp1hrubieszow.pl\/index.php\/wp-json\/wp\/v2\/pages\/22600","targetHints":{"allow":["GET"]}}],"collection":[{"href":"https:\/\/sp1hrubieszow.pl\/index.php\/wp-json\/wp\/v2\/pages"}],"about":[{"href":"https:\/\/sp1hrubieszow.pl\/index.php\/wp-json\/wp\/v2\/types\/page"}],"author":[{"embeddable":true,"href":"https:\/\/sp1hrubieszow.pl\/index.php\/wp-json\/wp\/v2\/users\/2"}],"replies":[{"embeddable":true,"href":"https:\/\/sp1hrubieszow.pl\/index.php\/wp-json\/wp\/v2\/comments?post=22600"}],"version-history":[{"count":5,"href":"https:\/\/sp1hrubieszow.pl\/index.php\/wp-json\/wp\/v2\/pages\/22600\/revisions"}],"predecessor-version":[{"id":24664,"href":"https:\/\/sp1hrubieszow.pl\/index.php\/wp-json\/wp\/v2\/pages\/22600\/revisions\/24664"}],"up":[{"embeddable":true,"href":"https:\/\/sp1hrubieszow.pl\/index.php\/wp-json\/wp\/v2\/pages\/22596"}],"wp:attachment":[{"href":"https:\/\/sp1hrubieszow.pl\/index.php\/wp-json\/wp\/v2\/media?parent=22600"}],"curies":[{"name":"wp","href":"https:\/\/api.w.org\/{rel}","templated":true}]}}