{"id":22596,"date":"2023-11-13T16:56:11","date_gmt":"2023-11-13T15:56:11","guid":{"rendered":"https:\/\/sp1hrubieszow.pl\/?page_id=22596"},"modified":"2024-01-08T17:03:14","modified_gmt":"2024-01-08T16:03:14","slug":"projekty","status":"publish","type":"page","link":"https:\/\/sp1hrubieszow.pl\/index.php\/projekty\/","title":{"rendered":"PROJEKTY"},"content":{"rendered":"\n<header class=\"entry-header\">\n<h1 class=\"entry-title\"><strong><span style=\"color: #000080;\">\u201eHola Espa\u00f1a!\u201d \u2013 spotkania informacyje<\/span><\/strong><\/h1>\n<\/header>\n<div class=\"entry-content\">\n<p><span style=\"color: #000080;\">Nasz pierwszy wyjazd do Hiszpanii&nbsp; w ramach projektu \u201eHola Espa\u00f1a! Rozwijanie<\/span><br><span style=\"color: #000080;\">kompetencji uczni\u00f3w Szko\u0142y Podstawowej im. B. Prusa w Hrubieszowie\u201d zbli\u017ca si\u0119 wielkimi krokami. Ju\u017c po feriach zimowych pierwsze grupy projektowe wyrusz\u0105 w niezapomnian\u0105 podr\u00f3\u017c. W zwi\u0105zku z tym w ubieg\u0142ym tygodniu odby\u0142y si\u0119 spotkania informacyjne dla&nbsp; uczestnik\u00f3w projektu oraz dla ich rodzic\u00f3w. Spotkania prowadzi\u0142a pani Agnieszka Zaj\u0105c z Fundacji inCREA.&nbsp;<\/span><\/p>\n<p><span style=\"color: #000080;\">Teraz przed nami zaj\u0119cia przygotowawcze z j\u0119zyka angielskiego, j\u0119zyka hiszpa\u0144skiego, zaj\u0119cia kulturowe oraz spotkania organizacyjne. Wszyscy jeste\u015bmy bardzo podekscytowani i z rado\u015bci\u0105 podejmujemy si\u0119 realizacji projektu.&nbsp;<\/span><\/p>\n<h1><span style=\"color: #000080;\"><strong><a style=\"color: #000080;\" href=\"http:\/\/sp1hrubieszow.pl\/wp-content\/uploads\/2024\/01\/Prezentacja-SP-w-Hrubieszow-1.pdf\">PREZENTACJA<\/a><\/strong><\/span><\/h1>\nngg_shortcode_0_placeholder\n<\/div>\n","protected":false},"excerpt":{"rendered":"<p>\u201eHola Espa\u00f1a!\u201d \u2013 spotkania informacyje Nasz pierwszy wyjazd do Hiszpanii&nbsp; w ramach projektu \u201eHola Espa\u00f1a! Rozwijaniekompetencji uczni\u00f3w Szko\u0142y Podstawowej im. B. Prusa w Hrubieszowie\u201d zbli\u017ca si\u0119 wielkimi krokami. Ju\u017c po feriach zimowych pierwsze grupy projektowe wyrusz\u0105 w niezapomnian\u0105 podr\u00f3\u017c. W zwi\u0105zku z tym w ubieg\u0142ym tygodniu odby\u0142y si\u0119 spotkania informacyjne dla&nbsp; uczestnik\u00f3w projektu oraz dla [&hellip;]<\/p>\n","protected":false},"author":2,"featured_media":0,"parent":0,"menu_order":1,"comment_status":"closed","ping_status":"closed","template":"","meta":{"ngg_post_thumbnail":0,"footnotes":""},"class_list":["post-22596","page","type-page","status-publish","hentry"],"_links":{"self":[{"href":"https:\/\/sp1hrubieszow.pl\/index.php\/wp-json\/wp\/v2\/pages\/22596","targetHints":{"allow":["GET"]}}],"collection":[{"href":"https:\/\/sp1hrubieszow.pl\/index.php\/wp-json\/wp\/v2\/pages"}],"about":[{"href":"https:\/\/sp1hrubieszow.pl\/index.php\/wp-json\/wp\/v2\/types\/page"}],"author":[{"embeddable":true,"href":"https:\/\/sp1hrubieszow.pl\/index.php\/wp-json\/wp\/v2\/users\/2"}],"replies":[{"embeddable":true,"href":"https:\/\/sp1hrubieszow.pl\/index.php\/wp-json\/wp\/v2\/comments?post=22596"}],"version-history":[{"count":3,"href":"https:\/\/sp1hrubieszow.pl\/index.php\/wp-json\/wp\/v2\/pages\/22596\/revisions"}],"predecessor-version":[{"id":23932,"href":"https:\/\/sp1hrubieszow.pl\/index.php\/wp-json\/wp\/v2\/pages\/22596\/revisions\/23932"}],"wp:attachment":[{"href":"https:\/\/sp1hrubieszow.pl\/index.php\/wp-json\/wp\/v2\/media?parent=22596"}],"curies":[{"name":"wp","href":"https:\/\/api.w.org\/{rel}","templated":true}]}}