{"id":22570,"date":"2023-11-10T09:10:55","date_gmt":"2023-11-10T08:10:55","guid":{"rendered":"https:\/\/sp1hrubieszow.pl\/?page_id=22570"},"modified":"2023-11-10T09:10:55","modified_gmt":"2023-11-10T08:10:55","slug":"wizyta-w-powiatowym-zespole-szkolno-wychowawczym-w-hrubieszowie","status":"publish","type":"page","link":"https:\/\/sp1hrubieszow.pl\/index.php\/kronika-2020-2021\/wizyta-w-powiatowym-zespole-szkolno-wychowawczym-w-hrubieszowie\/","title":{"rendered":"Wizyta w Powiatowym Zespole Szkolno-Wychowawczym w Hrubieszowie"},"content":{"rendered":"\n<p>23.10.2023r. w ramach akcji \u201eTydzie\u0144 dbania o relacje\u201d uczniowie klasy 1a uczestniczyli w zaj\u0119ciach pt. \u201ePoczujmy si\u0119 jak w podw\u00f3rkowym kinie\u2026\u201d, kt\u00f3re odby\u0142y si\u0119 w PZPS-W<br>w Hrubieszowie. Podczas spotkania dzieci mia\u0142y okazj\u0119 nawi\u0105zania bli\u017cszych relacji<br>z r\u00f3wie\u015bnikami&nbsp;tamtej plac\u00f3wki. W niecodziennej atmosferze, z popcornem w r\u0119ku, dzieci\u0119ca widownia z zainteresowaniem \u015bledzi\u0142a losy ksi\u0119\u017cniczek oraz&nbsp; \u015bpiewaj\u0105cego s\u0142owika z bajek&nbsp; wy\u015bwietlanych z&nbsp; projektora i czytanych przez lektora.<br>Dodatkow\u0105 atrakcj\u0105&nbsp;by\u0142 pobyt dzieci w sali zabaw. Serdecznie dzi\u0119kujemy p. Ma\u0142gorzacie Waszy\u0144skiej, p. Paw\u0142owi Nowakowi oraz dyrekcji PPSW w Hrubieszowie za zaproszenie na tak ciekawe i atrakcyjne zaj\u0119cia.<\/p>\nngg_shortcode_0_placeholder\n","protected":false},"excerpt":{"rendered":"<p>23.10.2023r. w ramach akcji \u201eTydzie\u0144 dbania o relacje\u201d uczniowie klasy 1a uczestniczyli w zaj\u0119ciach pt. \u201ePoczujmy si\u0119 jak w podw\u00f3rkowym kinie\u2026\u201d, kt\u00f3re odby\u0142y si\u0119 w PZPS-Ww Hrubieszowie. Podczas spotkania dzieci mia\u0142y okazj\u0119 nawi\u0105zania bli\u017cszych relacjiz r\u00f3wie\u015bnikami&nbsp;tamtej plac\u00f3wki. W niecodziennej atmosferze, z popcornem w r\u0119ku, dzieci\u0119ca widownia z zainteresowaniem \u015bledzi\u0142a losy ksi\u0119\u017cniczek oraz&nbsp; \u015bpiewaj\u0105cego s\u0142owika z [&hellip;]<\/p>\n","protected":false},"author":4,"featured_media":0,"parent":5983,"menu_order":0,"comment_status":"closed","ping_status":"closed","template":"","meta":{"ngg_post_thumbnail":0,"footnotes":""},"class_list":["post-22570","page","type-page","status-publish","hentry"],"_links":{"self":[{"href":"https:\/\/sp1hrubieszow.pl\/index.php\/wp-json\/wp\/v2\/pages\/22570","targetHints":{"allow":["GET"]}}],"collection":[{"href":"https:\/\/sp1hrubieszow.pl\/index.php\/wp-json\/wp\/v2\/pages"}],"about":[{"href":"https:\/\/sp1hrubieszow.pl\/index.php\/wp-json\/wp\/v2\/types\/page"}],"author":[{"embeddable":true,"href":"https:\/\/sp1hrubieszow.pl\/index.php\/wp-json\/wp\/v2\/users\/4"}],"replies":[{"embeddable":true,"href":"https:\/\/sp1hrubieszow.pl\/index.php\/wp-json\/wp\/v2\/comments?post=22570"}],"version-history":[{"count":1,"href":"https:\/\/sp1hrubieszow.pl\/index.php\/wp-json\/wp\/v2\/pages\/22570\/revisions"}],"predecessor-version":[{"id":22571,"href":"https:\/\/sp1hrubieszow.pl\/index.php\/wp-json\/wp\/v2\/pages\/22570\/revisions\/22571"}],"up":[{"embeddable":true,"href":"https:\/\/sp1hrubieszow.pl\/index.php\/wp-json\/wp\/v2\/pages\/5983"}],"wp:attachment":[{"href":"https:\/\/sp1hrubieszow.pl\/index.php\/wp-json\/wp\/v2\/media?parent=22570"}],"curies":[{"name":"wp","href":"https:\/\/api.w.org\/{rel}","templated":true}]}}