{"id":22533,"date":"2023-11-09T19:54:48","date_gmt":"2023-11-09T18:54:48","guid":{"rendered":"https:\/\/sp1hrubieszow.pl\/?page_id=22533"},"modified":"2023-11-09T19:55:27","modified_gmt":"2023-11-09T18:55:27","slug":"zajecia-z-kodowania-w-klasie-3b","status":"publish","type":"page","link":"https:\/\/sp1hrubieszow.pl\/index.php\/kronika-2020-2021\/zajecia-z-kodowania-w-klasie-3b\/","title":{"rendered":"Zaj\u0119cia z kodowania w klasie 3b"},"content":{"rendered":"\n\n\n<p><span style=\"color: #000080;\">8 listopada 2023 roku klasa 3b uczestniczy\u0142a w zaj\u0119ciach z kodowania z wykorzystaniem ozobot\u00f3w. Warsztaty prowadzi\u0142y panie Joanna Raczy\u0144ska i Ma\u0142gorzata Dabska pracownice Biblioteki Pedagogicznej w Hrubieszowie, kt\u00f3re w ciekawy spos\u00f3b przypomnia\u0142y dzieciom histori\u0119 najwa\u017cniejszych symboli narodowych oraz \u015awi\u0119ta Niepodleg\u0142o\u015bci. <\/span><\/p>\n<p><span style=\"color: #000080;\">Dzi\u0119kujemy Paniom!&nbsp;<\/span><\/p>\nngg_shortcode_0_placeholder\n","protected":false},"excerpt":{"rendered":"<p>8 listopada 2023 roku klasa 3b uczestniczy\u0142a w zaj\u0119ciach z kodowania z wykorzystaniem ozobot\u00f3w. Warsztaty prowadzi\u0142y panie Joanna Raczy\u0144ska i Ma\u0142gorzata Dabska pracownice Biblioteki Pedagogicznej w Hrubieszowie, kt\u00f3re w ciekawy spos\u00f3b przypomnia\u0142y dzieciom histori\u0119 najwa\u017cniejszych symboli narodowych oraz \u015awi\u0119ta Niepodleg\u0142o\u015bci. Dzi\u0119kujemy Paniom!&nbsp;<\/p>\n","protected":false},"author":2,"featured_media":0,"parent":5983,"menu_order":0,"comment_status":"closed","ping_status":"closed","template":"","meta":{"ngg_post_thumbnail":0,"footnotes":""},"class_list":["post-22533","page","type-page","status-publish","hentry"],"_links":{"self":[{"href":"https:\/\/sp1hrubieszow.pl\/index.php\/wp-json\/wp\/v2\/pages\/22533","targetHints":{"allow":["GET"]}}],"collection":[{"href":"https:\/\/sp1hrubieszow.pl\/index.php\/wp-json\/wp\/v2\/pages"}],"about":[{"href":"https:\/\/sp1hrubieszow.pl\/index.php\/wp-json\/wp\/v2\/types\/page"}],"author":[{"embeddable":true,"href":"https:\/\/sp1hrubieszow.pl\/index.php\/wp-json\/wp\/v2\/users\/2"}],"replies":[{"embeddable":true,"href":"https:\/\/sp1hrubieszow.pl\/index.php\/wp-json\/wp\/v2\/comments?post=22533"}],"version-history":[{"count":1,"href":"https:\/\/sp1hrubieszow.pl\/index.php\/wp-json\/wp\/v2\/pages\/22533\/revisions"}],"predecessor-version":[{"id":22534,"href":"https:\/\/sp1hrubieszow.pl\/index.php\/wp-json\/wp\/v2\/pages\/22533\/revisions\/22534"}],"up":[{"embeddable":true,"href":"https:\/\/sp1hrubieszow.pl\/index.php\/wp-json\/wp\/v2\/pages\/5983"}],"wp:attachment":[{"href":"https:\/\/sp1hrubieszow.pl\/index.php\/wp-json\/wp\/v2\/media?parent=22533"}],"curies":[{"name":"wp","href":"https:\/\/api.w.org\/{rel}","templated":true}]}}