{"id":22519,"date":"2023-11-09T13:49:13","date_gmt":"2023-11-09T12:49:13","guid":{"rendered":"https:\/\/sp1hrubieszow.pl\/?page_id=22519"},"modified":"2023-11-09T13:50:44","modified_gmt":"2023-11-09T12:50:44","slug":"mistrzostwa-polski-modeli-szybowcow-halowych-klasy-f1n-2","status":"publish","type":"page","link":"https:\/\/sp1hrubieszow.pl\/index.php\/kronika-2020-2021\/mistrzostwa-polski-modeli-szybowcow-halowych-klasy-f1n-2\/","title":{"rendered":"Mistrzostwa Polski Modeli Szybowc\u00f3w Halowych klasy F1N"},"content":{"rendered":"\n<div dir=\"auto\"><span style=\"color: #000080;\">W dniu 04.11.2023r. zawodnicy Sekcji Modelarstwa Lotniczego Uczniowskiego Klubu Sportowego \u201eJedynka\u201d w Hrubieszowie uczestniczyli w Mistrzostwach Polski Modeli Szybowc\u00f3w Halowych klasy F1N, kt\u00f3re odbywa\u0142y si\u0119 w miejscowo\u015bci Bieru\u0144. Organizatorem zawod\u00f3w by\u0142o Gliwickie Stowarzyszenie Modelarzy Lotniczych. \u015awietnie spisali si\u0119 nasi najm\u0142odsi modelarze, kt\u00f3rzy stan\u0119li na najni\u017cszym stopniu podium. W kategorii wiekowej m\u0142odzik modelarze: Micha\u0142 Dziedzic, Aleksander Z\u0105bek oraz Jakub Cierech wywalczyli tytu\u0142 Dru\u017cynowego II Wicemistrza Polski Modeli Szybowc\u00f3w Halowych klasy F1N. Pierwsze miejsce i tytu\u0142 Dru\u017cynowy Mistrz Polski wywalczy\u0142a ekipa z modelarni \u201eWa\u017cka\u201d Wieliszew, a na drugim miejscu uplasowali si\u0119 zawodnicy z Aeroklubu Warszawskiego. Gratulujemy organizatorom jak i wszystkim zawodnikom wspania\u0142ej atmosfery, jaka towarzyszy\u0142a wszystkim na zawodach rangi Mistrzostw Polski.<\/span><\/div>\n<div dir=\"auto\"><span style=\"color: #000080;\">Udzia\u0142 w zawodach mo\u017cliwy by\u0142 dzi\u0119ki przychylno\u015bci i wsparciu Burmistrza Miasta Hrubieszowa Pani Marty Majewskiej oraz Banku Sp\u00f3\u0142dzielczego w Izbicy.<\/span><\/div>\n<div dir=\"auto\">\nngg_shortcode_0_placeholder\n<\/div>\n","protected":false},"excerpt":{"rendered":"<p>W dniu 04.11.2023r. zawodnicy Sekcji Modelarstwa Lotniczego Uczniowskiego Klubu Sportowego \u201eJedynka\u201d w Hrubieszowie uczestniczyli w Mistrzostwach Polski Modeli Szybowc\u00f3w Halowych klasy F1N, kt\u00f3re odbywa\u0142y si\u0119 w miejscowo\u015bci Bieru\u0144. Organizatorem zawod\u00f3w by\u0142o Gliwickie Stowarzyszenie Modelarzy Lotniczych. \u015awietnie spisali si\u0119 nasi najm\u0142odsi modelarze, kt\u00f3rzy stan\u0119li na najni\u017cszym stopniu podium. W kategorii wiekowej m\u0142odzik modelarze: Micha\u0142 Dziedzic, Aleksander [&hellip;]<\/p>\n","protected":false},"author":2,"featured_media":0,"parent":5983,"menu_order":0,"comment_status":"closed","ping_status":"closed","template":"","meta":{"ngg_post_thumbnail":0,"footnotes":""},"class_list":["post-22519","page","type-page","status-publish","hentry"],"_links":{"self":[{"href":"https:\/\/sp1hrubieszow.pl\/index.php\/wp-json\/wp\/v2\/pages\/22519","targetHints":{"allow":["GET"]}}],"collection":[{"href":"https:\/\/sp1hrubieszow.pl\/index.php\/wp-json\/wp\/v2\/pages"}],"about":[{"href":"https:\/\/sp1hrubieszow.pl\/index.php\/wp-json\/wp\/v2\/types\/page"}],"author":[{"embeddable":true,"href":"https:\/\/sp1hrubieszow.pl\/index.php\/wp-json\/wp\/v2\/users\/2"}],"replies":[{"embeddable":true,"href":"https:\/\/sp1hrubieszow.pl\/index.php\/wp-json\/wp\/v2\/comments?post=22519"}],"version-history":[{"count":1,"href":"https:\/\/sp1hrubieszow.pl\/index.php\/wp-json\/wp\/v2\/pages\/22519\/revisions"}],"predecessor-version":[{"id":22520,"href":"https:\/\/sp1hrubieszow.pl\/index.php\/wp-json\/wp\/v2\/pages\/22519\/revisions\/22520"}],"up":[{"embeddable":true,"href":"https:\/\/sp1hrubieszow.pl\/index.php\/wp-json\/wp\/v2\/pages\/5983"}],"wp:attachment":[{"href":"https:\/\/sp1hrubieszow.pl\/index.php\/wp-json\/wp\/v2\/media?parent=22519"}],"curies":[{"name":"wp","href":"https:\/\/api.w.org\/{rel}","templated":true}]}}