{"id":22464,"date":"2023-11-07T14:34:35","date_gmt":"2023-11-07T13:34:35","guid":{"rendered":"https:\/\/sp1hrubieszow.pl\/?page_id=22464"},"modified":"2023-11-08T16:38:47","modified_gmt":"2023-11-08T15:38:47","slug":"instalogik-2","status":"publish","type":"page","link":"https:\/\/sp1hrubieszow.pl\/index.php\/kronika-2020-2021\/instalogik-2\/","title":{"rendered":"InstaLogik"},"content":{"rendered":"\n<div class=\"x11i5rnm xat24cr x1mh8g0r x1vvkbs xtlvy1s x126k92a\">\n<div dir=\"auto\"><span style=\"color: #000080;\">Zako\u0144czy\u0142a si\u0119 klasyfikacja I etapu. Cieszymy si\u0119, \u017ce kolejny raz uczniowie naszej szko\u0142y b\u0119d\u0105 mieli mo\u017cliwo\u015b\u0107 zmierzy\u0107 si\u0119 z zadaniami na II i miejmy nadziej\u0119 III etapie <span class=\"x3nfvp2 x1j61x8r x1fcty0u xdj266r xhhsvwb xat24cr xgzva0m xxymvpz xlup9mm x1kky2od\"><img loading=\"lazy\" decoding=\"async\" class=\"xz74otr\" src=\"https:\/\/static.xx.fbcdn.net\/images\/emoji.php\/v9\/t7f\/1\/16\/1f60a.png\" alt=\"?\" width=\"16\" height=\"16\"><\/span><\/span><\/div>\n<div dir=\"auto\"><span style=\"color: #000080;\">1. KAROLINA BANACH KLASA 4A<\/span><\/div>\n<div dir=\"auto\"><span style=\"color: #000080;\">2. SZYMON PAW\u0141OWSKI KLASA 5A<\/span><\/div>\n<div dir=\"auto\"><span style=\"color: #000080;\">3. RADOS\u0141AW BORZ\u0118CKI KLASA 5C<\/span><\/div>\n<div dir=\"auto\"><span style=\"color: #000080;\">4. LENA NI\u0179NIKOWSKA KLASA 5C<\/span><\/div>\n<div dir=\"auto\"><span style=\"color: #000080;\">5. MICHA\u0141 ZAJ\u0104C KLASA 6A<\/span><\/div>\n<div dir=\"auto\"><span style=\"color: #000080;\">6. KAROLINA DANILCZUK KLASA 6 A<\/span><\/div>\n<div dir=\"auto\"><span style=\"color: #000080;\">7. MAJA KLIMKOWSKA KLASA 6A<\/span><\/div>\n<div dir=\"auto\"><span style=\"color: #000080;\">8. ALEKSANDRA PA\u0141YS KLASA 6A<\/span><\/div>\n<div dir=\"auto\">\n<div dir=\"auto\"><span style=\"color: #000080;\">9. DAWID KORNASZEWSKI KLASA 4B<\/span><\/div>\n<div dir=\"auto\"><span style=\"color: #000080;\">10. JAKUB WI\u0179NICA KLASA 4B<\/span><\/div>\n<div dir=\"auto\"><span style=\"color: #000080;\">11. ERYK BOBAK KLASA 7C<\/span><\/div>\n<div dir=\"auto\"><span style=\"color: #000080;\">12. DAWID KA\u0143SKI KLASA 7C<\/span><\/div>\n<\/div>\n<\/div>\n<div class=\"x11i5rnm xat24cr x1mh8g0r x1vvkbs xtlvy1s x126k92a\">\n<div dir=\"auto\"><span style=\"color: #000080;\">Gratulujemy!!!<\/span><span class=\"x3nfvp2 x1j61x8r x1fcty0u xdj266r xhhsvwb xat24cr xgzva0m xxymvpz xlup9mm x1kky2od\"><img loading=\"lazy\" decoding=\"async\" class=\"xz74otr\" src=\"https:\/\/static.xx.fbcdn.net\/images\/emoji.php\/v9\/tfe\/1\/16\/1f44f.png\" alt=\"?\" width=\"16\" height=\"16\"><\/span><span class=\"x3nfvp2 x1j61x8r x1fcty0u xdj266r xhhsvwb xat24cr xgzva0m xxymvpz xlup9mm x1kky2od\"><img loading=\"lazy\" decoding=\"async\" class=\"xz74otr\" src=\"https:\/\/static.xx.fbcdn.net\/images\/emoji.php\/v9\/tfe\/1\/16\/1f44f.png\" alt=\"?\" width=\"16\" height=\"16\"><\/span><span class=\"x3nfvp2 x1j61x8r x1fcty0u xdj266r xhhsvwb xat24cr xgzva0m xxymvpz xlup9mm x1kky2od\"><img loading=\"lazy\" decoding=\"async\" class=\"xz74otr\" src=\"https:\/\/static.xx.fbcdn.net\/images\/emoji.php\/v9\/tfe\/1\/16\/1f44f.png\" alt=\"?\" width=\"16\" height=\"16\">&nbsp;<\/span><\/div>\n<\/div>\n","protected":false},"excerpt":{"rendered":"<p>Zako\u0144czy\u0142a si\u0119 klasyfikacja I etapu. Cieszymy si\u0119, \u017ce kolejny raz uczniowie naszej szko\u0142y b\u0119d\u0105 mieli mo\u017cliwo\u015b\u0107 zmierzy\u0107 si\u0119 z zadaniami na II i miejmy nadziej\u0119 III etapie 1. KAROLINA BANACH KLASA 4A 2. SZYMON PAW\u0141OWSKI KLASA 5A 3. RADOS\u0141AW BORZ\u0118CKI KLASA 5C 4. LENA NI\u0179NIKOWSKA KLASA 5C 5. MICHA\u0141 ZAJ\u0104C KLASA 6A 6. KAROLINA DANILCZUK [&hellip;]<\/p>\n","protected":false},"author":2,"featured_media":0,"parent":5983,"menu_order":0,"comment_status":"closed","ping_status":"closed","template":"","meta":{"ngg_post_thumbnail":0,"footnotes":""},"class_list":["post-22464","page","type-page","status-publish","hentry"],"_links":{"self":[{"href":"https:\/\/sp1hrubieszow.pl\/index.php\/wp-json\/wp\/v2\/pages\/22464","targetHints":{"allow":["GET"]}}],"collection":[{"href":"https:\/\/sp1hrubieszow.pl\/index.php\/wp-json\/wp\/v2\/pages"}],"about":[{"href":"https:\/\/sp1hrubieszow.pl\/index.php\/wp-json\/wp\/v2\/types\/page"}],"author":[{"embeddable":true,"href":"https:\/\/sp1hrubieszow.pl\/index.php\/wp-json\/wp\/v2\/users\/2"}],"replies":[{"embeddable":true,"href":"https:\/\/sp1hrubieszow.pl\/index.php\/wp-json\/wp\/v2\/comments?post=22464"}],"version-history":[{"count":2,"href":"https:\/\/sp1hrubieszow.pl\/index.php\/wp-json\/wp\/v2\/pages\/22464\/revisions"}],"predecessor-version":[{"id":22504,"href":"https:\/\/sp1hrubieszow.pl\/index.php\/wp-json\/wp\/v2\/pages\/22464\/revisions\/22504"}],"up":[{"embeddable":true,"href":"https:\/\/sp1hrubieszow.pl\/index.php\/wp-json\/wp\/v2\/pages\/5983"}],"wp:attachment":[{"href":"https:\/\/sp1hrubieszow.pl\/index.php\/wp-json\/wp\/v2\/media?parent=22464"}],"curies":[{"name":"wp","href":"https:\/\/api.w.org\/{rel}","templated":true}]}}