{"id":22459,"date":"2023-11-06T22:24:16","date_gmt":"2023-11-06T21:24:16","guid":{"rendered":"https:\/\/sp1hrubieszow.pl\/?page_id=22459"},"modified":"2023-11-06T22:26:52","modified_gmt":"2023-11-06T21:26:52","slug":"zadanie-certyfikacyjne-na-miesiac-pazdziernik-temat-stres-i-uwaznosc-swiatowy-dzien-zdrowia-psychicznegozadanie-certyfikacyjne-na-miesiac-pazdziernik","status":"publish","type":"page","link":"https:\/\/sp1hrubieszow.pl\/index.php\/kronika-2020-2021\/zadanie-certyfikacyjne-na-miesiac-pazdziernik-temat-stres-i-uwaznosc-swiatowy-dzien-zdrowia-psychicznegozadanie-certyfikacyjne-na-miesiac-pazdziernik\/","title":{"rendered":"Zadanie certyfikacyjne na miesi\u0105c pa\u017adziernik. Temat: Stres i Uwa\u017cno\u015b\u0107 \/ \u015awiatowy Dzie\u0144 Zdrowia Psychicznego"},"content":{"rendered":"\n<div class=\"x11i5rnm xat24cr x1mh8g0r x1vvkbs xtlvy1s x126k92a\">\n<div dir=\"auto\"><span style=\"color: #000080;\">Dzi\u0119ki <a class=\"x1i10hfl xjbqb8w x6umtig x1b1mbwd xaqea5y xav7gou x9f619 x1ypdohk xt0psk2 xe8uvvx xdj266r x11i5rnm xat24cr x1mh8g0r xexx8yu x4uap5 x18d9i69 xkhd6sd x16tdsg8 x1hl2dhg xggy1nq x1a2a7pz xt0b8zv x1qq9wsj xo1l8bm\" style=\"color: #000080;\" tabindex=\"0\" role=\"link\" href=\"https:\/\/www.facebook.com\/instytutep?__cft__[0]=AZWC2FaSA-b3ugvvym2qJ9sgjb7qN7v81kDOrg78vyI7LmT9QZWpVDWuNFeTksrE2DG-H6nMvXidyDoox7UlBTnFZEgc8e25RzCtfyRMhXKe54PcSpYuQvcckga8AVLNLhTLeAr9bidqAjKjRSu6ba5l64U0-yXpRUW1jWHVU4PuEMTL6nbO-FnJE7LppEU3INI&amp;__tn__=-]K-R\"><span class=\"xt0psk2\">Instytut Edukacji Pozytywnej<\/span><\/a>, w miesi\u0105cu pa\u017adzierniku 2023r., uczniowie Szko\u0142y Podstawowej Nr 1 w Hrubieszowie, doskonalili umiej\u0119tno\u015b\u0107 radzenia sobie z codziennym stresem oraz rozwijali uwa\u017cno\u015b\u0107. Podczas wykonywania tego zadania, wykorzystywano materia\u0142y, przes\u0142ane przez organizatora programu oraz w\u0142asne, autorskie pomys\u0142y radzenia sobie z trudnymi, stresuj\u0105cymi sytuacjami w \u017cyciu codziennym. Uczniowie spacerowali w\u015br\u00f3d jesiennych drzew, wykonywali prace plastyczne, karty pracy, w tym &#8222;Maski stresu&#8221;, wykorzystywali muzyk\u0119 relaksacyjn\u0105, bajkoterapi\u0119, \u0107wiczenia oddechowe, \u0107wiczenia uwa\u017cno\u015bci oraz wizualizacj\u0119. Odby\u0142y si\u0119 zaj\u0119cia wychowawcze oraz warsztaty na temat &#8222;Techniki radzenia sobie ze stresem&#8221;. Podkre\u015blono rol\u0119 zdrowia psychicznego w \u017cyciu cz\u0142owieka, poprzez prezentacj\u0119 gazetek i infografik w Dniu Zdrowia Psychicznego. W wykonanie zadania certyfikacyjnego zaanga\u017cowa\u0142y si\u0119 nast\u0119puj\u0105ce klasy i zespo\u0142y:<\/span><\/div>\n<div dir=\"auto\"><span style=\"color: #000080;\">&#8211; Klasa 1a, wych. p. Katarzyna Sztuk<\/span><\/div>\n<div dir=\"auto\"><span style=\"color: #000080;\">-Klasa 2b-wych.p. Renata Pacza\u0142a<\/span><\/div>\n<div dir=\"auto\"><span style=\"color: #000080;\">-Klasa 3a-wych.p. Ma\u0142gorzata Serafin<\/span><\/div>\n<div dir=\"auto\"><span style=\"color: #000080;\">-Klasa 3b-wych. p. Monika Korneluk<\/span><\/div>\n<div dir=\"auto\"><span style=\"color: #000080;\">-Klasa 4a-wych.p. Monika Anigacz<\/span><\/div>\n<div dir=\"auto\"><span style=\"color: #000080;\">-Klasa 4b- wych. p. Ma\u0142gorzata Szumiata<\/span><\/div>\n<div dir=\"auto\"><span style=\"color: #000080;\">-Klasa 5a-wych.p. Monika Czulak<\/span><\/div>\n<div dir=\"auto\"><span style=\"color: #000080;\">-Klasa 6b- wych.p. Marta Lackowska<\/span><\/div>\n<div dir=\"auto\"><span style=\"color: #000080;\">-Klasa 7b-wych.p. Ewa Filipowicz-Sidorczuk<\/span><\/div>\n<div dir=\"auto\"><span style=\"color: #000080;\">-Klasa 7c-wych.p. Anna Lewandowska<\/span><\/div>\n<div dir=\"auto\"><span style=\"color: #000080;\">-Klasa 8a-wych.p. Ewa Szostak<\/span><\/div>\n<div dir=\"auto\"><span style=\"color: #000080;\">-Grupy terapeutyczne- p. Marta Kuczy\u0144ska<\/span><\/div>\n<\/div>\n<div class=\"x11i5rnm xat24cr x1mh8g0r x1vvkbs xtlvy1s x126k92a\">\n<div dir=\"auto\"><span style=\"color: #000080;\">Umiej\u0119tno\u015b\u0107 radzenia sobie ze stresem jest jedn\u0105 z najwa\u017cniejszych kompetencji, w jakie powinni\u015bmy wyposa\u017cy\u0107 dzieci i m\u0142odzie\u017c. Mamy nadziej\u0119, \u017ce zadanie certyfikacyjne na miesi\u0105c pa\u017adziernik, w jakie w\u0142\u0105czyli si\u0119 uczniowie, pomo\u017ce im okie\u0142zn\u0105\u0107 stres w codziennym \u017cyciu oraz dba\u0107 o swoj\u0105 kondycj\u0119 psychiczn\u0105.<\/span><\/div>\n<div dir=\"auto\"><span style=\"color: #000080;\">Koordynator SMP 2.0-Marta Kuczy\u0144ska<\/span><\/div>\n<div dir=\"auto\">\nngg_shortcode_0_placeholder\n<\/div>\n<\/div>\n","protected":false},"excerpt":{"rendered":"<p>Dzi\u0119ki Instytut Edukacji Pozytywnej, w miesi\u0105cu pa\u017adzierniku 2023r., uczniowie Szko\u0142y Podstawowej Nr 1 w Hrubieszowie, doskonalili umiej\u0119tno\u015b\u0107 radzenia sobie z codziennym stresem oraz rozwijali uwa\u017cno\u015b\u0107. Podczas wykonywania tego zadania, wykorzystywano materia\u0142y, przes\u0142ane przez organizatora programu oraz w\u0142asne, autorskie pomys\u0142y radzenia sobie z trudnymi, stresuj\u0105cymi sytuacjami w \u017cyciu codziennym. Uczniowie spacerowali w\u015br\u00f3d jesiennych drzew, wykonywali prace [&hellip;]<\/p>\n","protected":false},"author":2,"featured_media":0,"parent":5983,"menu_order":0,"comment_status":"closed","ping_status":"closed","template":"","meta":{"ngg_post_thumbnail":0,"footnotes":""},"class_list":["post-22459","page","type-page","status-publish","hentry"],"_links":{"self":[{"href":"https:\/\/sp1hrubieszow.pl\/index.php\/wp-json\/wp\/v2\/pages\/22459","targetHints":{"allow":["GET"]}}],"collection":[{"href":"https:\/\/sp1hrubieszow.pl\/index.php\/wp-json\/wp\/v2\/pages"}],"about":[{"href":"https:\/\/sp1hrubieszow.pl\/index.php\/wp-json\/wp\/v2\/types\/page"}],"author":[{"embeddable":true,"href":"https:\/\/sp1hrubieszow.pl\/index.php\/wp-json\/wp\/v2\/users\/2"}],"replies":[{"embeddable":true,"href":"https:\/\/sp1hrubieszow.pl\/index.php\/wp-json\/wp\/v2\/comments?post=22459"}],"version-history":[{"count":2,"href":"https:\/\/sp1hrubieszow.pl\/index.php\/wp-json\/wp\/v2\/pages\/22459\/revisions"}],"predecessor-version":[{"id":22463,"href":"https:\/\/sp1hrubieszow.pl\/index.php\/wp-json\/wp\/v2\/pages\/22459\/revisions\/22463"}],"up":[{"embeddable":true,"href":"https:\/\/sp1hrubieszow.pl\/index.php\/wp-json\/wp\/v2\/pages\/5983"}],"wp:attachment":[{"href":"https:\/\/sp1hrubieszow.pl\/index.php\/wp-json\/wp\/v2\/media?parent=22459"}],"curies":[{"name":"wp","href":"https:\/\/api.w.org\/{rel}","templated":true}]}}