{"id":2243,"date":"2019-10-18T11:00:58","date_gmt":"2019-10-18T09:00:58","guid":{"rendered":"http:\/\/sp1.hrubieszow.info\/?page_id=2243"},"modified":"2019-10-18T11:00:58","modified_gmt":"2019-10-18T09:00:58","slug":"europejski-tydzien-swiadomosci-dysleksji-2019","status":"publish","type":"page","link":"https:\/\/sp1hrubieszow.pl\/index.php\/nauczyciele\/pedagog\/pedagog-2019\/europejski-tydzien-swiadomosci-dysleksji-2019\/","title":{"rendered":"Europejski Tydzie\u0144 \u015awiadomo\u015bci Dysleksji '2019"},"content":{"rendered":"\n<p style=\"text-align: justify;\"><span style=\"color: #000080;\">W dniach 07-11.10.2019r. w Szkole Podstawowej Nr 1 w Hrubieszowie zorganizowano obchody \u201eEuropejskiego Tygodnia \u015awiadomo\u015bci Dysleksji\u201d, kt\u00f3re przebiega\u0142y pod has\u0142em: <strong>\u201eNauczyciel<\/strong> <strong>bli\u017cej dziecka z dysleksj\u0105\u201d<\/strong>. W szkole zawis\u0142y plakaty ortograficzne i gazetki okoliczno\u015bciowe, dzi\u0119ki kt\u00f3rym mo\u017cna by\u0142o utrwali\u0107 zasady pisowni wyraz\u00f3w z trudno\u015bci\u0105 ortograficzn\u0105 <\/span><br><span style=\"color: #000080;\">i dowiedzie\u0107 si\u0119 czego\u015b wi\u0119cej o zjawisku dysleksji.<\/span><\/p>\n<p style=\"text-align: justify;\"><span style=\"color: #000080;\">Odby\u0142y si\u0119 tak\u017ce: akcje czytelnicze \u201eDzieci czytaj\u0105 dzieciom\u201d, konkursy dla uczni\u00f3w \u201eRysowana Ortografia\u201d pt. \u201eM\u00f3j ulubiony bohater ba\u015bniowy\u201d, \u201eTrudne s\u0142owo na weso\u0142o\u201d, \u201eM\u00f3j s\u0142owniczek ortograficzny\u201d a tak\u017ce konkurs ortograficzny \u201eDyktando na weso\u0142o\u201d.<\/span><\/p>\n<p style=\"text-align: justify;\"><span style=\"color: #000080;\">Zorganizowano wystaw\u0119 nowo\u015bci ksi\u0105\u017ckowych \u201eLekturynki polecaj\u0105 kolegom\u201d, gry i zabawy czytelniczo-ortograficzne dla uczni\u00f3w klas II-III oraz cz\u0142onk\u00f3w \u201eKlubu Ortograffiti\u201d, konsultacje dla rodzic\u00f3w oraz szkolenie dla nauczycieli pt. \u201eNauczyciel bli\u017cej dziecka z dysleksj\u0105\u201d.<\/span><\/p>\n<p style=\"text-align: justify;\">&nbsp;<\/p>\n<p style=\"text-align: justify;\"><span style=\"color: #000080;\">Nagrody w poszczeg\u00f3lnych konkursach zdobyli nast\u0119puj\u0105cy uczniowie:<\/span><\/p>\n<p style=\"text-align: justify;\"><span style=\"color: #000080;\"><strong>\u201eM\u00f3j ulubiony bohater ba\u015bniowy\u201d klasy I-III<\/strong><\/span><\/p>\n<p style=\"text-align: justify;\"><span style=\"color: #000080;\">I miejsce: Agata Szyma\u0144ska, kl III b<\/span><\/p>\n<p style=\"text-align: justify;\"><span style=\"color: #000080;\">II miejsca: Mi\u0142osz Brudnowski, kl. IIa, Lena Antoniuk, kl. II b<\/span><\/p>\n<p style=\"text-align: justify;\"><span style=\"color: #000080;\">III miejsca: Gabriela Makara, kl. Ib, Hanna Sidorczuk, kl. Ia, Larysa Zimon, kl. Ic<\/span><\/p>\n<p style=\"text-align: justify;\">&nbsp;<\/p>\n<p style=\"text-align: justify;\"><span style=\"color: #000080;\"><u>Wyr\u00f3\u017cnienia<\/u>: Diana S\u0142upska IIIb, Julia Kiszel IIb, Anna Metyk IIc, Wiktoria Ha\u0142asa Ia, Adam Szczur Ib,Karolina Danilczuk, IIa, Ewa Kudyk, IIIc, Nikola Pietryna IIIb, Miko\u0142aj Zaj\u0105c Ic, Rados\u0142aw Borz\u0119cki Ic, Konrad Naja Ic, Remigiusz Dziadosz Ia, Tomasz Rerak Ic, Kacper \u017bur, IIa, Eva Jankowska Ib, Paula Wilczy\u0144ska IIa, Zuzanna Kudelska Ia, Pawe\u0142 Kryszczuk Ic, Amelia Pasieka IIb, Aleksandra Paczos Ia.<\/span><\/p>\n<p style=\"text-align: justify;\">&nbsp;<\/p>\n<p style=\"text-align: justify;\"><span style=\"color: #000080;\"><strong>\u201eTrudne s\u0142owo na weso\u0142o\u201d, \u201eM\u00f3j s\u0142owniczek ortograficzny\u201d klasy IV-VIII<\/strong><\/span><\/p>\n<p style=\"text-align: justify;\"><span style=\"color: #000080;\">I miejsca: Oliwia M\u0105czka kl.Vd, Wiktoria Najfeld kl.VId, Aleksandra Szymko kl.VIIb<\/span><\/p>\n<p style=\"text-align: justify;\"><span style=\"color: #000080;\">II miejsce: Micha\u0142 Macha\u0142owski, kl. VIIb<\/span><\/p>\n<p style=\"text-align: justify;\"><span style=\"color: #000080;\">III miejsca: Aleksandra Siek, kl. Vd, Alicja Lipska, kl. VIa, Nicolla Jaworska, kl. VId<\/span><\/p>\n<p style=\"text-align: justify;\">&nbsp;<\/p>\n<p style=\"text-align: justify;\"><span style=\"color: #000080;\">Wyr\u00f3\u017cnienia: Antonina Suchecka VIIb, Stefania Suchecka Vc, Gabriela Tarnowska Va, Hanna Gidzi\u0144ska VIb, Julia Nowosad VIIc, Maciej Borz\u0119cki Va, Oliwia Koty\u0142o VIa, Nina Ochyra Vc, Karol Kowalski VIc, Blanka Hrycuniak VIb, Kamila Tokarczuk VIa, Monika Symczuk VIc, Kornelia Kruk VIIc, Wojciech Belina VIa, Julia Turkiewicz VIc, Bartosz Pasieka Vd, Patrycja \u015al\u0105zak Vd, Adam Sikorski VIc<\/span><\/p>\n<p style=\"text-align: justify;\">&nbsp;<\/p>\n<p style=\"text-align: justify;\"><span style=\"color: #000080;\"><strong>\u201eDyktando na weso\u0142o\u201d klasy VII<\/strong><\/span><\/p>\n<p style=\"text-align: justify;\"><span style=\"color: #000080;\">I miejsce-\u0141ukasz W\u00f3jcik, kl. VII b<\/span><\/p>\n<p style=\"text-align: justify;\"><span style=\"color: #000080;\">II miejsce-Julia Nowosad, kl. VIIc<\/span><\/p>\n<p style=\"text-align: justify;\"><span style=\"color: #000080;\">III miejsce: Zuzanna Greszeta, kl. VIIc<\/span><\/p>\n<p style=\"text-align: justify;\">&nbsp;<\/p>\n<p style=\"text-align: justify;\"><span style=\"color: #000080;\"><strong>\u201eDyktando na weso\u0142o\u201d klasy VIII<\/strong><\/span><\/p>\n<p style=\"text-align: justify;\"><span style=\"color: #000080;\">I miejsce-Emilia Stasiuk, kl. VIIIb<\/span><\/p>\n<p style=\"text-align: justify;\"><span style=\"color: #000080;\">II miejsce: Oliwia Ju\u017awiak, kl. VIIIa<\/span><\/p>\n<p style=\"text-align: justify;\"><span style=\"color: #000080;\">III miejsce: Lidia Wojtiuk, kl. VIIIc<\/span><\/p>\n<p style=\"text-align: justify;\">&nbsp;<\/p>\n<p style=\"text-align: justify;\"><span style=\"color: #000080;\">Nagrodami&nbsp; w konkursach by\u0142y s\u0142owniczki ortograficzne oraz gad\u017cety \u201eKlubu Ortograffiti\u201d.<\/span><\/p>\n<p style=\"text-align: justify;\"><span style=\"color: #000080;\">Dzia\u0142ania w ramach \u201eEuropejskiego Tygodnia \u015awiadomo\u015bci Dysleksji\u201d zorganizowa\u0142y panie:<\/span><\/p>\n<p style=\"text-align: justify;\"><span style=\"color: #000080;\">Marta Kuczy\u0144ska, pedagog-terapeuta, opiekun \u201eKlubu Ortograffiti\u201d, Ma\u0142gorzata Serafin i Ma\u0142gorzata Sidorska, nauczycielki edukacji wczesnoszkolnej, opiekunki DDKK \u201eLekturynki\u201d oraz Marta Lackowska, nauczycielka j\u0119zyka polskiego, opiekun \u201eKlubu Ortograffiti\u201d.<\/span><\/p>\nngg_shortcode_0_placeholder\n","protected":false},"excerpt":{"rendered":"<p>W dniach 07-11.10.2019r. w Szkole Podstawowej Nr 1 w Hrubieszowie zorganizowano obchody \u201eEuropejskiego Tygodnia \u015awiadomo\u015bci Dysleksji\u201d, kt\u00f3re przebiega\u0142y pod has\u0142em: \u201eNauczyciel bli\u017cej dziecka z dysleksj\u0105\u201d. W szkole zawis\u0142y plakaty ortograficzne i gazetki okoliczno\u015bciowe, dzi\u0119ki kt\u00f3rym mo\u017cna by\u0142o utrwali\u0107 zasady pisowni wyraz\u00f3w z trudno\u015bci\u0105 ortograficzn\u0105 i dowiedzie\u0107 si\u0119 czego\u015b wi\u0119cej o zjawisku dysleksji. Odby\u0142y si\u0119 tak\u017ce: [&hellip;]<\/p>\n","protected":false},"author":1,"featured_media":0,"parent":75,"menu_order":14,"comment_status":"closed","ping_status":"closed","template":"","meta":{"ngg_post_thumbnail":0,"footnotes":""},"class_list":["post-2243","page","type-page","status-publish","hentry"],"_links":{"self":[{"href":"https:\/\/sp1hrubieszow.pl\/index.php\/wp-json\/wp\/v2\/pages\/2243","targetHints":{"allow":["GET"]}}],"collection":[{"href":"https:\/\/sp1hrubieszow.pl\/index.php\/wp-json\/wp\/v2\/pages"}],"about":[{"href":"https:\/\/sp1hrubieszow.pl\/index.php\/wp-json\/wp\/v2\/types\/page"}],"author":[{"embeddable":true,"href":"https:\/\/sp1hrubieszow.pl\/index.php\/wp-json\/wp\/v2\/users\/1"}],"replies":[{"embeddable":true,"href":"https:\/\/sp1hrubieszow.pl\/index.php\/wp-json\/wp\/v2\/comments?post=2243"}],"version-history":[{"count":1,"href":"https:\/\/sp1hrubieszow.pl\/index.php\/wp-json\/wp\/v2\/pages\/2243\/revisions"}],"predecessor-version":[{"id":2295,"href":"https:\/\/sp1hrubieszow.pl\/index.php\/wp-json\/wp\/v2\/pages\/2243\/revisions\/2295"}],"up":[{"embeddable":true,"href":"https:\/\/sp1hrubieszow.pl\/index.php\/wp-json\/wp\/v2\/pages\/75"}],"wp:attachment":[{"href":"https:\/\/sp1hrubieszow.pl\/index.php\/wp-json\/wp\/v2\/media?parent=2243"}],"curies":[{"name":"wp","href":"https:\/\/api.w.org\/{rel}","templated":true}]}}