{"id":22399,"date":"2023-11-06T22:05:45","date_gmt":"2023-11-06T21:05:45","guid":{"rendered":"https:\/\/sp1hrubieszow.pl\/?page_id=22399"},"modified":"2023-11-06T22:05:59","modified_gmt":"2023-11-06T21:05:59","slug":"jedziemy-do-hiszpanii","status":"publish","type":"page","link":"https:\/\/sp1hrubieszow.pl\/index.php\/kronika-2020-2021\/jedziemy-do-hiszpanii\/","title":{"rendered":"Jedziemy do Hiszpanii!"},"content":{"rendered":"\n<p><span style=\"color: #000080;\">Z wielk\u0105 rado\u015bci\u0105 i nadziej\u0105 og\u0142aszamy, \u017ce nasza szko\u0142a przez najbli\u017cszy rok b\u0119dzie realizowa\u0107 r\u00f3wnocze\u015bnie &nbsp;dwa projekty:<\/span><\/p>\n<p><strong><span style=\"color: #000080;\">Program Erasmus +<\/span><\/strong><\/p>\n<p><span style=\"color: #000080;\">Projekt <strong>\u201eHola Espa\u00f1a! Rozwijanie kompetencji uczni\u00f3w Szko\u0142y Podstawowej im. B. Prusa w Hrubieszowie\u201d nr projektu 2023-1-PL01-KA122-SCH-000119355; <\/strong>czas trwania projektu 02.10.2023 &#8211; 01.10.2024. Projekt wsp\u00f3\u0142finansowany przez Uni\u0119 Europejsk\u0105. Ca\u0142kowita warto\u015b\u0107 projektu 67 757,00 euro.<\/span><\/p>\n<p><img loading=\"lazy\" decoding=\"async\" class=\"alignnone size-medium wp-image-22397 aligncenter\" src=\"http:\/\/sp1hrubieszow.pl\/wp-content\/uploads\/2023\/11\/erasmus-300x50.png\" alt=\"\" width=\"300\" height=\"50\" srcset=\"https:\/\/sp1hrubieszow.pl\/wp-content\/uploads\/2023\/11\/erasmus-300x50.png 300w, https:\/\/sp1hrubieszow.pl\/wp-content\/uploads\/2023\/11\/erasmus.png 543w\" sizes=\"auto, (max-width: 300px) 100vw, 300px\" \/><\/p>\n<p><span style=\"color: #000080;\"><strong>Program Fundusze Europejskie dla Rozwoju Spo\u0142ecznego 2021-2027 realizowanego na zasadach Programu Erasmus+ w ramach projektu \u201eZagraniczna mobilno\u015b\u0107 edukacyjna uczni\u00f3w i kadry edukacji szkolnej\u201d<\/strong><\/span><\/p>\n<p><span style=\"color: #000080;\"><strong>Projekt &#8222;Hola Espa\u00f1a! Rozwijanie kompetencji uczni\u00f3w Szko\u0142y Podstawowej im. B. Prusa\u201d nr projektu 2022-2-PL01-KA122-SCH-000096582; <\/strong>Okres realizacji projektu: 02.10.2023 &#8211; 01.10.2024. Projekt wsp\u00f3\u0142finansowany przez Uni\u0119 Europejsk\u0105. Ca\u0142kowita warto\u015b\u0107 projektu 210 441,51 PLN.<\/span><\/p>\n<p><img loading=\"lazy\" decoding=\"async\" class=\"alignnone  wp-image-22398 aligncenter\" src=\"http:\/\/sp1hrubieszow.pl\/wp-content\/uploads\/2023\/11\/fundusze-europejskie-300x41.png\" alt=\"\" width=\"931\" height=\"127\" srcset=\"https:\/\/sp1hrubieszow.pl\/wp-content\/uploads\/2023\/11\/fundusze-europejskie-300x41.png 300w, https:\/\/sp1hrubieszow.pl\/wp-content\/uploads\/2023\/11\/fundusze-europejskie-768x106.png 768w, https:\/\/sp1hrubieszow.pl\/wp-content\/uploads\/2023\/11\/fundusze-europejskie-624x86.png 624w, https:\/\/sp1hrubieszow.pl\/wp-content\/uploads\/2023\/11\/fundusze-europejskie.png 943w\" sizes=\"auto, (max-width: 931px) 100vw, 931px\" \/><\/p>\n<p>&nbsp;<\/p>\n\n\n\n<p><span style=\"color: #000080;\">Mobilno\u015bci organizowane podczas projekt\u00f3w b\u0119d\u0105 odbywa\u0107 si\u0119 w Hiszpanii.<\/span><\/p>\n<p><span style=\"color: #000080;\">Ju\u017c wkr\u00f3tce wszystkie szczeg\u00f3\u0142owe informacje oraz dokumenty rekrutacyjne zostan\u0105 zamieszczone na stronie naszej szko\u0142y w zak\u0142adce PROJEKTY.<\/span><\/p>\n","protected":false},"excerpt":{"rendered":"<p>Z wielk\u0105 rado\u015bci\u0105 i nadziej\u0105 og\u0142aszamy, \u017ce nasza szko\u0142a przez najbli\u017cszy rok b\u0119dzie realizowa\u0107 r\u00f3wnocze\u015bnie &nbsp;dwa projekty: Program Erasmus + Projekt \u201eHola Espa\u00f1a! Rozwijanie kompetencji uczni\u00f3w Szko\u0142y Podstawowej im. B. Prusa w Hrubieszowie\u201d nr projektu 2023-1-PL01-KA122-SCH-000119355; czas trwania projektu 02.10.2023 &#8211; 01.10.2024. Projekt wsp\u00f3\u0142finansowany przez Uni\u0119 Europejsk\u0105. Ca\u0142kowita warto\u015b\u0107 projektu 67 757,00 euro. Program Fundusze [&hellip;]<\/p>\n","protected":false},"author":2,"featured_media":0,"parent":5983,"menu_order":0,"comment_status":"closed","ping_status":"closed","template":"","meta":{"ngg_post_thumbnail":0,"footnotes":""},"class_list":["post-22399","page","type-page","status-publish","hentry"],"_links":{"self":[{"href":"https:\/\/sp1hrubieszow.pl\/index.php\/wp-json\/wp\/v2\/pages\/22399","targetHints":{"allow":["GET"]}}],"collection":[{"href":"https:\/\/sp1hrubieszow.pl\/index.php\/wp-json\/wp\/v2\/pages"}],"about":[{"href":"https:\/\/sp1hrubieszow.pl\/index.php\/wp-json\/wp\/v2\/types\/page"}],"author":[{"embeddable":true,"href":"https:\/\/sp1hrubieszow.pl\/index.php\/wp-json\/wp\/v2\/users\/2"}],"replies":[{"embeddable":true,"href":"https:\/\/sp1hrubieszow.pl\/index.php\/wp-json\/wp\/v2\/comments?post=22399"}],"version-history":[{"count":1,"href":"https:\/\/sp1hrubieszow.pl\/index.php\/wp-json\/wp\/v2\/pages\/22399\/revisions"}],"predecessor-version":[{"id":22400,"href":"https:\/\/sp1hrubieszow.pl\/index.php\/wp-json\/wp\/v2\/pages\/22399\/revisions\/22400"}],"up":[{"embeddable":true,"href":"https:\/\/sp1hrubieszow.pl\/index.php\/wp-json\/wp\/v2\/pages\/5983"}],"wp:attachment":[{"href":"https:\/\/sp1hrubieszow.pl\/index.php\/wp-json\/wp\/v2\/media?parent=22399"}],"curies":[{"name":"wp","href":"https:\/\/api.w.org\/{rel}","templated":true}]}}