{"id":22393,"date":"2023-10-31T19:08:45","date_gmt":"2023-10-31T18:08:45","guid":{"rendered":"https:\/\/sp1hrubieszow.pl\/?page_id=22393"},"modified":"2023-10-31T19:09:32","modified_gmt":"2023-10-31T18:09:32","slug":"bohateron-w-twojej-szkole-2023","status":"publish","type":"page","link":"https:\/\/sp1hrubieszow.pl\/index.php\/kronika-2020-2021\/bohateron-w-twojej-szkole-2023\/","title":{"rendered":"BOHATERON W TWOJEJ SZKOLE 2023"},"content":{"rendered":"\n\n\n<p><span style=\"color: #000080;\">W pa\u017adzierniku, ju\u017c po raz kolejny, uczniowie naszej szko\u0142y uczestniczyli w projekcie BohaterON.<\/span><\/p>\n<p><span style=\"color: #000080;\">BohaterOn to og\u00f3lnopolska kampania o tematyce historycznej maj\u0105ca na celu upami\u0119tnienie i uhonorowanie uczestnik\u00f3w Powstania Warszawskiego.<\/span><\/p>\n<p><span style=\"color: #000080;\">W ramach realizowanych zada\u0144 uczniowie klas VI-VII na lekcjach historii zdobywali wiedz\u0119 na temat Powstania Warszawskiego i jego Bohater\u00f3w. Poznali trudne warunki \u017cycia r\u00f3wie\u015bnik\u00f3w w czasach II wojny \u015bwiatowej, dowiedzieli si\u0119, jak straszna jest wojna, kt\u00f3ra zabiera poczucie bezpiecze\u0144stwa, marzenia i nadzieje, a jednocze\u015bnie, jak wsp\u00f3lny cel jednoczy\u0142, a ch\u0119\u0107 przeciwstawienia si\u0119 okupantowi by\u0142a na tyle silna, \u017ce potrafi\u0142a zmieni\u0107 rozpacz w wol\u0119 walki.<\/span><\/p>\n<p><span style=\"color: #000080;\">W\u0142\u0105czyli\u015bmy histori\u0119! Doceniamy! Dzi\u0119kujemy!<\/span><\/p>\nngg_shortcode_0_placeholder\n","protected":false},"excerpt":{"rendered":"<p>W pa\u017adzierniku, ju\u017c po raz kolejny, uczniowie naszej szko\u0142y uczestniczyli w projekcie BohaterON. BohaterOn to og\u00f3lnopolska kampania o tematyce historycznej maj\u0105ca na celu upami\u0119tnienie i uhonorowanie uczestnik\u00f3w Powstania Warszawskiego. W ramach realizowanych zada\u0144 uczniowie klas VI-VII na lekcjach historii zdobywali wiedz\u0119 na temat Powstania Warszawskiego i jego Bohater\u00f3w. Poznali trudne warunki \u017cycia r\u00f3wie\u015bnik\u00f3w w czasach [&hellip;]<\/p>\n","protected":false},"author":2,"featured_media":0,"parent":5983,"menu_order":0,"comment_status":"closed","ping_status":"closed","template":"","meta":{"ngg_post_thumbnail":0,"footnotes":""},"class_list":["post-22393","page","type-page","status-publish","hentry"],"_links":{"self":[{"href":"https:\/\/sp1hrubieszow.pl\/index.php\/wp-json\/wp\/v2\/pages\/22393","targetHints":{"allow":["GET"]}}],"collection":[{"href":"https:\/\/sp1hrubieszow.pl\/index.php\/wp-json\/wp\/v2\/pages"}],"about":[{"href":"https:\/\/sp1hrubieszow.pl\/index.php\/wp-json\/wp\/v2\/types\/page"}],"author":[{"embeddable":true,"href":"https:\/\/sp1hrubieszow.pl\/index.php\/wp-json\/wp\/v2\/users\/2"}],"replies":[{"embeddable":true,"href":"https:\/\/sp1hrubieszow.pl\/index.php\/wp-json\/wp\/v2\/comments?post=22393"}],"version-history":[{"count":1,"href":"https:\/\/sp1hrubieszow.pl\/index.php\/wp-json\/wp\/v2\/pages\/22393\/revisions"}],"predecessor-version":[{"id":22394,"href":"https:\/\/sp1hrubieszow.pl\/index.php\/wp-json\/wp\/v2\/pages\/22393\/revisions\/22394"}],"up":[{"embeddable":true,"href":"https:\/\/sp1hrubieszow.pl\/index.php\/wp-json\/wp\/v2\/pages\/5983"}],"wp:attachment":[{"href":"https:\/\/sp1hrubieszow.pl\/index.php\/wp-json\/wp\/v2\/media?parent=22393"}],"curies":[{"name":"wp","href":"https:\/\/api.w.org\/{rel}","templated":true}]}}