{"id":2238,"date":"2019-10-16T20:03:30","date_gmt":"2019-10-16T18:03:30","guid":{"rendered":"http:\/\/sp1.hrubieszow.info\/?page_id=2238"},"modified":"2019-10-19T19:06:54","modified_gmt":"2019-10-19T17:06:54","slug":"wyjatkowi-goscie","status":"publish","type":"page","link":"https:\/\/sp1hrubieszow.pl\/index.php\/kronika-2019-2020\/wyjatkowi-goscie\/","title":{"rendered":"WYJ\u0104TKOWI GO\u015aCIE"},"content":{"rendered":"\n<p><span style=\"font-family: Arial, sans-serif; color: #000080;\"><span style=\"font-size: medium;\">16 pa\u017adziernika w naszej szkole mieli\u015bmy wyj\u0105tkowych go\u015bci. Odwiedzili nas ch\u0142opcy wraz z opiekunami ze Stowarzyszenia \u201ePolska Nuta\u201d z Odessy. Wizyta odby\u0142a si\u0119 w zwi\u0105zku akcj\u0105 \u201e\u0141\u0105czy nas nie tylko pi\u0142ka\u201d zorganizowan\u0105 przez grup\u0119 ludzi \u2013 Rowerowe Dobro z ksi\u0119dzem Witkiem Bednarzem na czele. <\/span><\/span><\/p>\n<p><span style=\"font-family: Arial, sans-serif; color: #000080;\"><span style=\"font-size: medium;\"> Nasi go\u015bcie uczestniczyli w lekcji przygotowanej przez klas\u0119 7c wraz z wychowawc\u0105 Mart\u0105 Lackowsk\u0105. Nast\u0119pnie razem brali udzia\u0142 w spotkaniu z pani\u0105 Maryl\u0105 Symczuk \u2013 Starost\u0105 Powiatu Hrubieszowskiego i z Pani\u0105 Burmistrz \u2013 Marta Majewsk\u0105. Kolejnym punktem programu by\u0142o zwiedzenie Cerkwi <span lang=\"pl-PL\">Za\u015bni\u0119cia Naj\u015bwi\u0119tszej Maryi Panny. Po wizycie w cerkwi go\u015bcie mogli zje\u015b\u0107 obiad w naszej szkole. <\/span><\/span><\/span><\/p>\n<p><span style=\"font-family: Arial, sans-serif; color: #000080;\"><span style=\"font-size: medium;\"><span lang=\"pl-PL\"> Jeste\u015bmy bardzo zadowoleni z tak niecodziennego spotkania. To by\u0142 naprawd\u0119 pi\u0119kny dzie\u0144.<\/span><\/span><\/span><\/p>\nngg_shortcode_0_placeholder\n","protected":false},"excerpt":{"rendered":"<p>16 pa\u017adziernika w naszej szkole mieli\u015bmy wyj\u0105tkowych go\u015bci. Odwiedzili nas ch\u0142opcy wraz z opiekunami ze Stowarzyszenia \u201ePolska Nuta\u201d z Odessy. Wizyta odby\u0142a si\u0119 w zwi\u0105zku akcj\u0105 \u201e\u0141\u0105czy nas nie tylko pi\u0142ka\u201d zorganizowan\u0105 przez grup\u0119 ludzi \u2013 Rowerowe Dobro z ksi\u0119dzem Witkiem Bednarzem na czele. Nasi go\u015bcie uczestniczyli w lekcji przygotowanej przez klas\u0119 7c wraz z [&hellip;]<\/p>\n","protected":false},"author":2,"featured_media":0,"parent":2167,"menu_order":0,"comment_status":"closed","ping_status":"closed","template":"","meta":{"ngg_post_thumbnail":0,"footnotes":""},"class_list":["post-2238","page","type-page","status-publish","hentry"],"_links":{"self":[{"href":"https:\/\/sp1hrubieszow.pl\/index.php\/wp-json\/wp\/v2\/pages\/2238","targetHints":{"allow":["GET"]}}],"collection":[{"href":"https:\/\/sp1hrubieszow.pl\/index.php\/wp-json\/wp\/v2\/pages"}],"about":[{"href":"https:\/\/sp1hrubieszow.pl\/index.php\/wp-json\/wp\/v2\/types\/page"}],"author":[{"embeddable":true,"href":"https:\/\/sp1hrubieszow.pl\/index.php\/wp-json\/wp\/v2\/users\/2"}],"replies":[{"embeddable":true,"href":"https:\/\/sp1hrubieszow.pl\/index.php\/wp-json\/wp\/v2\/comments?post=2238"}],"version-history":[{"count":1,"href":"https:\/\/sp1hrubieszow.pl\/index.php\/wp-json\/wp\/v2\/pages\/2238\/revisions"}],"predecessor-version":[{"id":2239,"href":"https:\/\/sp1hrubieszow.pl\/index.php\/wp-json\/wp\/v2\/pages\/2238\/revisions\/2239"}],"up":[{"embeddable":true,"href":"https:\/\/sp1hrubieszow.pl\/index.php\/wp-json\/wp\/v2\/pages\/2167"}],"wp:attachment":[{"href":"https:\/\/sp1hrubieszow.pl\/index.php\/wp-json\/wp\/v2\/media?parent=2238"}],"curies":[{"name":"wp","href":"https:\/\/api.w.org\/{rel}","templated":true}]}}