{"id":22308,"date":"2023-10-26T21:14:05","date_gmt":"2023-10-26T19:14:05","guid":{"rendered":"https:\/\/sp1hrubieszow.pl\/?page_id=22308"},"modified":"2023-10-29T11:35:25","modified_gmt":"2023-10-29T10:35:25","slug":"sukces-uczennicy-klasy-5c","status":"publish","type":"page","link":"https:\/\/sp1hrubieszow.pl\/index.php\/kronika-2020-2021\/sukces-uczennicy-klasy-5c\/","title":{"rendered":"Sukcesy plastyczne naszych uczni\u00f3w"},"content":{"rendered":"\n<p><span style=\"color: #000080;\">Z rado\u015bci\u0105 informujemy, \u017ce Lena Ni\u017anikowska, uczennica klasy 5c, zaj\u0119\u0142a I miejsce w 6 edycji Powiatowego Konkursu Plastycznego dla Dzieci i M\u0142odzie\u017cy 2023\/2024 pod has\u0142em &#8222;Po\u017cary, powodzie i r\u00f3\u017cne codzienne z \u017cycia sprawy &#8211; stra\u017cak zawsze pomoc sw\u0105 oka\u017ce&#8221;. Konkurs Patronatem obj\u0105\u0142 Komendant Komendy Powiatowej Pa\u0144stwowej Stra\u017cy Po\u017carnej &#8211; pan Piotr Gronowicz. Lence serdecznie gratulujemy i \u017cyczymy dalszych sukces\u00f3w edukacyjnych.<\/span>&nbsp; <span style=\"color: #000080;\">Jednocze\u015bnie informujemy, \u017ce 2 miejsce w tym konkursie w kategorii klas 1-3 zaj\u0105\u0142 Micha\u0142 Zaj\u0105c &#8211; ucze\u0144 klasy 1c, a miejsce 3 zaj\u0105\u0142 Feliks Pa\u0144ko z klasy 2b. Brawo!<\/span><\/p>\nngg_shortcode_0_placeholder\nngg_shortcode_1_placeholder\nngg_shortcode_2_placeholder\n","protected":false},"excerpt":{"rendered":"<p>Z rado\u015bci\u0105 informujemy, \u017ce Lena Ni\u017anikowska, uczennica klasy 5c, zaj\u0119\u0142a I miejsce w 6 edycji Powiatowego Konkursu Plastycznego dla Dzieci i M\u0142odzie\u017cy 2023\/2024 pod has\u0142em &#8222;Po\u017cary, powodzie i r\u00f3\u017cne codzienne z \u017cycia sprawy &#8211; stra\u017cak zawsze pomoc sw\u0105 oka\u017ce&#8221;. Konkurs Patronatem obj\u0105\u0142 Komendant Komendy Powiatowej Pa\u0144stwowej Stra\u017cy Po\u017carnej &#8211; pan Piotr Gronowicz. Lence serdecznie gratulujemy [&hellip;]<\/p>\n","protected":false},"author":2,"featured_media":0,"parent":5983,"menu_order":0,"comment_status":"closed","ping_status":"closed","template":"","meta":{"ngg_post_thumbnail":0,"footnotes":""},"class_list":["post-22308","page","type-page","status-publish","hentry"],"_links":{"self":[{"href":"https:\/\/sp1hrubieszow.pl\/index.php\/wp-json\/wp\/v2\/pages\/22308","targetHints":{"allow":["GET"]}}],"collection":[{"href":"https:\/\/sp1hrubieszow.pl\/index.php\/wp-json\/wp\/v2\/pages"}],"about":[{"href":"https:\/\/sp1hrubieszow.pl\/index.php\/wp-json\/wp\/v2\/types\/page"}],"author":[{"embeddable":true,"href":"https:\/\/sp1hrubieszow.pl\/index.php\/wp-json\/wp\/v2\/users\/2"}],"replies":[{"embeddable":true,"href":"https:\/\/sp1hrubieszow.pl\/index.php\/wp-json\/wp\/v2\/comments?post=22308"}],"version-history":[{"count":4,"href":"https:\/\/sp1hrubieszow.pl\/index.php\/wp-json\/wp\/v2\/pages\/22308\/revisions"}],"predecessor-version":[{"id":22322,"href":"https:\/\/sp1hrubieszow.pl\/index.php\/wp-json\/wp\/v2\/pages\/22308\/revisions\/22322"}],"up":[{"embeddable":true,"href":"https:\/\/sp1hrubieszow.pl\/index.php\/wp-json\/wp\/v2\/pages\/5983"}],"wp:attachment":[{"href":"https:\/\/sp1hrubieszow.pl\/index.php\/wp-json\/wp\/v2\/media?parent=22308"}],"curies":[{"name":"wp","href":"https:\/\/api.w.org\/{rel}","templated":true}]}}