{"id":22300,"date":"2023-10-25T21:50:42","date_gmt":"2023-10-25T19:50:42","guid":{"rendered":"https:\/\/sp1hrubieszow.pl\/?page_id=22300"},"modified":"2023-10-25T21:50:56","modified_gmt":"2023-10-25T19:50:56","slug":"certyfikat-za-rok-2023-i-nowa-edycja-programu-szkola-myslenia-pozytywnego-2-0","status":"publish","type":"page","link":"https:\/\/sp1hrubieszow.pl\/index.php\/kronika-2020-2021\/certyfikat-za-rok-2023-i-nowa-edycja-programu-szkola-myslenia-pozytywnego-2-0\/","title":{"rendered":"Certyfikat za rok 2023 i nowa edycja programu Szko\u0142a My\u015blenia Pozytywnego 2.0"},"content":{"rendered":"\n\n\n<div dir=\"auto\"><span style=\"color: #000080;\">Szko\u0142a Podstawowa Nr 1 im. Boles\u0142awa Prusa w Hrubieszowie, po raz kolejny otrzyma\u0142a wyj\u0105tkowy certyfikat, potwierdzaj\u0105cy aktywny udzia\u0142 spo\u0142eczno\u015bci szkolnej w og\u00f3lnopolskim programie Szko\u0142a My\u015blenia Pozytywnego 2.0, kt\u00f3rego nadrz\u0119dnym celem jest wspieranie zdrowia psychicznego dzieci i m\u0142odzie\u017cy. W ci\u0105gu roku 2023, uczniowie wraz ze swoimi nauczycielami i przy udziale rodzic\u00f3w, realizowali comiesi\u0119czne zadania certyfikacyjne, dzi\u0119ki kt\u00f3rym wsp\u00f3lnie mo\u017cemy tworzy\u0107 szko\u0142\u0119 miejscem przyjaznym i uwa\u017cnym na drugiego cz\u0142owieka. W bie\u017c\u0105cym roku szkolnym, nasza szko\u0142a kolejny raz zosta\u0142a zakwalifikowana do udzia\u0142u w programie Szko\u0142a My\u015blenia Pozytywnego. Instytut Edukacji Pozytywnej, b\u0119d\u0105cy organizatorem tego programu, przekaza\u0142 szkole pakiet powitalny, w kt\u00f3rym znalaz\u0142 si\u0119 baner z logo programu oraz gry, ksi\u0105\u017cki i pomoce do prowadzenia zaj\u0119\u0107. Dzi\u0119kujemy <a class=\"x1i10hfl xjbqb8w x6umtig x1b1mbwd xaqea5y xav7gou x9f619 x1ypdohk xt0psk2 xe8uvvx xdj266r x11i5rnm xat24cr x1mh8g0r xexx8yu x4uap5 x18d9i69 xkhd6sd x16tdsg8 x1hl2dhg xggy1nq x1a2a7pz xt0b8zv x1qq9wsj xo1l8bm\" style=\"color: #000080;\" tabindex=\"0\" role=\"link\" href=\"https:\/\/www.facebook.com\/hashtag\/instytutedukacjipozytywnej?__eep__=6&amp;__cft__[0]=AZUKI_SAGoYypkcGTh7j-2yQVlAC5qLOD2TKOniYbhq7wRzXrzIIYaWnaZ8-H7A8aWq0LhiFwgSGkuUkv3n1UN7xQfARyieKZ3dgcFNBkAZ9LwIFes4dk-sO9RYwJGROd_uXMiFI1P-4zIiKqsHSM4PEKC9x0kqn3mzg-nYrwKyGSk3UklNlwYF40xQsr07dFKg&amp;__tn__=*NK-R\">#InstytutEdukacjiPozytywnej<\/a><span class=\"x3nfvp2 x1j61x8r x1fcty0u xdj266r xhhsvwb xat24cr xgzva0m xxymvpz xlup9mm x1kky2od\"><img loading=\"lazy\" decoding=\"async\" class=\"xz74otr\" src=\"https:\/\/static.xx.fbcdn.net\/images\/emoji.php\/v9\/t6f\/1\/16\/1f337.png\" alt=\"?\" width=\"16\" height=\"16\"><\/span><\/span><\/div>\n<div dir=\"auto\"><span style=\"color: #000080;\">Zapraszamy wszystkich do aktywnego udzia\u0142u w programie. Przypominamy, \u017ce w ramach udzia\u0142u w programie SMP 2.0, nasza szko\u0142a posiada indywidualne wsparcie specjalist\u00f3w oraz mo\u017cliwo\u015b\u0107 udzia\u0142u w dedykowanych szkoleniach i projektach. Koordynator programu Szko\u0142a My\u015blenia Pozytywnego 2.0-Marta Kuczy\u0144ska<\/span><\/div>\n<div dir=\"auto\">\nngg_shortcode_0_placeholder\n<\/div>\n","protected":false},"excerpt":{"rendered":"<p>Szko\u0142a Podstawowa Nr 1 im. Boles\u0142awa Prusa w Hrubieszowie, po raz kolejny otrzyma\u0142a wyj\u0105tkowy certyfikat, potwierdzaj\u0105cy aktywny udzia\u0142 spo\u0142eczno\u015bci szkolnej w og\u00f3lnopolskim programie Szko\u0142a My\u015blenia Pozytywnego 2.0, kt\u00f3rego nadrz\u0119dnym celem jest wspieranie zdrowia psychicznego dzieci i m\u0142odzie\u017cy. W ci\u0105gu roku 2023, uczniowie wraz ze swoimi nauczycielami i przy udziale rodzic\u00f3w, realizowali comiesi\u0119czne zadania certyfikacyjne, dzi\u0119ki [&hellip;]<\/p>\n","protected":false},"author":2,"featured_media":0,"parent":5983,"menu_order":0,"comment_status":"closed","ping_status":"closed","template":"","meta":{"ngg_post_thumbnail":0,"footnotes":""},"class_list":["post-22300","page","type-page","status-publish","hentry"],"_links":{"self":[{"href":"https:\/\/sp1hrubieszow.pl\/index.php\/wp-json\/wp\/v2\/pages\/22300","targetHints":{"allow":["GET"]}}],"collection":[{"href":"https:\/\/sp1hrubieszow.pl\/index.php\/wp-json\/wp\/v2\/pages"}],"about":[{"href":"https:\/\/sp1hrubieszow.pl\/index.php\/wp-json\/wp\/v2\/types\/page"}],"author":[{"embeddable":true,"href":"https:\/\/sp1hrubieszow.pl\/index.php\/wp-json\/wp\/v2\/users\/2"}],"replies":[{"embeddable":true,"href":"https:\/\/sp1hrubieszow.pl\/index.php\/wp-json\/wp\/v2\/comments?post=22300"}],"version-history":[{"count":1,"href":"https:\/\/sp1hrubieszow.pl\/index.php\/wp-json\/wp\/v2\/pages\/22300\/revisions"}],"predecessor-version":[{"id":22301,"href":"https:\/\/sp1hrubieszow.pl\/index.php\/wp-json\/wp\/v2\/pages\/22300\/revisions\/22301"}],"up":[{"embeddable":true,"href":"https:\/\/sp1hrubieszow.pl\/index.php\/wp-json\/wp\/v2\/pages\/5983"}],"wp:attachment":[{"href":"https:\/\/sp1hrubieszow.pl\/index.php\/wp-json\/wp\/v2\/media?parent=22300"}],"curies":[{"name":"wp","href":"https:\/\/api.w.org\/{rel}","templated":true}]}}