{"id":22290,"date":"2023-10-25T21:44:02","date_gmt":"2023-10-25T19:44:02","guid":{"rendered":"https:\/\/sp1hrubieszow.pl\/?page_id=22290"},"modified":"2023-10-25T21:44:36","modified_gmt":"2023-10-25T19:44:36","slug":"warsztaty-profilaktyczne-z-firma-tandem","status":"publish","type":"page","link":"https:\/\/sp1hrubieszow.pl\/index.php\/kronika-2020-2021\/warsztaty-profilaktyczne-z-firma-tandem\/","title":{"rendered":"Warsztaty profilaktyczne z firm\u0105 Tandem"},"content":{"rendered":"\n\n\n<div dir=\"auto\"><span style=\"color: #000080;\">W dniu 25.10.2023r. uczniowie klas: 3a,4a,4b,6a,7a,7b i 7c, uczestniczyli w warsztatach profilaktycznych, realizowanych przez trener\u00f3w z firmy Tandem- warsztaty profilaktyczne, psychoedukacja z siedzib\u0105 we Wroc\u0142awiu. Warsztaty sta\u0142y si\u0119 dla uczni\u00f3w okazj\u0105 do zg\u0142\u0119bienia tematyki sposob\u00f3w radzenia sobie ze stresem, budowania przyjaznych relacji w klasach, rozwi\u0105zywania konflikt\u00f3w i zapobiegania uzale\u017cnieniom. W zaj\u0119ciach, dotycz\u0105cych umiej\u0119tno\u015bci rozwi\u0105zywania konflikt\u00f3w, wzi\u0119\u0142a tak\u017ce udzia\u0142 grupa uczni\u00f3w ze Szkolnego Klubu Mediatora; uczniowie przygotowuj\u0105cy si\u0119 do pe\u0142nienia funkcji mediator\u00f3w r\u00f3wie\u015bniczych. Warsztaty zosta\u0142y zorganizowane przez specjalist\u00f3w szkolnych w ramach realizacji autorskich program\u00f3w : \u201eProfilaktyka z (moj\u0105) klas\u0105\u201d oraz \u201eMy\u015blimy inaczej, dzia\u0142amy wsp\u00f3lnie\u201d, za\u015b sfinansowane zosta\u0142y przez Gmin\u0119 Miejsk\u0105 Hrubiesz\u00f3w.<\/span><\/div>\n<div dir=\"auto\">\nngg_shortcode_0_placeholder\n<\/div>\n","protected":false},"excerpt":{"rendered":"<p>W dniu 25.10.2023r. uczniowie klas: 3a,4a,4b,6a,7a,7b i 7c, uczestniczyli w warsztatach profilaktycznych, realizowanych przez trener\u00f3w z firmy Tandem- warsztaty profilaktyczne, psychoedukacja z siedzib\u0105 we Wroc\u0142awiu. Warsztaty sta\u0142y si\u0119 dla uczni\u00f3w okazj\u0105 do zg\u0142\u0119bienia tematyki sposob\u00f3w radzenia sobie ze stresem, budowania przyjaznych relacji w klasach, rozwi\u0105zywania konflikt\u00f3w i zapobiegania uzale\u017cnieniom. W zaj\u0119ciach, dotycz\u0105cych umiej\u0119tno\u015bci rozwi\u0105zywania konflikt\u00f3w, [&hellip;]<\/p>\n","protected":false},"author":2,"featured_media":0,"parent":5983,"menu_order":0,"comment_status":"closed","ping_status":"closed","template":"","meta":{"ngg_post_thumbnail":0,"footnotes":""},"class_list":["post-22290","page","type-page","status-publish","hentry"],"_links":{"self":[{"href":"https:\/\/sp1hrubieszow.pl\/index.php\/wp-json\/wp\/v2\/pages\/22290","targetHints":{"allow":["GET"]}}],"collection":[{"href":"https:\/\/sp1hrubieszow.pl\/index.php\/wp-json\/wp\/v2\/pages"}],"about":[{"href":"https:\/\/sp1hrubieszow.pl\/index.php\/wp-json\/wp\/v2\/types\/page"}],"author":[{"embeddable":true,"href":"https:\/\/sp1hrubieszow.pl\/index.php\/wp-json\/wp\/v2\/users\/2"}],"replies":[{"embeddable":true,"href":"https:\/\/sp1hrubieszow.pl\/index.php\/wp-json\/wp\/v2\/comments?post=22290"}],"version-history":[{"count":1,"href":"https:\/\/sp1hrubieszow.pl\/index.php\/wp-json\/wp\/v2\/pages\/22290\/revisions"}],"predecessor-version":[{"id":22291,"href":"https:\/\/sp1hrubieszow.pl\/index.php\/wp-json\/wp\/v2\/pages\/22290\/revisions\/22291"}],"up":[{"embeddable":true,"href":"https:\/\/sp1hrubieszow.pl\/index.php\/wp-json\/wp\/v2\/pages\/5983"}],"wp:attachment":[{"href":"https:\/\/sp1hrubieszow.pl\/index.php\/wp-json\/wp\/v2\/media?parent=22290"}],"curies":[{"name":"wp","href":"https:\/\/api.w.org\/{rel}","templated":true}]}}