{"id":22254,"date":"2023-10-25T17:57:52","date_gmt":"2023-10-25T15:57:52","guid":{"rendered":"https:\/\/sp1hrubieszow.pl\/?page_id=22254"},"modified":"2023-10-25T17:58:05","modified_gmt":"2023-10-25T15:58:05","slug":"konkurs-na-kartke-pocztowa-z-zyczeniami-dla-niepodleglej","status":"publish","type":"page","link":"https:\/\/sp1hrubieszow.pl\/index.php\/kronika-2020-2021\/konkurs-na-kartke-pocztowa-z-zyczeniami-dla-niepodleglej\/","title":{"rendered":"Konkurs na kartk\u0119 pocztow\u0105 z \u017cyczeniami dla Niepodleg\u0142ej"},"content":{"rendered":"\n<p><span style=\"color: #000080;\">Zapraszamy do udzia\u0142u w konkursie z okazji 105 rocznicy Odzyskania Niepodleg\u0142o\u015bci. Szczeg\u00f3\u0142y konkursu w regulaminie:<\/span><\/p>\n<p><span style=\"color: #000080;\"><strong><a style=\"color: #000080;\" href=\"http:\/\/sp1hrubieszow.pl\/wp-content\/uploads\/2023\/10\/11-LISTOPADA.docx\">REGULAMIN KONKURSU<\/a><\/strong><\/span><\/p>\n","protected":false},"excerpt":{"rendered":"<p>Zapraszamy do udzia\u0142u w konkursie z okazji 105 rocznicy Odzyskania Niepodleg\u0142o\u015bci. Szczeg\u00f3\u0142y konkursu w regulaminie: REGULAMIN KONKURSU<\/p>\n","protected":false},"author":2,"featured_media":0,"parent":5983,"menu_order":0,"comment_status":"closed","ping_status":"closed","template":"","meta":{"ngg_post_thumbnail":0,"footnotes":""},"class_list":["post-22254","page","type-page","status-publish","hentry"],"_links":{"self":[{"href":"https:\/\/sp1hrubieszow.pl\/index.php\/wp-json\/wp\/v2\/pages\/22254","targetHints":{"allow":["GET"]}}],"collection":[{"href":"https:\/\/sp1hrubieszow.pl\/index.php\/wp-json\/wp\/v2\/pages"}],"about":[{"href":"https:\/\/sp1hrubieszow.pl\/index.php\/wp-json\/wp\/v2\/types\/page"}],"author":[{"embeddable":true,"href":"https:\/\/sp1hrubieszow.pl\/index.php\/wp-json\/wp\/v2\/users\/2"}],"replies":[{"embeddable":true,"href":"https:\/\/sp1hrubieszow.pl\/index.php\/wp-json\/wp\/v2\/comments?post=22254"}],"version-history":[{"count":1,"href":"https:\/\/sp1hrubieszow.pl\/index.php\/wp-json\/wp\/v2\/pages\/22254\/revisions"}],"predecessor-version":[{"id":22255,"href":"https:\/\/sp1hrubieszow.pl\/index.php\/wp-json\/wp\/v2\/pages\/22254\/revisions\/22255"}],"up":[{"embeddable":true,"href":"https:\/\/sp1hrubieszow.pl\/index.php\/wp-json\/wp\/v2\/pages\/5983"}],"wp:attachment":[{"href":"https:\/\/sp1hrubieszow.pl\/index.php\/wp-json\/wp\/v2\/media?parent=22254"}],"curies":[{"name":"wp","href":"https:\/\/api.w.org\/{rel}","templated":true}]}}