{"id":22244,"date":"2023-10-25T09:17:53","date_gmt":"2023-10-25T07:17:53","guid":{"rendered":"https:\/\/sp1hrubieszow.pl\/?page_id=22244"},"modified":"2023-10-25T09:21:50","modified_gmt":"2023-10-25T07:21:50","slug":"przerwa-na-czytanie-juz-26-pazdziernika-w-naszej-szkole","status":"publish","type":"page","link":"https:\/\/sp1hrubieszow.pl\/index.php\/kronika-2020-2021\/przerwa-na-czytanie-juz-26-pazdziernika-w-naszej-szkole\/","title":{"rendered":"Przerwa na czytanie ju\u017c 26 pa\u017adziernika w naszej szkole!"},"content":{"rendered":"\n<p><img loading=\"lazy\" decoding=\"async\" class=\"alignnone size-medium wp-image-22243 aligncenter\" src=\"http:\/\/sp1hrubieszow.pl\/wp-content\/uploads\/2023\/10\/przerwa-na-czytanie-212x300.jpg\" alt=\"\" width=\"212\" height=\"300\"><\/p>\n<p><span style=\"color: #000080;\">Biblioteka szkolna zaprasza uczni\u00f3w, grono pedagogiczne, pracownik\u00f3w administracji i obs\u0142ugi do wzi\u0119cia udzia\u0142u w IV Mi\u0119dzynarodowej edycji VIII Og\u00f3lnopolskiej akcji bicia<\/span><br><span style=\"color: #000080;\">rekordu w liczbie os\u00f3b czytaj\u0105cych na przerwie ,,Przerwa na czytanie\u201d.<\/span><br><br><span style=\"color: #000080;\">Wydarzenie odbywa si\u0119 w ramach Mi\u0119dzynarodowego Miesi\u0105ca Bibliotek Szkolnych oraz kampanii spo\u0142ecznej ,,Ca\u0142a Polska czyta dzieciom&#8221;.<\/span><br><br><span style=\"color: #000080;\">Celem akcji jest: promocja czytelnictwa w\u015br\u00f3d dzieci i m\u0142odzie\u017cy, promowanie ulubionych ksi\u0105\u017cek, pokazanie uczniom, \u017ce czytanie jest ciekawe, zach\u0119cenie do si\u0119gania po ksi\u0105\u017ck\u0119 w ka\u017cdej sytuacji.<\/span><br><br><span style=\"color: #000080;\">Aby wzi\u0105\u0107 udzia\u0142 w akcji wystarczy przynie\u015b\u0107 ksi\u0105\u017ck\u0119 z domu lub wypo\u017cyczy\u0107 z biblioteki, usi\u0105\u015b\u0107 wygodnie na korytarzu i czyta\u0107 podczas przerw mi\u0119dzylekcyjnych.<\/span><br><span style=\"color: #000080;\">Strefa czytania b\u0119dzie wydzielona r\u00f3wnie\u017c w bibliotece szkolnej.<\/span><br><br><span style=\"color: #000080;\">Serdecznie zapraszamy do udzia\u0142u w akcji!<\/span><\/p>\n\n\n\n\n\nngg_shortcode_0_placeholder\n","protected":false},"excerpt":{"rendered":"<p>Biblioteka szkolna zaprasza uczni\u00f3w, grono pedagogiczne, pracownik\u00f3w administracji i obs\u0142ugi do wzi\u0119cia udzia\u0142u w IV Mi\u0119dzynarodowej edycji VIII Og\u00f3lnopolskiej akcji biciarekordu w liczbie os\u00f3b czytaj\u0105cych na przerwie ,,Przerwa na czytanie\u201d. Wydarzenie odbywa si\u0119 w ramach Mi\u0119dzynarodowego Miesi\u0105ca Bibliotek Szkolnych oraz kampanii spo\u0142ecznej ,,Ca\u0142a Polska czyta dzieciom&#8221;. Celem akcji jest: promocja czytelnictwa w\u015br\u00f3d dzieci i m\u0142odzie\u017cy, [&hellip;]<\/p>\n","protected":false},"author":2,"featured_media":0,"parent":5983,"menu_order":0,"comment_status":"closed","ping_status":"closed","template":"","meta":{"ngg_post_thumbnail":0,"footnotes":""},"class_list":["post-22244","page","type-page","status-publish","hentry"],"_links":{"self":[{"href":"https:\/\/sp1hrubieszow.pl\/index.php\/wp-json\/wp\/v2\/pages\/22244","targetHints":{"allow":["GET"]}}],"collection":[{"href":"https:\/\/sp1hrubieszow.pl\/index.php\/wp-json\/wp\/v2\/pages"}],"about":[{"href":"https:\/\/sp1hrubieszow.pl\/index.php\/wp-json\/wp\/v2\/types\/page"}],"author":[{"embeddable":true,"href":"https:\/\/sp1hrubieszow.pl\/index.php\/wp-json\/wp\/v2\/users\/2"}],"replies":[{"embeddable":true,"href":"https:\/\/sp1hrubieszow.pl\/index.php\/wp-json\/wp\/v2\/comments?post=22244"}],"version-history":[{"count":3,"href":"https:\/\/sp1hrubieszow.pl\/index.php\/wp-json\/wp\/v2\/pages\/22244\/revisions"}],"predecessor-version":[{"id":22251,"href":"https:\/\/sp1hrubieszow.pl\/index.php\/wp-json\/wp\/v2\/pages\/22244\/revisions\/22251"}],"up":[{"embeddable":true,"href":"https:\/\/sp1hrubieszow.pl\/index.php\/wp-json\/wp\/v2\/pages\/5983"}],"wp:attachment":[{"href":"https:\/\/sp1hrubieszow.pl\/index.php\/wp-json\/wp\/v2\/media?parent=22244"}],"curies":[{"name":"wp","href":"https:\/\/api.w.org\/{rel}","templated":true}]}}