{"id":22238,"date":"2023-10-24T19:04:27","date_gmt":"2023-10-24T17:04:27","guid":{"rendered":"https:\/\/sp1hrubieszow.pl\/?page_id=22238"},"modified":"2023-10-24T19:04:41","modified_gmt":"2023-10-24T17:04:41","slug":"hrubieszowskie-dzieciaki-z-klasa","status":"publish","type":"page","link":"https:\/\/sp1hrubieszow.pl\/index.php\/kronika-2020-2021\/hrubieszowskie-dzieciaki-z-klasa\/","title":{"rendered":"HRUBIESZOWSKIE DZIECIAKI Z KLAS\u0104"},"content":{"rendered":"\n<div dir=\"auto\"><span style=\"color: #000080;\">23 pa\u017adziernika uczniowie klas 6 naszej szko\u0142y wraz z wychowawcami &#8211; p. Monik\u0105 Jako\u015b \u2013 W\u00f3r, p. Edyt\u0105 Miller \u2013 Wiatrowsk\u0105, p. Mart\u0105 Lackowsk\u0105 \u2013 rozpocz\u0119li cykl warsztat\u00f3w w ramach programu \u201eHrubieszowskie dzieciaki z klas\u0105\u201d. Zaj\u0119cia realizowane s\u0105 w siedzibie Miejskiej Biblioteki Publicznej, w partnerstwie z \u201eFundacj\u0105 Rado\u015b\u0107 Uczenia Si\u0119\u201d Ma\u0142gorzaty Dudek z Lublina, pod Patronatem Burmistrza Miasta Hrubieszowa Marty Majewskiej.<\/span><\/div>\n<div dir=\"auto\"><span style=\"color: #000080;\">Warsztaty \u0142\u0105cz\u0105 elementy wiedzy teoretycznej oraz praktycznej z dziedziny savoir- vivre\u2019u. W \u017cyciu zawodowym oraz towarzyskim dobre maniery i umiej\u0119tno\u015b\u0107 odnalezienia si\u0119 w r\u00f3\u017cnych sytuacjach jest niezb\u0119dna, dlatego warto ju\u017c w szkole podstawowej zadba\u0107 o wszechstronny rozw\u00f3j uczni\u00f3w i ich edukacj\u0119 w tym zakresie.<\/span><\/div>\n<div dir=\"auto\">\nngg_shortcode_0_placeholder\n<\/div>\n","protected":false},"excerpt":{"rendered":"<p>23 pa\u017adziernika uczniowie klas 6 naszej szko\u0142y wraz z wychowawcami &#8211; p. Monik\u0105 Jako\u015b \u2013 W\u00f3r, p. Edyt\u0105 Miller \u2013 Wiatrowsk\u0105, p. Mart\u0105 Lackowsk\u0105 \u2013 rozpocz\u0119li cykl warsztat\u00f3w w ramach programu \u201eHrubieszowskie dzieciaki z klas\u0105\u201d. Zaj\u0119cia realizowane s\u0105 w siedzibie Miejskiej Biblioteki Publicznej, w partnerstwie z \u201eFundacj\u0105 Rado\u015b\u0107 Uczenia Si\u0119\u201d Ma\u0142gorzaty Dudek z Lublina, pod [&hellip;]<\/p>\n","protected":false},"author":2,"featured_media":0,"parent":5983,"menu_order":0,"comment_status":"closed","ping_status":"closed","template":"","meta":{"ngg_post_thumbnail":0,"footnotes":""},"class_list":["post-22238","page","type-page","status-publish","hentry"],"_links":{"self":[{"href":"https:\/\/sp1hrubieszow.pl\/index.php\/wp-json\/wp\/v2\/pages\/22238","targetHints":{"allow":["GET"]}}],"collection":[{"href":"https:\/\/sp1hrubieszow.pl\/index.php\/wp-json\/wp\/v2\/pages"}],"about":[{"href":"https:\/\/sp1hrubieszow.pl\/index.php\/wp-json\/wp\/v2\/types\/page"}],"author":[{"embeddable":true,"href":"https:\/\/sp1hrubieszow.pl\/index.php\/wp-json\/wp\/v2\/users\/2"}],"replies":[{"embeddable":true,"href":"https:\/\/sp1hrubieszow.pl\/index.php\/wp-json\/wp\/v2\/comments?post=22238"}],"version-history":[{"count":1,"href":"https:\/\/sp1hrubieszow.pl\/index.php\/wp-json\/wp\/v2\/pages\/22238\/revisions"}],"predecessor-version":[{"id":22239,"href":"https:\/\/sp1hrubieszow.pl\/index.php\/wp-json\/wp\/v2\/pages\/22238\/revisions\/22239"}],"up":[{"embeddable":true,"href":"https:\/\/sp1hrubieszow.pl\/index.php\/wp-json\/wp\/v2\/pages\/5983"}],"wp:attachment":[{"href":"https:\/\/sp1hrubieszow.pl\/index.php\/wp-json\/wp\/v2\/media?parent=22238"}],"curies":[{"name":"wp","href":"https:\/\/api.w.org\/{rel}","templated":true}]}}