{"id":22216,"date":"2023-10-24T18:28:04","date_gmt":"2023-10-24T16:28:04","guid":{"rendered":"https:\/\/sp1hrubieszow.pl\/?page_id=22216"},"modified":"2023-10-24T18:28:35","modified_gmt":"2023-10-24T16:28:35","slug":"srebrny-medal-na-mistrzostwach-wojewodztwa","status":"publish","type":"page","link":"https:\/\/sp1hrubieszow.pl\/index.php\/kronika-2020-2021\/srebrny-medal-na-mistrzostwach-wojewodztwa\/","title":{"rendered":"Srebrny medal na Mistrzostwach Wojew\u00f3dztwa"},"content":{"rendered":"\n\n\n<div class=\"x11i5rnm xat24cr x1mh8g0r x1vvkbs xtlvy1s x126k92a\">\n<div dir=\"auto\"><span style=\"color: #000080;\">24 pa\u017adziernika w Tomaszowie Lubelskim odby\u0142 si\u0119 Wojew\u00f3dzki Fina\u0142 w sztafetowych biegach prze\u0142ajowych. Po zaci\u0119tej walce nasi uczniowie uplasowali si\u0119 na drugim miejscu ,do zwyci\u0119stwa zabrak\u0142o niewiele.<\/span><\/div>\n<\/div>\n<div class=\"x11i5rnm xat24cr x1mh8g0r x1vvkbs xtlvy1s x126k92a\">\n<div dir=\"auto\"><span style=\"color: #000080;\">Wyniki:<\/span><\/div>\n<div dir=\"auto\"><span style=\"color: #000080;\">1. SP 5 Bi\u0142goraj -24.54<\/span><\/div>\n<div dir=\"auto\"><span style=\"color: #000080;\">2. SP 1 Hrubiesz\u00f3w- 25.01<\/span><\/div>\n<div dir=\"auto\"><span style=\"color: #000080;\">3. SP Aleksandr\u00f3w-25.13<\/span><\/div>\n<div dir=\"auto\"><span style=\"color: #000080;\">4.SP Przybys\u0142awice-25.30<\/span><\/div>\n<div dir=\"auto\"><span style=\"color: #000080;\">5.SP 3 \u015awidnik-25.55<\/span><\/div>\n<div dir=\"auto\"><span style=\"color: #000080;\">6.SP Leszkowice-26.00<\/span><\/div>\n<div dir=\"auto\"><span style=\"color: #000080;\">7.SP Karczmiska-26.36<\/span><\/div>\n<div dir=\"auto\"><span style=\"color: #000080;\">8.SP 7 \u015awidnik-26.56<\/span><\/div>\n<\/div>\n<div class=\"x11i5rnm xat24cr x1mh8g0r x1vvkbs xtlvy1s x126k92a\">\n<div dir=\"auto\"><span style=\"color: #000080;\">Sztafeta pobieg\u0142a w sk\u0142adzie:<\/span><\/div>\n<div dir=\"auto\"><span style=\"color: #000080;\">Miko\u0142aj Czerkawski, Kajetan Szewc, Tomasz Pawlos, Wojciech Malinowski, Wiktor Konopko, Mateusz Bodnar.<\/span><\/div>\n<div dir=\"auto\"><span style=\"color: #000080;\">Opiekunem by\u0142 Tomasz Magdziak<\/span><\/div>\n<div dir=\"auto\">\nngg_shortcode_0_placeholder\n<\/div>\n<\/div>\n","protected":false},"excerpt":{"rendered":"<p>24 pa\u017adziernika w Tomaszowie Lubelskim odby\u0142 si\u0119 Wojew\u00f3dzki Fina\u0142 w sztafetowych biegach prze\u0142ajowych. Po zaci\u0119tej walce nasi uczniowie uplasowali si\u0119 na drugim miejscu ,do zwyci\u0119stwa zabrak\u0142o niewiele. Wyniki: 1. SP 5 Bi\u0142goraj -24.54 2. SP 1 Hrubiesz\u00f3w- 25.01 3. SP Aleksandr\u00f3w-25.13 4.SP Przybys\u0142awice-25.30 5.SP 3 \u015awidnik-25.55 6.SP Leszkowice-26.00 7.SP Karczmiska-26.36 8.SP 7 \u015awidnik-26.56 Sztafeta pobieg\u0142a [&hellip;]<\/p>\n","protected":false},"author":2,"featured_media":0,"parent":5983,"menu_order":0,"comment_status":"closed","ping_status":"closed","template":"","meta":{"ngg_post_thumbnail":0,"footnotes":""},"class_list":["post-22216","page","type-page","status-publish","hentry"],"_links":{"self":[{"href":"https:\/\/sp1hrubieszow.pl\/index.php\/wp-json\/wp\/v2\/pages\/22216","targetHints":{"allow":["GET"]}}],"collection":[{"href":"https:\/\/sp1hrubieszow.pl\/index.php\/wp-json\/wp\/v2\/pages"}],"about":[{"href":"https:\/\/sp1hrubieszow.pl\/index.php\/wp-json\/wp\/v2\/types\/page"}],"author":[{"embeddable":true,"href":"https:\/\/sp1hrubieszow.pl\/index.php\/wp-json\/wp\/v2\/users\/2"}],"replies":[{"embeddable":true,"href":"https:\/\/sp1hrubieszow.pl\/index.php\/wp-json\/wp\/v2\/comments?post=22216"}],"version-history":[{"count":1,"href":"https:\/\/sp1hrubieszow.pl\/index.php\/wp-json\/wp\/v2\/pages\/22216\/revisions"}],"predecessor-version":[{"id":22217,"href":"https:\/\/sp1hrubieszow.pl\/index.php\/wp-json\/wp\/v2\/pages\/22216\/revisions\/22217"}],"up":[{"embeddable":true,"href":"https:\/\/sp1hrubieszow.pl\/index.php\/wp-json\/wp\/v2\/pages\/5983"}],"wp:attachment":[{"href":"https:\/\/sp1hrubieszow.pl\/index.php\/wp-json\/wp\/v2\/media?parent=22216"}],"curies":[{"name":"wp","href":"https:\/\/api.w.org\/{rel}","templated":true}]}}