{"id":22177,"date":"2023-10-24T18:05:37","date_gmt":"2023-10-24T16:05:37","guid":{"rendered":"https:\/\/sp1hrubieszow.pl\/?page_id=22177"},"modified":"2023-10-24T18:05:51","modified_gmt":"2023-10-24T16:05:51","slug":"klasa-3-a-na-plywalni","status":"publish","type":"page","link":"https:\/\/sp1hrubieszow.pl\/index.php\/kronika-2020-2021\/klasa-3-a-na-plywalni\/","title":{"rendered":"klasa 3 a na p\u0142ywalni"},"content":{"rendered":"\n<p><span style=\"color: #000080;\">Klasa 3 a ponownie wspaniale bawi si\u0119 na hrubieszowskiej p\u0142ywalni Fala. By\u0142y te\u017c pr\u00f3by i nauka p\u0142ywania<\/span> <span class=\"x3nfvp2 x1j61x8r x1fcty0u xdj266r xhhsvwb xat24cr xgzva0m xxymvpz xlup9mm x1kky2od\"><img loading=\"lazy\" decoding=\"async\" class=\"xz74otr\" src=\"https:\/\/static.xx.fbcdn.net\/images\/emoji.php\/v9\/t69\/1\/16\/1f3ca.png\" alt=\"?\" width=\"16\" height=\"16\"><\/span><\/p>\nngg_shortcode_0_placeholder\n","protected":false},"excerpt":{"rendered":"<p>Klasa 3 a ponownie wspaniale bawi si\u0119 na hrubieszowskiej p\u0142ywalni Fala. By\u0142y te\u017c pr\u00f3by i nauka p\u0142ywania<\/p>\n","protected":false},"author":2,"featured_media":0,"parent":5983,"menu_order":0,"comment_status":"closed","ping_status":"closed","template":"","meta":{"ngg_post_thumbnail":0,"footnotes":""},"class_list":["post-22177","page","type-page","status-publish","hentry"],"_links":{"self":[{"href":"https:\/\/sp1hrubieszow.pl\/index.php\/wp-json\/wp\/v2\/pages\/22177","targetHints":{"allow":["GET"]}}],"collection":[{"href":"https:\/\/sp1hrubieszow.pl\/index.php\/wp-json\/wp\/v2\/pages"}],"about":[{"href":"https:\/\/sp1hrubieszow.pl\/index.php\/wp-json\/wp\/v2\/types\/page"}],"author":[{"embeddable":true,"href":"https:\/\/sp1hrubieszow.pl\/index.php\/wp-json\/wp\/v2\/users\/2"}],"replies":[{"embeddable":true,"href":"https:\/\/sp1hrubieszow.pl\/index.php\/wp-json\/wp\/v2\/comments?post=22177"}],"version-history":[{"count":1,"href":"https:\/\/sp1hrubieszow.pl\/index.php\/wp-json\/wp\/v2\/pages\/22177\/revisions"}],"predecessor-version":[{"id":22178,"href":"https:\/\/sp1hrubieszow.pl\/index.php\/wp-json\/wp\/v2\/pages\/22177\/revisions\/22178"}],"up":[{"embeddable":true,"href":"https:\/\/sp1hrubieszow.pl\/index.php\/wp-json\/wp\/v2\/pages\/5983"}],"wp:attachment":[{"href":"https:\/\/sp1hrubieszow.pl\/index.php\/wp-json\/wp\/v2\/media?parent=22177"}],"curies":[{"name":"wp","href":"https:\/\/api.w.org\/{rel}","templated":true}]}}