{"id":22140,"date":"2023-10-23T17:23:17","date_gmt":"2023-10-23T15:23:17","guid":{"rendered":"https:\/\/sp1hrubieszow.pl\/?page_id=22140"},"modified":"2023-10-23T17:23:42","modified_gmt":"2023-10-23T15:23:42","slug":"spotkanie-profilaktyczne-dla-uczniow-klas-7-i-8","status":"publish","type":"page","link":"https:\/\/sp1hrubieszow.pl\/index.php\/kronika-2020-2021\/spotkanie-profilaktyczne-dla-uczniow-klas-7-i-8\/","title":{"rendered":"Spotkanie profilaktyczne dla uczni\u00f3w klas 7 i 8"},"content":{"rendered":"\n<div class=\"xdj266r x11i5rnm xat24cr x1mh8g0r x1vvkbs x126k92a\">\n<div dir=\"auto\"><span style=\"color: #000080;\">18 pa\u017adziernika uczniowie klas si\u00f3dmych i \u00f3smej uczestniczyli w spotkaniu profilaktycznym, kt\u00f3re przeprowadzi\u0142 asp. szt. Jaros\u0142aw Karkuszewski, funkcjonariusz Komendy Powiatowej Policji w Hrubieszowie.<\/span><\/div>\n<\/div>\n<div class=\"x11i5rnm xat24cr x1mh8g0r x1vvkbs xtlvy1s x126k92a\">\n<div dir=\"auto\"><span style=\"color: #000080;\">Tematem spotkania by\u0142a odpowiedzialno\u015b\u0107 prawna nieletnich w \u015bwietle nowej Ustawy o wspieraniu i resocjalizacji nieletnich. Funkcjonariusz om\u00f3wi\u0142 zagadnienia zwi\u0105zane z odpowiedzialno\u015bci\u0105 os\u00f3b nieletnich za pope\u0142niane czyny karalne i za zachowania niezgodne z przyj\u0119tymi normami spo\u0142ecznymi. Uczniowie zostali zapoznani z podstawowymi poj\u0119ciami: nieletni, ma\u0142oletni, czyn karalny czy te\u017c demoralizacja, dowiedzieli si\u0119 jakie s\u0105 konsekwencje prawne pope\u0142nienia takich czyn\u00f3w i jakimi \u015brodkami oddzia\u0142ywania wychowawczego dysponuje s\u0105d rodzinny.<\/span><\/div>\n<\/div>\n<div class=\"x11i5rnm xat24cr x1mh8g0r x1vvkbs xtlvy1s x126k92a\">\n<div dir=\"auto\"><span style=\"color: #000080;\">Organizowane zaj\u0119cia profilaktyczne maj\u0105 na celu zwi\u0119kszenie \u015bwiadomo\u015bci uczni\u00f3w w kwestii zagro\u017ce\u0144, zachowa\u0144 ryzykownych, a w nast\u0119pstwie konsekwencji prawnych.<\/span><\/div>\n<div dir=\"auto\">\nngg_shortcode_0_placeholder\n<\/div>\n<\/div>\n","protected":false},"excerpt":{"rendered":"<p>18 pa\u017adziernika uczniowie klas si\u00f3dmych i \u00f3smej uczestniczyli w spotkaniu profilaktycznym, kt\u00f3re przeprowadzi\u0142 asp. szt. Jaros\u0142aw Karkuszewski, funkcjonariusz Komendy Powiatowej Policji w Hrubieszowie. Tematem spotkania by\u0142a odpowiedzialno\u015b\u0107 prawna nieletnich w \u015bwietle nowej Ustawy o wspieraniu i resocjalizacji nieletnich. Funkcjonariusz om\u00f3wi\u0142 zagadnienia zwi\u0105zane z odpowiedzialno\u015bci\u0105 os\u00f3b nieletnich za pope\u0142niane czyny karalne i za zachowania niezgodne z [&hellip;]<\/p>\n","protected":false},"author":2,"featured_media":0,"parent":5983,"menu_order":0,"comment_status":"closed","ping_status":"closed","template":"","meta":{"ngg_post_thumbnail":0,"footnotes":""},"class_list":["post-22140","page","type-page","status-publish","hentry"],"_links":{"self":[{"href":"https:\/\/sp1hrubieszow.pl\/index.php\/wp-json\/wp\/v2\/pages\/22140","targetHints":{"allow":["GET"]}}],"collection":[{"href":"https:\/\/sp1hrubieszow.pl\/index.php\/wp-json\/wp\/v2\/pages"}],"about":[{"href":"https:\/\/sp1hrubieszow.pl\/index.php\/wp-json\/wp\/v2\/types\/page"}],"author":[{"embeddable":true,"href":"https:\/\/sp1hrubieszow.pl\/index.php\/wp-json\/wp\/v2\/users\/2"}],"replies":[{"embeddable":true,"href":"https:\/\/sp1hrubieszow.pl\/index.php\/wp-json\/wp\/v2\/comments?post=22140"}],"version-history":[{"count":1,"href":"https:\/\/sp1hrubieszow.pl\/index.php\/wp-json\/wp\/v2\/pages\/22140\/revisions"}],"predecessor-version":[{"id":22141,"href":"https:\/\/sp1hrubieszow.pl\/index.php\/wp-json\/wp\/v2\/pages\/22140\/revisions\/22141"}],"up":[{"embeddable":true,"href":"https:\/\/sp1hrubieszow.pl\/index.php\/wp-json\/wp\/v2\/pages\/5983"}],"wp:attachment":[{"href":"https:\/\/sp1hrubieszow.pl\/index.php\/wp-json\/wp\/v2\/media?parent=22140"}],"curies":[{"name":"wp","href":"https:\/\/api.w.org\/{rel}","templated":true}]}}