{"id":22123,"date":"2023-10-23T17:10:50","date_gmt":"2023-10-23T15:10:50","guid":{"rendered":"https:\/\/sp1hrubieszow.pl\/?page_id=22123"},"modified":"2023-10-23T17:11:13","modified_gmt":"2023-10-23T15:11:13","slug":"nagroda-dla-karoliny-jasinskiej-mediatorki-rowiesniczej-ze-szkolnego-klubu-mediatora-statuetka-mediator-rowiesniczy-roku-2022-2023","status":"publish","type":"page","link":"https:\/\/sp1hrubieszow.pl\/index.php\/kronika-2020-2021\/nagroda-dla-karoliny-jasinskiej-mediatorki-rowiesniczej-ze-szkolnego-klubu-mediatora-statuetka-mediator-rowiesniczy-roku-2022-2023\/","title":{"rendered":"Nagroda dla Karoliny Jasi\u0144skiej, mediatorki r\u00f3wie\u015bniczej ze Szkolnego Klubu Mediatora- statuetka &#8222;Mediator R\u00f3wie\u015bniczy Roku 2022\/2023&#8221;"},"content":{"rendered":"\n\n\n<div dir=\"auto\"><span style=\"color: #000080;\">W dniu 20.10.2023r. w S\u0105dzie Okr\u0119gowym w Lublinie odby\u0142a si\u0119 konferencja na temat: Podsumowanie programu \u201eMediacje r\u00f3wie\u015bnicze metod\u0105 bezkonfliktowego rozwi\u0105zywania szkolnych spor\u00f3w w\u015br\u00f3d uczni\u00f3w szk\u00f3\u0142 wojew\u00f3dztwa lubelskiego\u201d, podczas kt\u00f3rej absolwentka Szko\u0142y Podstawowej Nr 1 w Hrubieszowie, Karolina Jasi\u0144ska, obecnie uczennica I Liceum Og\u00f3lnokszta\u0142c\u0105cego im. Ks. St. Staszica w Hrubieszowie, odebra\u0142a szczeg\u00f3ln\u0105 nagrod\u0119 w postaci statuetki &#8222;Mediator R\u00f3wie\u015bniczy Roku 2022\/2023&#8221;. Karolina zosta\u0142a nagrodzona za szczeg\u00f3lne zaanga\u017cowanie w prac\u0119 Szkolnego Klubu Mediatora oraz promowanie mediacji r\u00f3wie\u015bniczych na terenie naszej szko\u0142y i w \u015brodowisku lokalnym. Gratulujemy Karolinie i \u017cyczymy sukces\u00f3w mediacyjnych w nowej szkole<span class=\"x3nfvp2 x1j61x8r x1fcty0u xdj266r xhhsvwb xat24cr xgzva0m xxymvpz xlup9mm x1kky2od\"><img loading=\"lazy\" decoding=\"async\" class=\"xz74otr\" src=\"https:\/\/static.xx.fbcdn.net\/images\/emoji.php\/v9\/t6f\/1\/16\/1f337.png\" alt=\"?\" width=\"16\" height=\"16\"><\/span><\/span><\/div>\n<div dir=\"auto\"><span style=\"color: #000080;\">Opiekun Szkolnego Klubu Mediatora SP Nr 1 w Hrubieszowie-Marta Kuczy\u0144ska<\/span><\/div>\n<div dir=\"auto\">\nngg_shortcode_0_placeholder\n<\/div>\n","protected":false},"excerpt":{"rendered":"<p>W dniu 20.10.2023r. w S\u0105dzie Okr\u0119gowym w Lublinie odby\u0142a si\u0119 konferencja na temat: Podsumowanie programu \u201eMediacje r\u00f3wie\u015bnicze metod\u0105 bezkonfliktowego rozwi\u0105zywania szkolnych spor\u00f3w w\u015br\u00f3d uczni\u00f3w szk\u00f3\u0142 wojew\u00f3dztwa lubelskiego\u201d, podczas kt\u00f3rej absolwentka Szko\u0142y Podstawowej Nr 1 w Hrubieszowie, Karolina Jasi\u0144ska, obecnie uczennica I Liceum Og\u00f3lnokszta\u0142c\u0105cego im. Ks. St. Staszica w Hrubieszowie, odebra\u0142a szczeg\u00f3ln\u0105 nagrod\u0119 w postaci statuetki [&hellip;]<\/p>\n","protected":false},"author":2,"featured_media":0,"parent":5983,"menu_order":0,"comment_status":"closed","ping_status":"closed","template":"","meta":{"ngg_post_thumbnail":0,"footnotes":""},"class_list":["post-22123","page","type-page","status-publish","hentry"],"_links":{"self":[{"href":"https:\/\/sp1hrubieszow.pl\/index.php\/wp-json\/wp\/v2\/pages\/22123","targetHints":{"allow":["GET"]}}],"collection":[{"href":"https:\/\/sp1hrubieszow.pl\/index.php\/wp-json\/wp\/v2\/pages"}],"about":[{"href":"https:\/\/sp1hrubieszow.pl\/index.php\/wp-json\/wp\/v2\/types\/page"}],"author":[{"embeddable":true,"href":"https:\/\/sp1hrubieszow.pl\/index.php\/wp-json\/wp\/v2\/users\/2"}],"replies":[{"embeddable":true,"href":"https:\/\/sp1hrubieszow.pl\/index.php\/wp-json\/wp\/v2\/comments?post=22123"}],"version-history":[{"count":1,"href":"https:\/\/sp1hrubieszow.pl\/index.php\/wp-json\/wp\/v2\/pages\/22123\/revisions"}],"predecessor-version":[{"id":22124,"href":"https:\/\/sp1hrubieszow.pl\/index.php\/wp-json\/wp\/v2\/pages\/22123\/revisions\/22124"}],"up":[{"embeddable":true,"href":"https:\/\/sp1hrubieszow.pl\/index.php\/wp-json\/wp\/v2\/pages\/5983"}],"wp:attachment":[{"href":"https:\/\/sp1hrubieszow.pl\/index.php\/wp-json\/wp\/v2\/media?parent=22123"}],"curies":[{"name":"wp","href":"https:\/\/api.w.org\/{rel}","templated":true}]}}