{"id":22071,"date":"2023-10-19T17:52:08","date_gmt":"2023-10-19T15:52:08","guid":{"rendered":"https:\/\/sp1hrubieszow.pl\/?page_id=22071"},"modified":"2023-10-19T17:52:34","modified_gmt":"2023-10-19T15:52:34","slug":"podsumowanie-iii-edycji-konkursu-mediacja-sposobem-na-konflikt-przebiegajacego-pod-patronatem-honorowym-burmistrza-miasta-hrubieszowa-i-prezesa-sadu-rejonowego","status":"publish","type":"page","link":"https:\/\/sp1hrubieszow.pl\/index.php\/kronika-2020-2021\/podsumowanie-iii-edycji-konkursu-mediacja-sposobem-na-konflikt-przebiegajacego-pod-patronatem-honorowym-burmistrza-miasta-hrubieszowa-i-prezesa-sadu-rejonowego\/","title":{"rendered":"Podsumowanie III edycji konkursu \u201eMediacja sposobem na konflikt\u201d, przebiegaj\u0105cego pod patronatem honorowym Burmistrza Miasta Hrubieszowa i Prezesa S\u0105du Rejonowego"},"content":{"rendered":"\n\n\n<div dir=\"auto\"><span style=\"color: #000080;\">W dniu 17.10.2023r., w Szkole Podstawowej Nr 1 im. Boles\u0142awa Prusa w Hrubieszowie, podsumowano III edycj\u0119 mi\u0119dzyszkolnego konkursu plastycznego pt. \u201eMediacja sposobem na konflikt\u201d. Konkurs promuj\u0105cy mediacj\u0119 w \u015brodowisku szkolnym, odbywa\u0142 si\u0119 pod patronatem honorowym Burmistrza Miasta Hrubieszowa Pani Marty Majewskiej oraz pod patronatem honorowym Prezesa S\u0105du Rejonowego w Hrubieszowie Pana Adama Pisiewicza. Uczestnikami konkursu byli uczniowie szk\u00f3\u0142 podstawowych oraz ponadpodstawowych, dzia\u0142aj\u0105cych na terenie Gminy Miejskiej Hrubiesz\u00f3w oraz innych szk\u00f3\u0142 z powiatu hrubieszowskiego, wdra\u017caj\u0105cych program mediacji r\u00f3wie\u015bniczych a tak\u017ce szk\u00f3\u0142 wsp\u00f3\u0142pracuj\u0105cych ze Szkolnym Klubem Mediatora SP Nr 1 w Hrubieszowie. Do konkursu przyst\u0105pili uczniowie z nast\u0119puj\u0105cych szk\u00f3l podstawowych: Szko\u0142a Podstawowa Nr 1 im. Boles\u0142awa Prusa Hrubieszowie, Szko\u0142a Podstawowa Nr 2 im. Kardyna\u0142a Stefana Wyszy\u0144skiego w Hrubieszowie, Szko\u0142a Podstawowa Nr 3 im. mjr. Henryka Dobrza\u0144skiego \u201eHubala\u201d w Hrubieszowie, Zesp\u00f3\u0142 Szkolno-Przedszkolny w Mirczu, Szko\u0142a Podstawowa im. Jana Paw\u0142a II w Mienianach, Szko\u0142a Podstawowa im. Ks. Stanis\u0142awa Staszica w Czerniczynie, Szko\u0142a Podstawowa nr 4 w Bi\u0142goraju oraz uczniowie szk\u00f3\u0142 ponadpodstawowych: I Liceum Og\u00f3lnokszta\u0142c\u0105ce im. Ks. Stanis\u0142awa Staszica w Hrubieszowie, II Liceum Og\u00f3lnokszta\u0142c\u0105ce w Zespole Szk\u00f3\u0142 Nr 3 im. Tadeusza Ko\u015bciuszki w Hrubieszowie, Zesp\u00f3\u0142 Szk\u00f3\u0142 Nr 1 w Hrubieszowie.<\/span><\/div>\n<div dir=\"auto\"><span style=\"color: #000080;\">Celami konkursu by\u0142o:<\/span><\/div>\n<div dir=\"auto\"><span style=\"color: #000080;\">1.Popularyzowanie w\u015br\u00f3d dzieci i m\u0142odzie\u017cy wiedzy na temat mediacji, jako konstruktywnego sposobu rozwi\u0105zywania konflikt\u00f3w i spor\u00f3w.<\/span><\/div>\n<div dir=\"auto\"><span style=\"color: #000080;\">2.Promowanie mediacji i kszta\u0142towanie w\u015br\u00f3d uczni\u00f3w pozytywnego wizerunku mediacji, <\/span><span style=\"color: #000080;\">w tym mediacji r\u00f3wie\u015bniczych.<\/span><\/div>\n<div dir=\"auto\"><span style=\"color: #000080;\">3.Zach\u0119cenie uczestnik\u00f3w konkursu do udzia\u0142u w obchodach Mi\u0119dzynarodowego Dnia Mediacji i Tygodnia Mediacji\u20192023.<\/span><\/div>\n<div dir=\"auto\"><span style=\"color: #000080;\">Prace oceni\u0142a komisja w sk\u0142adzie: p. Agata \u0141azorczyk, p. Ewa Ma\u0142ecka, p. Ma\u0142gorzata Szumiata, p. Ewa Szostak, p. Arleta Kowalska, p. Ewa Filipowicz-Sidorczuk, p. Monika Czulak.<\/span><\/div>\n<div dir=\"auto\"><span style=\"color: #000080;\">Komisja wy\u0142oni\u0142a nast\u0119puj\u0105cych laureat\u00f3w konkursu:<\/span><\/div>\n<div dir=\"auto\"><span style=\"color: #000080;\">Kategoria: szko\u0142a podstawowa<\/span><\/div>\n<div dir=\"auto\"><span style=\"color: #000080;\">I miejsce: Lena Mizerska, Zesp\u00f3\u0142 Szkolno-Przedszkolny w Mirczu, opiekun: pani Agnieszka Marciniuk<\/span><\/div>\n<div dir=\"auto\"><span style=\"color: #000080;\">II miejsce: Maja Osi\u0144ska, Szko\u0142a Podstawowa Nr 3 im. mjr. Henryka Dobrza\u0144skiego \u201eHubala\u201d w Hrubieszowie, opiekun: pani Aneta Franke<\/span><\/div>\n<div dir=\"auto\"><span style=\"color: #000080;\">III miejsce: Milena Szczerbik, Szko\u0142a Podstawowa im. Ks. Stanis\u0142awa Staszica w Czerniczynie, opiekun: pani Anna Karcz<\/span><\/div>\n<div dir=\"auto\"><span style=\"color: #000080;\">Wyr\u00f3\u017cnienie: Bartosz Foltyn, Szko\u0142a Podstawowa Nr 2 im. Kardyna\u0142a Stefana Wyszy\u0144skiego w Hrubieszowie, opiekun: pani Izabela Czerw<\/span><\/div>\n<div dir=\"auto\"><span style=\"color: #000080;\">Wyr\u00f3\u017cnienie: Weronika Sala, Szko\u0142a Podstawowa Nr 3 im. mjr. Henryka Dobrza\u0144skiego \u201eHubala\u201d w Hrubieszowie, opiekun: pani Aneta Franke<\/span><\/div>\n<div dir=\"auto\"><span style=\"color: #000080;\">Wyr\u00f3\u017cnienie: Miko\u0142aj Karpiuk, Szko\u0142a Podstawowa Nr 1 im. Boles\u0142awa Prusa w Hrubieszowie opiekun: pani Ewa Filipowicz-Sidorczuk<\/span><\/div>\n<div dir=\"auto\"><span style=\"color: #000080;\">Kategoria: szko\u0142a ponadpodstawowa<\/span><\/div>\n<div dir=\"auto\"><span style=\"color: #000080;\">I miejsce: Ma\u0142gorzata Ferenc, II Liceum Og\u00f3lnokszta\u0142c\u0105ce w Zespole Szk\u00f3\u0142 Nr 3 im. Tadeusza Ko\u015bciuszki w Hrubieszowie, opiekun: pani Ewa \u0141opocka- Dyjak<\/span><\/div>\n<div dir=\"auto\"><span style=\"color: #000080;\">II miejsce: Agata Czajkowska, II Liceum Og\u00f3lnokszta\u0142c\u0105ce w Zespole Szk\u00f3\u0142 Nr 3 im. Tadeusza Ko\u015bciuszki w Hrubieszowie, opiekun: pani Ewa \u0141opocka- Dyjak<\/span><\/div>\n<div dir=\"auto\"><span style=\"color: #000080;\">III miejsce: Wiktoria Szka\u0142uba, I Liceum Og\u00f3lnokszta\u0142c\u0105ce im. Ks. Stanis\u0142awa Staszica w Hrubieszowie, opiekun: pani Jolanta Korneluk<\/span><\/div>\n<div dir=\"auto\"><span style=\"color: #000080;\">Wyr\u00f3\u017cnienie: Marta Oks\u0119tiuk, Zesp\u00f3\u0142 Szk\u00f3\u0142 Nr 1 w Hrubieszowie, opiekun pani Monika Jab\u0142o\u0144ska<\/span><\/div>\n<div dir=\"auto\"><span style=\"color: #000080;\">Wyr\u00f3\u017cnienie: Martyna Osma\u0144ska, II Liceum Og\u00f3lnokszta\u0142c\u0105ce<\/span><\/div>\n<div dir=\"auto\"><span style=\"color: #000080;\">w Zespole Szk\u00f3\u0142 Nr 3 im. Tadeusza Ko\u015bciuszki w Hrubieszowie, opiekun: pani Ewa \u0141opocka-Dyjak<\/span><\/div>\n<div dir=\"auto\"><span style=\"color: #000080;\">Wyr\u00f3\u017cnienie: Oliwia Romanowicz, Zesp\u00f3\u0142 Szk\u00f3\u0142 Nr 1<\/span><\/div>\n<div dir=\"auto\"><span style=\"color: #000080;\">w Hrubieszowie, opiekun: pani Monika Jab\u0142o\u0144ska<\/span><\/div>\n<div dir=\"auto\"><span style=\"color: #000080;\">Wyr\u00f3\u017cnienia specjalne mediator\u00f3w r\u00f3wie\u015bniczych<\/span><\/div>\n<div dir=\"auto\"><span style=\"color: #000080;\">Wyr\u00f3\u017cnienie specjalne mediator\u00f3w r\u00f3wie\u015bniczych: Karolina Jasi\u0144ska I Liceum Og\u00f3lnokszta\u0142c\u0105ce im. Ks. Stanis\u0142awa Staszica w Hrubieszowie, opiekun: pani Jolanta Korneluk<\/span><\/div>\n<div dir=\"auto\"><span style=\"color: #000080;\">Wyr\u00f3\u017cnienie specjalne mediator\u00f3w r\u00f3wie\u015bniczych: Hanna Sidorczuk, Szko\u0142a Podstawowa Nr 1 im. Boles\u0142awa Prusa w Hrubieszowie, opiekun: pani Marta Kuczy\u0144ska<\/span><\/div>\n<div dir=\"auto\"><span style=\"color: #000080;\">Wyr\u00f3\u017cnienie specjalne mediator\u00f3w r\u00f3wie\u015bniczych: Wiktoria Ku\u015b, Zesp\u00f3\u0142 Szkolno-Przedszkolny w Mirczu, opiekun: pani Agnieszka Marciniuk<\/span><\/div>\n<div dir=\"auto\"><span style=\"color: #000080;\">Wr\u0119czenia nagr\u00f3d dokonali zaproszeni go\u015bcie: Pani Marta Majewska, Burmistrz Miasta Hrubieszowa i Pan Wojciech Szostak, reprezentuj\u0105cy Prezesa S\u0105du Rejonowego w Hrubieszowie, Pana Adama Pisiewicza a tak\u017ce Pani Ewa Szostak, vice dyrektor Szko\u0142y Podstawowej Nr 1 im. Boles\u0142awa Prusa w Hrubieszowie. Laureaci konkursu otrzymali statuetki, dyplomy oraz nagrody ufundowane przez Gmin\u0119 Miejsk\u0105 Hrubiesz\u00f3w oraz S\u0105d Rejonowy<\/span><\/div>\n<div dir=\"auto\"><span style=\"color: #000080;\">w Hrubieszowie. Wykonano wystaw\u0119 prac konkursowych, promuj\u0105cych mediacj\u0119. Spotkanie, zorganizowane w \u201eTygodniu Mediacji\u201d, by\u0142o okazj\u0105 do integracji \u015brodowiska mediator\u00f3w r\u00f3wie\u015bniczych, dzia\u0142aj\u0105cych w naszym regionie. Organizatorem konkursu z ramienia Szko\u0142y Podstawowej Nr 1 im. Boles\u0142awa Prusa w Hrubieszowie by\u0142a p. Marta Kuczy\u0144ska, opiekun Szkolnego Klubu Mediatora.<\/span><\/div>\n<div dir=\"auto\">\nngg_shortcode_0_placeholder\n<\/div>\n","protected":false},"excerpt":{"rendered":"<p>W dniu 17.10.2023r., w Szkole Podstawowej Nr 1 im. Boles\u0142awa Prusa w Hrubieszowie, podsumowano III edycj\u0119 mi\u0119dzyszkolnego konkursu plastycznego pt. \u201eMediacja sposobem na konflikt\u201d. Konkurs promuj\u0105cy mediacj\u0119 w \u015brodowisku szkolnym, odbywa\u0142 si\u0119 pod patronatem honorowym Burmistrza Miasta Hrubieszowa Pani Marty Majewskiej oraz pod patronatem honorowym Prezesa S\u0105du Rejonowego w Hrubieszowie Pana Adama Pisiewicza. Uczestnikami konkursu [&hellip;]<\/p>\n","protected":false},"author":2,"featured_media":0,"parent":5983,"menu_order":0,"comment_status":"closed","ping_status":"closed","template":"","meta":{"ngg_post_thumbnail":0,"footnotes":""},"class_list":["post-22071","page","type-page","status-publish","hentry"],"_links":{"self":[{"href":"https:\/\/sp1hrubieszow.pl\/index.php\/wp-json\/wp\/v2\/pages\/22071","targetHints":{"allow":["GET"]}}],"collection":[{"href":"https:\/\/sp1hrubieszow.pl\/index.php\/wp-json\/wp\/v2\/pages"}],"about":[{"href":"https:\/\/sp1hrubieszow.pl\/index.php\/wp-json\/wp\/v2\/types\/page"}],"author":[{"embeddable":true,"href":"https:\/\/sp1hrubieszow.pl\/index.php\/wp-json\/wp\/v2\/users\/2"}],"replies":[{"embeddable":true,"href":"https:\/\/sp1hrubieszow.pl\/index.php\/wp-json\/wp\/v2\/comments?post=22071"}],"version-history":[{"count":1,"href":"https:\/\/sp1hrubieszow.pl\/index.php\/wp-json\/wp\/v2\/pages\/22071\/revisions"}],"predecessor-version":[{"id":22072,"href":"https:\/\/sp1hrubieszow.pl\/index.php\/wp-json\/wp\/v2\/pages\/22071\/revisions\/22072"}],"up":[{"embeddable":true,"href":"https:\/\/sp1hrubieszow.pl\/index.php\/wp-json\/wp\/v2\/pages\/5983"}],"wp:attachment":[{"href":"https:\/\/sp1hrubieszow.pl\/index.php\/wp-json\/wp\/v2\/media?parent=22071"}],"curies":[{"name":"wp","href":"https:\/\/api.w.org\/{rel}","templated":true}]}}