{"id":22051,"date":"2023-10-19T17:44:10","date_gmt":"2023-10-19T15:44:10","guid":{"rendered":"https:\/\/sp1hrubieszow.pl\/?page_id=22051"},"modified":"2023-10-19T17:44:44","modified_gmt":"2023-10-19T15:44:44","slug":"nagroda-w-ogolnopolskim-konkursie-na-plakat-promujacy-miedzynarodowy-dzien-mediacji2023","status":"publish","type":"page","link":"https:\/\/sp1hrubieszow.pl\/index.php\/kronika-2020-2021\/nagroda-w-ogolnopolskim-konkursie-na-plakat-promujacy-miedzynarodowy-dzien-mediacji2023\/","title":{"rendered":"Nagroda w og\u00f3lnopolskim konkursie na plakat promuj\u0105cy Mi\u0119dzynarodowy Dzie\u0144 Mediacji&#8217;2023"},"content":{"rendered":"\n<div dir=\"auto\"><span style=\"color: #000080;\">W dniu 17.10.2023r. Anna Metyk, uczennica klasy 6c Szko\u0142y Podstawowej Nr 1 im. Boles\u0142awa Prusa w Hrubieszowie, odebra\u0142a nagrod\u0119 w og\u00f3lnopolskim konkursie na plakat promuj\u0105cy Mi\u0119dzynarodowy Dzie\u0144 Mediacji&#8217;2023, organizowanym przez Ministerstwo Sprawiedliwo\u015bci. Konkurs mia\u0142 na celu popularyzowanie w\u015br\u00f3d uczni\u00f3w wiedzy na temat mediacji, jako alternatywnego sposobu rozwi\u0105zywania spor\u00f3w. Opr\u00f3cz nagrody rzeczowej, Ania otrzyma\u0142a pami\u0105tkowy kalendarz, w kt\u00f3rym znalaz\u0142a si\u0119 jej praca konkursowa oraz prace innych laureat\u00f3w konkursu.<\/span><\/div>\n<div dir=\"auto\"><span style=\"color: #000080;\">W uroczystym wr\u0119czeniu nagr\u00f3d z udzia\u0142em Podsekretarza Stanu w Ministerstwie Sprawiedliwo\u015bci &#8211; panem Marcinem Romanowskim, laureatce Ani Metyk towarzyszy\u0142a pani Edyta Kucharska, dyrektor szko\u0142y.<\/span><\/div>\n<div dir=\"auto\"><span style=\"color: #000080;\">Opiekunami nagrodzonej uczennicy by\u0142y panie: Marta Kuczy\u0144ska i &nbsp;Ewa Filipowicz-Sidorczuk<\/span><\/div>\n<div dir=\"auto\"><span style=\"color: #000080;\">Gratulacje!<\/span><\/div>\n<div dir=\"auto\">\nngg_shortcode_0_placeholder\n<\/div>\n","protected":false},"excerpt":{"rendered":"<p>W dniu 17.10.2023r. Anna Metyk, uczennica klasy 6c Szko\u0142y Podstawowej Nr 1 im. Boles\u0142awa Prusa w Hrubieszowie, odebra\u0142a nagrod\u0119 w og\u00f3lnopolskim konkursie na plakat promuj\u0105cy Mi\u0119dzynarodowy Dzie\u0144 Mediacji&#8217;2023, organizowanym przez Ministerstwo Sprawiedliwo\u015bci. Konkurs mia\u0142 na celu popularyzowanie w\u015br\u00f3d uczni\u00f3w wiedzy na temat mediacji, jako alternatywnego sposobu rozwi\u0105zywania spor\u00f3w. Opr\u00f3cz nagrody rzeczowej, Ania otrzyma\u0142a pami\u0105tkowy kalendarz, [&hellip;]<\/p>\n","protected":false},"author":2,"featured_media":0,"parent":5983,"menu_order":0,"comment_status":"closed","ping_status":"closed","template":"","meta":{"ngg_post_thumbnail":0,"footnotes":""},"class_list":["post-22051","page","type-page","status-publish","hentry"],"_links":{"self":[{"href":"https:\/\/sp1hrubieszow.pl\/index.php\/wp-json\/wp\/v2\/pages\/22051","targetHints":{"allow":["GET"]}}],"collection":[{"href":"https:\/\/sp1hrubieszow.pl\/index.php\/wp-json\/wp\/v2\/pages"}],"about":[{"href":"https:\/\/sp1hrubieszow.pl\/index.php\/wp-json\/wp\/v2\/types\/page"}],"author":[{"embeddable":true,"href":"https:\/\/sp1hrubieszow.pl\/index.php\/wp-json\/wp\/v2\/users\/2"}],"replies":[{"embeddable":true,"href":"https:\/\/sp1hrubieszow.pl\/index.php\/wp-json\/wp\/v2\/comments?post=22051"}],"version-history":[{"count":1,"href":"https:\/\/sp1hrubieszow.pl\/index.php\/wp-json\/wp\/v2\/pages\/22051\/revisions"}],"predecessor-version":[{"id":22052,"href":"https:\/\/sp1hrubieszow.pl\/index.php\/wp-json\/wp\/v2\/pages\/22051\/revisions\/22052"}],"up":[{"embeddable":true,"href":"https:\/\/sp1hrubieszow.pl\/index.php\/wp-json\/wp\/v2\/pages\/5983"}],"wp:attachment":[{"href":"https:\/\/sp1hrubieszow.pl\/index.php\/wp-json\/wp\/v2\/media?parent=22051"}],"curies":[{"name":"wp","href":"https:\/\/api.w.org\/{rel}","templated":true}]}}