{"id":22036,"date":"2023-10-19T17:38:16","date_gmt":"2023-10-19T15:38:16","guid":{"rendered":"https:\/\/sp1hrubieszow.pl\/?page_id=22036"},"modified":"2023-10-19T17:38:29","modified_gmt":"2023-10-19T15:38:29","slug":"16-10-22-10-2023r-tydzien-mediacji-19-10-2023r-miedzynarodowy-dzien-mediacji","status":"publish","type":"page","link":"https:\/\/sp1hrubieszow.pl\/index.php\/kronika-2020-2021\/16-10-22-10-2023r-tydzien-mediacji-19-10-2023r-miedzynarodowy-dzien-mediacji\/","title":{"rendered":"16.10-22.10.2023r. Tydzie\u0144 Mediacji                         19.10.2023r. Mi\u0119dzynarodowy Dzie\u0144 Mediacji"},"content":{"rendered":"\n\n\n<p><span style=\"color: #000080;\">W Szkole Podstawowej Nr 1, jak co roku obchodzimy Tydzie\u0144 Mediacji. W bie\u017c\u0105cym roku szkolnym 25 uczni\u00f3w i uczennic z klas 5-7 rozpocz\u0119\u0142o szkolenie przygotowuj\u0105ce do pe\u0142nienia funkcji mediatora r\u00f3wie\u015bniczego na terenie szko\u0142y. Przyszli mediatorzy, promowali mediacje jako korzystny i pozbawiony przemocy spos\u00f3b rozwi\u0105zywania spor\u00f3w i konflikt\u00f3w. Uczniowie odwiedzili wszystkie klasy oraz przekazywali informacje i ulotki promuj\u0105ce mediacj\u0119. Na korytarzach przygotowano gazetki oraz wystaw\u0119 prac konkursowych \u201eMediacja sposobem na konflikt\u201d. Zach\u0119camy spo\u0142eczno\u015b\u0107 szkoln\u0105 do korzystania z mo\u017cliwo\u015bci udzia\u0142u w mediacjach i mediacjach r\u00f3wie\u015bniczych. <span class=\"x3nfvp2 x1j61x8r x1fcty0u xdj266r xhhsvwb xat24cr xgzva0m xxymvpz xlup9mm x1kky2od\"><img loading=\"lazy\" decoding=\"async\" class=\"xz74otr\" src=\"https:\/\/static.xx.fbcdn.net\/images\/emoji.php\/v9\/t8\/1\/16\/1f341.png\" alt=\"?\" width=\"16\" height=\"16\"><\/span><span class=\"x3nfvp2 x1j61x8r x1fcty0u xdj266r xhhsvwb xat24cr xgzva0m xxymvpz xlup9mm x1kky2od\"><img loading=\"lazy\" decoding=\"async\" class=\"xz74otr\" src=\"https:\/\/static.xx.fbcdn.net\/images\/emoji.php\/v9\/t89\/1\/16\/1f342.png\" alt=\"?\" width=\"16\" height=\"16\"><\/span><span class=\"x3nfvp2 x1j61x8r x1fcty0u xdj266r xhhsvwb xat24cr xgzva0m xxymvpz xlup9mm x1kky2od\"><img loading=\"lazy\" decoding=\"async\" class=\"xz74otr\" src=\"https:\/\/static.xx.fbcdn.net\/images\/emoji.php\/v9\/t89\/1\/16\/1f342.png\" alt=\"?\" width=\"16\" height=\"16\"> <\/span><\/span><\/p>\n<p><span style=\"color: #000080;\">Opiekun Szkolnego Klubu Mediatora- Marta Kuczy\u0144ska<\/span><\/p>\nngg_shortcode_0_placeholder\n","protected":false},"excerpt":{"rendered":"<p>W Szkole Podstawowej Nr 1, jak co roku obchodzimy Tydzie\u0144 Mediacji. W bie\u017c\u0105cym roku szkolnym 25 uczni\u00f3w i uczennic z klas 5-7 rozpocz\u0119\u0142o szkolenie przygotowuj\u0105ce do pe\u0142nienia funkcji mediatora r\u00f3wie\u015bniczego na terenie szko\u0142y. Przyszli mediatorzy, promowali mediacje jako korzystny i pozbawiony przemocy spos\u00f3b rozwi\u0105zywania spor\u00f3w i konflikt\u00f3w. Uczniowie odwiedzili wszystkie klasy oraz przekazywali informacje i [&hellip;]<\/p>\n","protected":false},"author":2,"featured_media":0,"parent":5983,"menu_order":0,"comment_status":"closed","ping_status":"closed","template":"","meta":{"ngg_post_thumbnail":0,"footnotes":""},"class_list":["post-22036","page","type-page","status-publish","hentry"],"_links":{"self":[{"href":"https:\/\/sp1hrubieszow.pl\/index.php\/wp-json\/wp\/v2\/pages\/22036","targetHints":{"allow":["GET"]}}],"collection":[{"href":"https:\/\/sp1hrubieszow.pl\/index.php\/wp-json\/wp\/v2\/pages"}],"about":[{"href":"https:\/\/sp1hrubieszow.pl\/index.php\/wp-json\/wp\/v2\/types\/page"}],"author":[{"embeddable":true,"href":"https:\/\/sp1hrubieszow.pl\/index.php\/wp-json\/wp\/v2\/users\/2"}],"replies":[{"embeddable":true,"href":"https:\/\/sp1hrubieszow.pl\/index.php\/wp-json\/wp\/v2\/comments?post=22036"}],"version-history":[{"count":1,"href":"https:\/\/sp1hrubieszow.pl\/index.php\/wp-json\/wp\/v2\/pages\/22036\/revisions"}],"predecessor-version":[{"id":22037,"href":"https:\/\/sp1hrubieszow.pl\/index.php\/wp-json\/wp\/v2\/pages\/22036\/revisions\/22037"}],"up":[{"embeddable":true,"href":"https:\/\/sp1hrubieszow.pl\/index.php\/wp-json\/wp\/v2\/pages\/5983"}],"wp:attachment":[{"href":"https:\/\/sp1hrubieszow.pl\/index.php\/wp-json\/wp\/v2\/media?parent=22036"}],"curies":[{"name":"wp","href":"https:\/\/api.w.org\/{rel}","templated":true}]}}