{"id":21974,"date":"2023-10-16T20:18:21","date_gmt":"2023-10-16T18:18:21","guid":{"rendered":"https:\/\/sp1hrubieszow.pl\/?page_id=21974"},"modified":"2023-10-16T20:18:56","modified_gmt":"2023-10-16T18:18:56","slug":"obchody-europejskiego-tygodnia-swiadomosci-dysleksji2023","status":"publish","type":"page","link":"https:\/\/sp1hrubieszow.pl\/index.php\/kronika-2020-2021\/obchody-europejskiego-tygodnia-swiadomosci-dysleksji2023\/","title":{"rendered":"Obchody Europejskiego Tygodnia \u015awiadomo\u015bci Dysleksji\u20192023"},"content":{"rendered":"\n<p><span style=\"color: #000080;\">W dniach 02-06.10.2023r. w Szkole Podstawowej Nr 1 im. Boles\u0142awa Prusa w Hrubieszowie zorganizowano dzia\u0142ania, maj\u0105ce na celu podnoszenie \u015bwiadomo\u015bci szkolnej na temat dysleksji rozwojowej. Has\u0142o przewodnie tegorocznej akcji brzmia\u0142o: \u201eUcze\u0144 z dysleksj\u0105 w cyfrowym \u015bwiecie\u201d.<\/span><br><span style=\"color: #000080;\">Dnia 02.10.2023r. przygotowano gazetki informacyjne na korytarzach szkolnych, umieszczono informacje i plakaty na szkolnym profilu FB oraz wykonano wystaw\u0119 ksi\u0105\u017cek, u\u0142atwiaj\u0105cych nauk\u0119 czytania&nbsp; i zak\u0142adek ortograficznych w bibliotece szkolnej.<\/span><br><span style=\"color: #000080;\">03.10.2023r. odby\u0142a si\u0119 akcja \u201eStarsi ucz\u0105 m\u0142odszych\u201d, podczas kt\u00f3rej odby\u0142y si\u0119 pokazy pomocy \u201eLaboratoria Przysz\u0142o\u015bci\u201d; uczniowie klas sz\u00f3stych uczyli trzecioklasist\u00f3w w jaki spos\u00f3b zaprogramowa\u0107 drog\u0119 robota w aplikacji.<\/span><br><span style=\"color: #000080;\">04.10.2023r. zorganizowano akcj\u0119 czytelnicz\u0105 pt. \u201e CzytaMY z Bratkiem\u201d, w ramach kt\u00f3rej trzecioklasi\u015bci czytali bajki Bratka uczniom klas pierwszych.<\/span><br><span style=\"color: #000080;\">05.10.2023r. nauczyciele wzi\u0119li udzia\u0142 w szkoleniowym posiedzeniu rady pedagogicznej pt. \u201e Praca w zr\u00f3\u017cnicowanym zespole klasowym\u201d, za\u015b rodzice mogli skorzysta\u0107 z konsultacji ze specjalistami szkolnymi b\u0105d\u017a samodzielnie edukowa\u0107 si\u0119&nbsp; z wykorzystaniem materia\u0142\u00f3w edukacyjnych, przes\u0142anych za po\u015brednictwem dziennika elektronicznego. Uczniowie klas pierwszych, podzieleni na grupy, tworzyli budowle, przedstawiaj\u0105ce wymarzon\u0105 szko\u0142\u0119 z klock\u00f3w \u201eLaboratoria Przysz\u0142o\u015bci\u201d.<\/span><br><span style=\"color: #000080;\">06.10.2023r. rozstrzygni\u0119to szkolne konkursy, og\u0142oszone z okazji ET\u015aD;2023, takie jak: \u201eOrtograficzne obrazki w paint\u201d oraz budowle i plakaty klasowe pt.\u201e Wymarzona Szko\u0142a Przysz\u0142o\u015bci\u201d. Nagrodami w konkursie by\u0142y s\u0142owniki ortograficzne, gry planszowe i puzzle.<\/span><br><span style=\"color: #000080;\">Tegoroczne \u015bwi\u0119to, wzorem lat ubieg\u0142ych, przynios\u0142o nam wiele rado\u015bci ze wsp\u00f3lnego przebywania ze sob\u0105 i uczenia si\u0119 z wykorzystaniem ciekawych metod i pomocy.<\/span><\/p>\n<p><span style=\"color: #000080;\">Koordynator obchod\u00f3w w SP1 Hrubiesz\u00f3w-Marta Kuczy\u0144ska, pedagog-terapeuta<\/span><\/p>\nngg_shortcode_0_placeholder\n<p>&nbsp;<\/p>\n","protected":false},"excerpt":{"rendered":"<p>W dniach 02-06.10.2023r. w Szkole Podstawowej Nr 1 im. Boles\u0142awa Prusa w Hrubieszowie zorganizowano dzia\u0142ania, maj\u0105ce na celu podnoszenie \u015bwiadomo\u015bci szkolnej na temat dysleksji rozwojowej. Has\u0142o przewodnie tegorocznej akcji brzmia\u0142o: \u201eUcze\u0144 z dysleksj\u0105 w cyfrowym \u015bwiecie\u201d.Dnia 02.10.2023r. przygotowano gazetki informacyjne na korytarzach szkolnych, umieszczono informacje i plakaty na szkolnym profilu FB oraz wykonano wystaw\u0119 ksi\u0105\u017cek, [&hellip;]<\/p>\n","protected":false},"author":2,"featured_media":0,"parent":5983,"menu_order":0,"comment_status":"closed","ping_status":"closed","template":"","meta":{"ngg_post_thumbnail":0,"footnotes":""},"class_list":["post-21974","page","type-page","status-publish","hentry"],"_links":{"self":[{"href":"https:\/\/sp1hrubieszow.pl\/index.php\/wp-json\/wp\/v2\/pages\/21974","targetHints":{"allow":["GET"]}}],"collection":[{"href":"https:\/\/sp1hrubieszow.pl\/index.php\/wp-json\/wp\/v2\/pages"}],"about":[{"href":"https:\/\/sp1hrubieszow.pl\/index.php\/wp-json\/wp\/v2\/types\/page"}],"author":[{"embeddable":true,"href":"https:\/\/sp1hrubieszow.pl\/index.php\/wp-json\/wp\/v2\/users\/2"}],"replies":[{"embeddable":true,"href":"https:\/\/sp1hrubieszow.pl\/index.php\/wp-json\/wp\/v2\/comments?post=21974"}],"version-history":[{"count":1,"href":"https:\/\/sp1hrubieszow.pl\/index.php\/wp-json\/wp\/v2\/pages\/21974\/revisions"}],"predecessor-version":[{"id":21975,"href":"https:\/\/sp1hrubieszow.pl\/index.php\/wp-json\/wp\/v2\/pages\/21974\/revisions\/21975"}],"up":[{"embeddable":true,"href":"https:\/\/sp1hrubieszow.pl\/index.php\/wp-json\/wp\/v2\/pages\/5983"}],"wp:attachment":[{"href":"https:\/\/sp1hrubieszow.pl\/index.php\/wp-json\/wp\/v2\/media?parent=21974"}],"curies":[{"name":"wp","href":"https:\/\/api.w.org\/{rel}","templated":true}]}}