{"id":21916,"date":"2023-10-13T12:58:14","date_gmt":"2023-10-13T10:58:14","guid":{"rendered":"https:\/\/sp1hrubieszow.pl\/?page_id=21916"},"modified":"2023-10-13T12:58:37","modified_gmt":"2023-10-13T10:58:37","slug":"dzien-edukacji-narodowej-2","status":"publish","type":"page","link":"https:\/\/sp1hrubieszow.pl\/index.php\/kronika-2020-2021\/dzien-edukacji-narodowej-2\/","title":{"rendered":"Dzie\u0144 Edukacji Narodowej"},"content":{"rendered":"\n<p><span style=\"color: #000080;\">13 pa\u017adziernika w naszej szkole mieli\u015bmy okazj\u0119 obejrze\u0107 wymown\u0105 inscenizacj\u0119 z okazji Dnia Edukacji Narodowej. Uczniowie z klasy 3a, 7c oraz 8a zaprezentowali etapy rozwoju m\u0142odego cz\u0142owieka i rol\u0119 nauczyciela w kszta\u0142towaniu jego osobowo\u015bci. Inscenizacj\u0119 przygotowa\u0142y panie: Ma\u0142gorzata Greszeta, Marta Lackowska i Anna Czernysz. O nag\u0142o\u015bnienie i podk\u0142ady muzyczne zadba\u0142 pan Arkadiusz Mielniczek. Dekoracje wykona\u0142y panie: Arleta Kowalska i Ewa Filipowicz &#8211; Sidorczuk.&nbsp;<\/span><\/p>\nngg_shortcode_0_placeholder\n","protected":false},"excerpt":{"rendered":"<p>13 pa\u017adziernika w naszej szkole mieli\u015bmy okazj\u0119 obejrze\u0107 wymown\u0105 inscenizacj\u0119 z okazji Dnia Edukacji Narodowej. Uczniowie z klasy 3a, 7c oraz 8a zaprezentowali etapy rozwoju m\u0142odego cz\u0142owieka i rol\u0119 nauczyciela w kszta\u0142towaniu jego osobowo\u015bci. Inscenizacj\u0119 przygotowa\u0142y panie: Ma\u0142gorzata Greszeta, Marta Lackowska i Anna Czernysz. O nag\u0142o\u015bnienie i podk\u0142ady muzyczne zadba\u0142 pan Arkadiusz Mielniczek. Dekoracje wykona\u0142y [&hellip;]<\/p>\n","protected":false},"author":2,"featured_media":0,"parent":5983,"menu_order":0,"comment_status":"closed","ping_status":"closed","template":"","meta":{"ngg_post_thumbnail":0,"footnotes":""},"class_list":["post-21916","page","type-page","status-publish","hentry"],"_links":{"self":[{"href":"https:\/\/sp1hrubieszow.pl\/index.php\/wp-json\/wp\/v2\/pages\/21916","targetHints":{"allow":["GET"]}}],"collection":[{"href":"https:\/\/sp1hrubieszow.pl\/index.php\/wp-json\/wp\/v2\/pages"}],"about":[{"href":"https:\/\/sp1hrubieszow.pl\/index.php\/wp-json\/wp\/v2\/types\/page"}],"author":[{"embeddable":true,"href":"https:\/\/sp1hrubieszow.pl\/index.php\/wp-json\/wp\/v2\/users\/2"}],"replies":[{"embeddable":true,"href":"https:\/\/sp1hrubieszow.pl\/index.php\/wp-json\/wp\/v2\/comments?post=21916"}],"version-history":[{"count":1,"href":"https:\/\/sp1hrubieszow.pl\/index.php\/wp-json\/wp\/v2\/pages\/21916\/revisions"}],"predecessor-version":[{"id":21917,"href":"https:\/\/sp1hrubieszow.pl\/index.php\/wp-json\/wp\/v2\/pages\/21916\/revisions\/21917"}],"up":[{"embeddable":true,"href":"https:\/\/sp1hrubieszow.pl\/index.php\/wp-json\/wp\/v2\/pages\/5983"}],"wp:attachment":[{"href":"https:\/\/sp1hrubieszow.pl\/index.php\/wp-json\/wp\/v2\/media?parent=21916"}],"curies":[{"name":"wp","href":"https:\/\/api.w.org\/{rel}","templated":true}]}}