{"id":21838,"date":"2023-10-05T19:55:48","date_gmt":"2023-10-05T17:55:48","guid":{"rendered":"https:\/\/sp1hrubieszow.pl\/?page_id=21838"},"modified":"2023-10-05T19:56:08","modified_gmt":"2023-10-05T17:56:08","slug":"klasa-5c-na-wycieczce-w-zamosciu","status":"publish","type":"page","link":"https:\/\/sp1hrubieszow.pl\/index.php\/kronika-2020-2021\/klasa-5c-na-wycieczce-w-zamosciu\/","title":{"rendered":"Klasa 5c na wycieczce w Zamo\u015bciu"},"content":{"rendered":"\n<p><span style=\"color: #000080;\">Z okazji Dnia Ch\u0142opaka klasa 5c wybra\u0142a si\u0119 na wycieczk\u0119 do Zamo\u015bcia. Uczniowie trenowali skoki w parku trampolin oraz zwiedzili miasto podczas przeja\u017cd\u017cki meleksem. Wyjazd by\u0142 bardzo udany, pogoda pi\u0119kna, a pizza i lody smakowa\u0142y wy\u015bmienicie.<\/span><\/p>\nngg_shortcode_0_placeholder\n","protected":false},"excerpt":{"rendered":"<p>Z okazji Dnia Ch\u0142opaka klasa 5c wybra\u0142a si\u0119 na wycieczk\u0119 do Zamo\u015bcia. Uczniowie trenowali skoki w parku trampolin oraz zwiedzili miasto podczas przeja\u017cd\u017cki meleksem. Wyjazd by\u0142 bardzo udany, pogoda pi\u0119kna, a pizza i lody smakowa\u0142y wy\u015bmienicie.<\/p>\n","protected":false},"author":2,"featured_media":0,"parent":5983,"menu_order":0,"comment_status":"closed","ping_status":"closed","template":"","meta":{"ngg_post_thumbnail":0,"footnotes":""},"class_list":["post-21838","page","type-page","status-publish","hentry"],"_links":{"self":[{"href":"https:\/\/sp1hrubieszow.pl\/index.php\/wp-json\/wp\/v2\/pages\/21838","targetHints":{"allow":["GET"]}}],"collection":[{"href":"https:\/\/sp1hrubieszow.pl\/index.php\/wp-json\/wp\/v2\/pages"}],"about":[{"href":"https:\/\/sp1hrubieszow.pl\/index.php\/wp-json\/wp\/v2\/types\/page"}],"author":[{"embeddable":true,"href":"https:\/\/sp1hrubieszow.pl\/index.php\/wp-json\/wp\/v2\/users\/2"}],"replies":[{"embeddable":true,"href":"https:\/\/sp1hrubieszow.pl\/index.php\/wp-json\/wp\/v2\/comments?post=21838"}],"version-history":[{"count":1,"href":"https:\/\/sp1hrubieszow.pl\/index.php\/wp-json\/wp\/v2\/pages\/21838\/revisions"}],"predecessor-version":[{"id":21839,"href":"https:\/\/sp1hrubieszow.pl\/index.php\/wp-json\/wp\/v2\/pages\/21838\/revisions\/21839"}],"up":[{"embeddable":true,"href":"https:\/\/sp1hrubieszow.pl\/index.php\/wp-json\/wp\/v2\/pages\/5983"}],"wp:attachment":[{"href":"https:\/\/sp1hrubieszow.pl\/index.php\/wp-json\/wp\/v2\/media?parent=21838"}],"curies":[{"name":"wp","href":"https:\/\/api.w.org\/{rel}","templated":true}]}}