{"id":21829,"date":"2023-10-04T18:54:28","date_gmt":"2023-10-04T16:54:28","guid":{"rendered":"https:\/\/sp1hrubieszow.pl\/?page_id=21829"},"modified":"2023-10-04T18:54:55","modified_gmt":"2023-10-04T16:54:55","slug":"zamien-kropke-w-arcydzielo","status":"publish","type":"page","link":"https:\/\/sp1hrubieszow.pl\/index.php\/kronika-2020-2021\/zamien-kropke-w-arcydzielo\/","title":{"rendered":"\u201eZamie\u0144 kropk\u0119 w arcydzie\u0142o\u201d"},"content":{"rendered":"\n<p><strong>&nbsp;<\/strong><span style=\"color: #000080;\">W ramach obchod\u00f3w Mi\u0119dzynarodowego Dnia Kropki zosta\u0142 og\u0142oszony konkurs plastyczny \u201eZamie\u0144 kropk\u0119 w arcydzie\u0142o\u201d.&nbsp; Konkurs skierowany by\u0142 do uczni\u00f3w klas 1 \u2013 8 naszej szko\u0142y. Termin oddawania prac up\u0142yn\u0105\u0142 22 wrze\u015bnia 2023 roku. Komisja konkursowa w sk\u0142adzie: pani Anna Czernysz, Pani Renata Danilczuk, pani Marta Lackowska przyzna\u0142a nagrody w dw\u00f3ch kategoriach wiekowych:<\/span><\/p>\n<p><span style=\"color: #000080;\">klasy 1-3<\/span><\/p>\n<p><span style=\"color: #000080;\">miejsce I Nikola Ciucka klasa 3c<\/span><\/p>\n<p><span style=\"color: #000080;\">miejsce II Adrianna Mazurek klasa 3a<\/span><\/p>\n<p><span style=\"color: #000080;\">miejsce III Zuzanna Korneluk klasa 3a<\/span><\/p>\n<p><span style=\"color: #000080;\">wyr\u00f3\u017cnienie Piotr Przybik klasa 3b<\/span><\/p>\n<p><span style=\"color: #000080;\">klasy 4-8<\/span><\/p>\n<p><span style=\"color: #000080;\">miejsce I Krystian Szymczuk klasa 6c<\/span><\/p>\n<p><span style=\"color: #000080;\">miejsce II Martyna Markowska &nbsp;klasa 4a<\/span><\/p>\n<p><span style=\"color: #000080;\">miejsce III Remigiusz Dziadosz klasa 5a<\/span><\/p>\n<p><span style=\"color: #000080;\">wyr\u00f3\u017cnienie Wiktoria Ha\u0142asa &nbsp;klasa 5a&nbsp;&nbsp;&nbsp;&nbsp;&nbsp;&nbsp;&nbsp;<\/span><\/p>\n<p><span style=\"color: #000080;\">Nagrody w postaci kredek zosta\u0142y zasponsorowane przez Stowarzyszenie na Rzecz Dzieci i M\u0142odzie\u017cy \u201eJESTEM\u201d im. \u015aw. Jana Bosko w Hrubieszowie. Organizatorem konkursu by\u0142a pani Marta Lackowska \u2013 nauczyciel j\u0119zyka polskiego. Nagrody wr\u0119cza\u0142a pani wicedyrektor Ewa Szostak.<\/span><\/p>\nngg_shortcode_0_placeholder\n","protected":false},"excerpt":{"rendered":"<p>&nbsp;W ramach obchod\u00f3w Mi\u0119dzynarodowego Dnia Kropki zosta\u0142 og\u0142oszony konkurs plastyczny \u201eZamie\u0144 kropk\u0119 w arcydzie\u0142o\u201d.&nbsp; Konkurs skierowany by\u0142 do uczni\u00f3w klas 1 \u2013 8 naszej szko\u0142y. Termin oddawania prac up\u0142yn\u0105\u0142 22 wrze\u015bnia 2023 roku. Komisja konkursowa w sk\u0142adzie: pani Anna Czernysz, Pani Renata Danilczuk, pani Marta Lackowska przyzna\u0142a nagrody w dw\u00f3ch kategoriach wiekowych: klasy 1-3 miejsce [&hellip;]<\/p>\n","protected":false},"author":2,"featured_media":0,"parent":5983,"menu_order":0,"comment_status":"closed","ping_status":"closed","template":"","meta":{"ngg_post_thumbnail":0,"footnotes":""},"class_list":["post-21829","page","type-page","status-publish","hentry"],"_links":{"self":[{"href":"https:\/\/sp1hrubieszow.pl\/index.php\/wp-json\/wp\/v2\/pages\/21829","targetHints":{"allow":["GET"]}}],"collection":[{"href":"https:\/\/sp1hrubieszow.pl\/index.php\/wp-json\/wp\/v2\/pages"}],"about":[{"href":"https:\/\/sp1hrubieszow.pl\/index.php\/wp-json\/wp\/v2\/types\/page"}],"author":[{"embeddable":true,"href":"https:\/\/sp1hrubieszow.pl\/index.php\/wp-json\/wp\/v2\/users\/2"}],"replies":[{"embeddable":true,"href":"https:\/\/sp1hrubieszow.pl\/index.php\/wp-json\/wp\/v2\/comments?post=21829"}],"version-history":[{"count":1,"href":"https:\/\/sp1hrubieszow.pl\/index.php\/wp-json\/wp\/v2\/pages\/21829\/revisions"}],"predecessor-version":[{"id":21830,"href":"https:\/\/sp1hrubieszow.pl\/index.php\/wp-json\/wp\/v2\/pages\/21829\/revisions\/21830"}],"up":[{"embeddable":true,"href":"https:\/\/sp1hrubieszow.pl\/index.php\/wp-json\/wp\/v2\/pages\/5983"}],"wp:attachment":[{"href":"https:\/\/sp1hrubieszow.pl\/index.php\/wp-json\/wp\/v2\/media?parent=21829"}],"curies":[{"name":"wp","href":"https:\/\/api.w.org\/{rel}","templated":true}]}}