{"id":21807,"date":"2023-10-02T16:48:01","date_gmt":"2023-10-02T14:48:01","guid":{"rendered":"https:\/\/sp1hrubieszow.pl\/?page_id=21807"},"modified":"2023-10-02T16:48:15","modified_gmt":"2023-10-02T14:48:15","slug":"akademia-bezpiecznego-puchatka-2","status":"publish","type":"page","link":"https:\/\/sp1hrubieszow.pl\/index.php\/kronika-2020-2021\/akademia-bezpiecznego-puchatka-2\/","title":{"rendered":"Akademia Bezpiecznego Puchatka"},"content":{"rendered":"\n\n\n<div dir=\"auto\"><span style=\"color: #000080;\">W dniu 27.09.2023r. uczniowie klas pierwszych wzi\u0119li udzia\u0142 w spotkaniu z przedstawicielem KPP w Hrubieszowie, aspirantem sztabowym p. Edyt\u0105 Krystkowiak, kt\u00f3ra przyby\u0142a na spotkanie z dzie\u0107mi wraz z policyjn\u0105 maskotk\u0105. Pierwszoklasi\u015bci, podczas spotkania, dowiedzieli si\u0119 jak dba\u0107 o bezpiecze\u0144stwo w szkole, w drodze do szko\u0142y oraz w kontakcie z osobami nieznajomymi. Utrwalili znajomo\u015b\u0107 numeru alarmowego 112 oraz dowiedzieli si\u0119 w jaki spos\u00f3b prawid\u0142owo wezwa\u0107 pomoc. Spotkanie sta\u0142o si\u0119 okazj\u0105 do wprowadzenia uczni\u00f3w klas pierwszych w tematyk\u0119 og\u00f3lnopolskiego programu \u201e Akademia Bezpiecznego Puchatka\u201d, w kt\u00f3rym b\u0119d\u0105 uczestniczy\u0107 w bie\u017c\u0105cym roku szkolnym. Wiele rado\u015bci sprawi\u0142a najm\u0142odszym uczniom policyjna maskotka, od kt\u00f3rej otrzymali s\u0142odki upominek a tak\u017ce mo\u017cliwo\u015b\u0107 wykonania wsp\u00f3lnych zdj\u0119\u0107 z zaproszonymi go\u015b\u0107mi.<\/span><\/div>\n<div dir=\"auto\">\nngg_shortcode_0_placeholder\n<\/div>\n","protected":false},"excerpt":{"rendered":"<p>W dniu 27.09.2023r. uczniowie klas pierwszych wzi\u0119li udzia\u0142 w spotkaniu z przedstawicielem KPP w Hrubieszowie, aspirantem sztabowym p. Edyt\u0105 Krystkowiak, kt\u00f3ra przyby\u0142a na spotkanie z dzie\u0107mi wraz z policyjn\u0105 maskotk\u0105. Pierwszoklasi\u015bci, podczas spotkania, dowiedzieli si\u0119 jak dba\u0107 o bezpiecze\u0144stwo w szkole, w drodze do szko\u0142y oraz w kontakcie z osobami nieznajomymi. Utrwalili znajomo\u015b\u0107 numeru alarmowego [&hellip;]<\/p>\n","protected":false},"author":2,"featured_media":0,"parent":5983,"menu_order":0,"comment_status":"closed","ping_status":"closed","template":"","meta":{"ngg_post_thumbnail":0,"footnotes":""},"class_list":["post-21807","page","type-page","status-publish","hentry"],"_links":{"self":[{"href":"https:\/\/sp1hrubieszow.pl\/index.php\/wp-json\/wp\/v2\/pages\/21807","targetHints":{"allow":["GET"]}}],"collection":[{"href":"https:\/\/sp1hrubieszow.pl\/index.php\/wp-json\/wp\/v2\/pages"}],"about":[{"href":"https:\/\/sp1hrubieszow.pl\/index.php\/wp-json\/wp\/v2\/types\/page"}],"author":[{"embeddable":true,"href":"https:\/\/sp1hrubieszow.pl\/index.php\/wp-json\/wp\/v2\/users\/2"}],"replies":[{"embeddable":true,"href":"https:\/\/sp1hrubieszow.pl\/index.php\/wp-json\/wp\/v2\/comments?post=21807"}],"version-history":[{"count":1,"href":"https:\/\/sp1hrubieszow.pl\/index.php\/wp-json\/wp\/v2\/pages\/21807\/revisions"}],"predecessor-version":[{"id":21808,"href":"https:\/\/sp1hrubieszow.pl\/index.php\/wp-json\/wp\/v2\/pages\/21807\/revisions\/21808"}],"up":[{"embeddable":true,"href":"https:\/\/sp1hrubieszow.pl\/index.php\/wp-json\/wp\/v2\/pages\/5983"}],"wp:attachment":[{"href":"https:\/\/sp1hrubieszow.pl\/index.php\/wp-json\/wp\/v2\/media?parent=21807"}],"curies":[{"name":"wp","href":"https:\/\/api.w.org\/{rel}","templated":true}]}}