{"id":21761,"date":"2023-10-01T21:31:50","date_gmt":"2023-10-01T19:31:50","guid":{"rendered":"https:\/\/sp1hrubieszow.pl\/?page_id=21761"},"modified":"2023-10-02T10:20:37","modified_gmt":"2023-10-02T08:20:37","slug":"wyprawa-klas-6-do-wojslawic","status":"publish","type":"page","link":"https:\/\/sp1hrubieszow.pl\/index.php\/kronika-2020-2021\/wyprawa-klas-6-do-wojslawic\/","title":{"rendered":"Wyprawa klas 6 do Wojs\u0142awic"},"content":{"rendered":"\n\n\n<p><span style=\"color: #000080;\">29 wrze\u015bnia uczniowie klas 6 wraz z wychowawcami: p. Monik\u0105 Jako\u015b &#8211; W\u00f3r, p. Edyt\u0105 Miller \u2013 Wiatrowsk\u0105, p. Mart\u0105 Lackowsk\u0105, postanowili opu\u015bci\u0107 szkolne mury i wybra\u0107 si\u0119 na edukacyjn\u0105 przygod\u0119 do Wojs\u0142awic. Tam, pod opiek\u0105 wspania\u0142ego przewodnika, poznawali\u015bmy histori\u0119 i tradycje tego miejsca oraz uczyli\u015bmy si\u0119 poprzez zabaw\u0119.<\/span><\/p>\n<p><span style=\"color: #000080;\">Pierwszym etapem naszego zwiedzania by\u0142y obiektu sakralne. Zwiedzili\u015bmy Cerkiew Kaza\u0144skiej Ikony Matki Bo\u017cej oraz Ko\u015bci\u00f3\u0142 pw. \u015aw. Micha\u0142a Archanio\u0142a (z okazji uroczysto\u015bci przypadaj\u0105cych na ten dzie\u0144, mogli\u015bmy podziwia\u0107 pi\u0119kny obraz w o\u0142tarzu g\u0142\u00f3wnym przedstawiaj\u0105cy posta\u0107 Micha\u0142a Archanio\u0142a). Odwiedzili\u015bmy tak\u017ce Izb\u0119 Tradycji Ziemi Wojs\u0142awickiej \u2013 o\u015brodek muzealny zlokalizowany w budynku Nowej Synagogi.<\/span><\/p>\n<p><span style=\"color: #000080;\">Nast\u0119pnie wyruszyli\u015bmy do miejscowo\u015bci Majdan Stary, aby wybra\u0107 si\u0119 na spacer przyrodnicz\u0105 \u015bcie\u017ck\u0105 edukacyjn\u0105 \u201eWojs\u0142awickim w\u0105wozem\u201d.&nbsp; Trasa \u015bcie\u017cki w formie p\u0119tli liczy oko\u0142o 2 km i prowadzi przez bardzo malowniczy w\u0105w\u00f3z lessowy.<\/span><\/p>\n<p><span style=\"color: #000080;\">Po spacerze nast\u0105pi\u0142a cz\u0119\u015b\u0107 warsztatowa wyjazdu. Mogli\u015bmy tworzy\u0107 prace na drewnie wykorzystuj\u0105c artyku\u0142y spo\u017cywcze ( ry\u017c, mak, przyprawy itp.) oraz robili\u015bmy s\u0142odkie praliny. By\u0142a tak\u017ce czas na zabawy zespo\u0142owe.<\/span><\/p>\n<p><span style=\"color: #000080;\">Na koniec odpoczywali\u015bmy przy ognisku jedz\u0105c kie\u0142baski, a tak\u017ce przepyszne cebularze przygotowane specjalnie dla nas.<\/span> &nbsp;<\/p>\nngg_shortcode_0_placeholder\n","protected":false},"excerpt":{"rendered":"<p>29 wrze\u015bnia uczniowie klas 6 wraz z wychowawcami: p. Monik\u0105 Jako\u015b &#8211; W\u00f3r, p. Edyt\u0105 Miller \u2013 Wiatrowsk\u0105, p. Mart\u0105 Lackowsk\u0105, postanowili opu\u015bci\u0107 szkolne mury i wybra\u0107 si\u0119 na edukacyjn\u0105 przygod\u0119 do Wojs\u0142awic. Tam, pod opiek\u0105 wspania\u0142ego przewodnika, poznawali\u015bmy histori\u0119 i tradycje tego miejsca oraz uczyli\u015bmy si\u0119 poprzez zabaw\u0119. Pierwszym etapem naszego zwiedzania by\u0142y obiektu [&hellip;]<\/p>\n","protected":false},"author":2,"featured_media":0,"parent":5983,"menu_order":0,"comment_status":"closed","ping_status":"closed","template":"","meta":{"ngg_post_thumbnail":0,"footnotes":""},"class_list":["post-21761","page","type-page","status-publish","hentry"],"_links":{"self":[{"href":"https:\/\/sp1hrubieszow.pl\/index.php\/wp-json\/wp\/v2\/pages\/21761","targetHints":{"allow":["GET"]}}],"collection":[{"href":"https:\/\/sp1hrubieszow.pl\/index.php\/wp-json\/wp\/v2\/pages"}],"about":[{"href":"https:\/\/sp1hrubieszow.pl\/index.php\/wp-json\/wp\/v2\/types\/page"}],"author":[{"embeddable":true,"href":"https:\/\/sp1hrubieszow.pl\/index.php\/wp-json\/wp\/v2\/users\/2"}],"replies":[{"embeddable":true,"href":"https:\/\/sp1hrubieszow.pl\/index.php\/wp-json\/wp\/v2\/comments?post=21761"}],"version-history":[{"count":2,"href":"https:\/\/sp1hrubieszow.pl\/index.php\/wp-json\/wp\/v2\/pages\/21761\/revisions"}],"predecessor-version":[{"id":21778,"href":"https:\/\/sp1hrubieszow.pl\/index.php\/wp-json\/wp\/v2\/pages\/21761\/revisions\/21778"}],"up":[{"embeddable":true,"href":"https:\/\/sp1hrubieszow.pl\/index.php\/wp-json\/wp\/v2\/pages\/5983"}],"wp:attachment":[{"href":"https:\/\/sp1hrubieszow.pl\/index.php\/wp-json\/wp\/v2\/media?parent=21761"}],"curies":[{"name":"wp","href":"https:\/\/api.w.org\/{rel}","templated":true}]}}