{"id":21712,"date":"2023-10-01T09:56:44","date_gmt":"2023-10-01T07:56:44","guid":{"rendered":"https:\/\/sp1hrubieszow.pl\/?page_id=21712"},"modified":"2023-10-01T09:57:07","modified_gmt":"2023-10-01T07:57:07","slug":"dzien-jablka","status":"publish","type":"page","link":"https:\/\/sp1hrubieszow.pl\/index.php\/kronika-2020-2021\/dzien-jablka\/","title":{"rendered":"DZIE\u0143 JAB\u0141KA"},"content":{"rendered":"\n<p><span style=\"color: #000080;\">28 wrze\u015bnia 2023r. w \u015bwietlicy szkolnej obchodzili\u015bmy Dzie\u0144 Jab\u0142ka. <\/span><br><span style=\"color: #000080;\">W tym dniu uczniowie uczestniczyli w zaj\u0119ciach, podczas kt\u00f3rych wys\u0142uchali wiersza, rozmawiali o r\u00f3\u017cnych odmianach jab\u0142ek, ich w\u0142a\u015bciwo\u015bciach zdrowotnych, poznali r\u00f3wnie\u017c ciekawostki na temat tych warto\u015bciowych owoc\u00f3w. By\u0142a to dobra okazja do wykonania prac plastycznych, kt\u00f3rymi ozdobi\u0142y \u015bwietlic\u0119. <\/span><br><span style=\"color: #000080;\">Po zaj\u0119ciach wszyscy&nbsp; obecni uczniowie ze smakiem delektowali si\u0119 pysznymi jab\u0142kami.<\/span><\/p>\nngg_shortcode_0_placeholder\n","protected":false},"excerpt":{"rendered":"<p>28 wrze\u015bnia 2023r. w \u015bwietlicy szkolnej obchodzili\u015bmy Dzie\u0144 Jab\u0142ka. W tym dniu uczniowie uczestniczyli w zaj\u0119ciach, podczas kt\u00f3rych wys\u0142uchali wiersza, rozmawiali o r\u00f3\u017cnych odmianach jab\u0142ek, ich w\u0142a\u015bciwo\u015bciach zdrowotnych, poznali r\u00f3wnie\u017c ciekawostki na temat tych warto\u015bciowych owoc\u00f3w. By\u0142a to dobra okazja do wykonania prac plastycznych, kt\u00f3rymi ozdobi\u0142y \u015bwietlic\u0119. Po zaj\u0119ciach wszyscy&nbsp; obecni uczniowie ze smakiem delektowali [&hellip;]<\/p>\n","protected":false},"author":2,"featured_media":0,"parent":5983,"menu_order":0,"comment_status":"closed","ping_status":"closed","template":"","meta":{"ngg_post_thumbnail":0,"footnotes":""},"class_list":["post-21712","page","type-page","status-publish","hentry"],"_links":{"self":[{"href":"https:\/\/sp1hrubieszow.pl\/index.php\/wp-json\/wp\/v2\/pages\/21712","targetHints":{"allow":["GET"]}}],"collection":[{"href":"https:\/\/sp1hrubieszow.pl\/index.php\/wp-json\/wp\/v2\/pages"}],"about":[{"href":"https:\/\/sp1hrubieszow.pl\/index.php\/wp-json\/wp\/v2\/types\/page"}],"author":[{"embeddable":true,"href":"https:\/\/sp1hrubieszow.pl\/index.php\/wp-json\/wp\/v2\/users\/2"}],"replies":[{"embeddable":true,"href":"https:\/\/sp1hrubieszow.pl\/index.php\/wp-json\/wp\/v2\/comments?post=21712"}],"version-history":[{"count":1,"href":"https:\/\/sp1hrubieszow.pl\/index.php\/wp-json\/wp\/v2\/pages\/21712\/revisions"}],"predecessor-version":[{"id":21713,"href":"https:\/\/sp1hrubieszow.pl\/index.php\/wp-json\/wp\/v2\/pages\/21712\/revisions\/21713"}],"up":[{"embeddable":true,"href":"https:\/\/sp1hrubieszow.pl\/index.php\/wp-json\/wp\/v2\/pages\/5983"}],"wp:attachment":[{"href":"https:\/\/sp1hrubieszow.pl\/index.php\/wp-json\/wp\/v2\/media?parent=21712"}],"curies":[{"name":"wp","href":"https:\/\/api.w.org\/{rel}","templated":true}]}}