{"id":21698,"date":"2023-10-01T09:44:17","date_gmt":"2023-10-01T07:44:17","guid":{"rendered":"https:\/\/sp1hrubieszow.pl\/?page_id=21698"},"modified":"2023-10-01T09:45:02","modified_gmt":"2023-10-01T07:45:02","slug":"mistrzostwa-powiatu-w-sztafetowych-biegach-przelajowych","status":"publish","type":"page","link":"https:\/\/sp1hrubieszow.pl\/index.php\/kronika-2020-2021\/mistrzostwa-powiatu-w-sztafetowych-biegach-przelajowych\/","title":{"rendered":"Mistrzostwa Powiatu w sztafetowych biegach prze\u0142ajowych"},"content":{"rendered":"\n\n\n<div class=\"x11i5rnm xat24cr x1mh8g0r x1vvkbs xtlvy1s x126k92a\">\n<div dir=\"auto\"><span style=\"color: #000080;\">Od wielu lat nasza Szko\u0142a mo\u017ce poszczyci\u0107 si\u0119 wysokimi osi\u0105gni\u0119ciami w biegach prze\u0142ajowych, i tym razem nasi uczniowie pokazali moc. Dwie nasze sztafety awansowa\u0142y do p\u00f3\u0142fina\u0142u wojew\u00f3dzkiego kt\u00f3ry odb\u0119dzie si\u0119 w Tomaszowie Lubelskim. Wszystkim naszym biegaczom nale\u017c\u0105 si\u0119 gratulacje<span class=\"x3nfvp2 x1j61x8r x1fcty0u xdj266r xhhsvwb xat24cr xgzva0m xxymvpz xlup9mm x1kky2od\"><img loading=\"lazy\" decoding=\"async\" src=\"https:\/\/static.xx.fbcdn.net\/images\/emoji.php\/v9\/tfe\/1\/16\/1f44f.png\" alt=\"?\" width=\"16\" height=\"16\"><\/span><\/span><\/div>\n<div dir=\"auto\">&nbsp;<\/div>\n<\/div>\n<div class=\"x11i5rnm xat24cr x1mh8g0r x1vvkbs xtlvy1s x126k92a\">\n<div dir=\"auto\"><span style=\"color: #000080;\">Wyniki:<\/span><\/div>\n<div dir=\"auto\"><span style=\"color: #000080;\">1 miejsce ch\u0142opcy: Czerkawski Miko\u0142aj, Pawlos Tomasz, Kajetan Szewc, Wiktor Konopko,Dominik Dubienko, Wojciech Malinowski,Turkiewicz Sebastian<\/span><\/div>\n<\/div>\n<div class=\"x11i5rnm xat24cr x1mh8g0r x1vvkbs xtlvy1s x126k92a\">\n<div dir=\"auto\"><span style=\"color: #000080;\">2 miejsce dziewcz\u0119ta: Mrozowska Kornelia, Rosi\u0144ska Emilia, Nowosad Iga, Zuzanna Peczak, Magdziak Maja, Anna Kie\u0142basa, Gabriela Skowron-Dzieniak<\/span><\/div>\n<\/div>\n<div class=\"x11i5rnm xat24cr x1mh8g0r x1vvkbs xtlvy1s x126k92a\">\n<div dir=\"auto\"><span style=\"color: #000080;\">3 miejsce dziewcz\u0119ta: Duma Katarzyna, Kosza\u0142ka Nikola, Kot Gabriela, Nowak Nikola, Pietryna Nikola, Szabat Oliwia<\/span><\/div>\n<\/div>\n<div class=\"x11i5rnm xat24cr x1mh8g0r x1vvkbs xtlvy1s x126k92a\">\n<div dir=\"auto\"><span style=\"color: #000080;\">4 miejsce ch\u0142opcy: Kraj Robert, Krajewski Karol, Rerak Tomasz, Igor Tucki, Gabriel Telicki, Brajan Bajek,Zajac Miko\u0142aj<\/span><\/div>\n<div dir=\"auto\">&nbsp;<\/div>\n<\/div>\n<div class=\"x11i5rnm xat24cr x1mh8g0r x1vvkbs xtlvy1s x126k92a\">\n<div dir=\"auto\"><span style=\"color: #000080;\">Opiekunem by\u0142 Tomasz Magdziak.<\/span><\/div>\n<div dir=\"auto\">\nngg_shortcode_0_placeholder\n<\/div>\n<\/div>\n","protected":false},"excerpt":{"rendered":"<p>Od wielu lat nasza Szko\u0142a mo\u017ce poszczyci\u0107 si\u0119 wysokimi osi\u0105gni\u0119ciami w biegach prze\u0142ajowych, i tym razem nasi uczniowie pokazali moc. Dwie nasze sztafety awansowa\u0142y do p\u00f3\u0142fina\u0142u wojew\u00f3dzkiego kt\u00f3ry odb\u0119dzie si\u0119 w Tomaszowie Lubelskim. Wszystkim naszym biegaczom nale\u017c\u0105 si\u0119 gratulacje &nbsp; Wyniki: 1 miejsce ch\u0142opcy: Czerkawski Miko\u0142aj, Pawlos Tomasz, Kajetan Szewc, Wiktor Konopko,Dominik Dubienko, Wojciech Malinowski,Turkiewicz [&hellip;]<\/p>\n","protected":false},"author":2,"featured_media":0,"parent":5983,"menu_order":0,"comment_status":"closed","ping_status":"closed","template":"","meta":{"ngg_post_thumbnail":0,"footnotes":""},"class_list":["post-21698","page","type-page","status-publish","hentry"],"_links":{"self":[{"href":"https:\/\/sp1hrubieszow.pl\/index.php\/wp-json\/wp\/v2\/pages\/21698","targetHints":{"allow":["GET"]}}],"collection":[{"href":"https:\/\/sp1hrubieszow.pl\/index.php\/wp-json\/wp\/v2\/pages"}],"about":[{"href":"https:\/\/sp1hrubieszow.pl\/index.php\/wp-json\/wp\/v2\/types\/page"}],"author":[{"embeddable":true,"href":"https:\/\/sp1hrubieszow.pl\/index.php\/wp-json\/wp\/v2\/users\/2"}],"replies":[{"embeddable":true,"href":"https:\/\/sp1hrubieszow.pl\/index.php\/wp-json\/wp\/v2\/comments?post=21698"}],"version-history":[{"count":1,"href":"https:\/\/sp1hrubieszow.pl\/index.php\/wp-json\/wp\/v2\/pages\/21698\/revisions"}],"predecessor-version":[{"id":21699,"href":"https:\/\/sp1hrubieszow.pl\/index.php\/wp-json\/wp\/v2\/pages\/21698\/revisions\/21699"}],"up":[{"embeddable":true,"href":"https:\/\/sp1hrubieszow.pl\/index.php\/wp-json\/wp\/v2\/pages\/5983"}],"wp:attachment":[{"href":"https:\/\/sp1hrubieszow.pl\/index.php\/wp-json\/wp\/v2\/media?parent=21698"}],"curies":[{"name":"wp","href":"https:\/\/api.w.org\/{rel}","templated":true}]}}