{"id":2169,"date":"2019-10-15T13:08:40","date_gmt":"2019-10-15T11:08:40","guid":{"rendered":"http:\/\/sp1.hrubieszow.info\/?page_id=2169"},"modified":"2019-10-15T13:10:52","modified_gmt":"2019-10-15T11:10:52","slug":"trzy-medale-z-pucharu-polski-w-gliwicach-2019","status":"publish","type":"page","link":"https:\/\/sp1hrubieszow.pl\/index.php\/uczniowie\/orlik-2019\/trzy-medale-z-pucharu-polski-w-gliwicach-2019\/","title":{"rendered":"Trzy medale z Pucharu Polski w Gliwicach &#8211; 2019"},"content":{"rendered":"\n<p><span style=\"color: #000080;\"><strong>&nbsp;<\/strong><\/span><\/p>\n<p><span style=\"color: #000080;\"><strong>W dniu 12.10.2019r. modelarze UKS \u201eJedynka\u201d udali si\u0119 na lotnisko w&nbsp;Gliwicach, gdzie odby\u0142y si\u0119 Og\u00f3lnopolskie Zawody Modeli Swobodnie Lataj\u0105cych, zaliczane do punktacji Pucharu Polski. Organizatorem zawod\u00f3w by\u0142o Gliwickie Stowarzyszenie Modelarzy Lotniczych. Modelarze z Uczniowskiego Klubu Sportowego \u201eJedynka\u201d w&nbsp;Hrubieszowie, pod opiek\u0105 instruktora Pana Leszka Kryszczuka, wystartowali w&nbsp;nast\u0119puj\u0105cym sk\u0142adzie: Jakub Kopera, Karol Szumiata i Jakub Wezgraj. <\/strong><\/span><\/p>\n<p><span style=\"color: #000080;\"><strong>Zawodnicy nasi zaj\u0119li nast\u0119puj\u0105ce miejsca:<\/strong><\/span><\/p>\n<p><span style=\"color: #000080;\"><strong><u>Klasyfikacja F1H \u2013 Junior M\u0142odszy: <\/u><\/strong><\/span><\/p>\n<p><span style=\"color: #000080;\"><strong>I miejsce \u2013 Jakub Wezgraj UKS \u201eJedynka\u201d Hrubiesz\u00f3w<\/strong><\/span><\/p>\n<p><span style=\"color: #000080;\"><strong>II miejsce \u2013 Patryk Ro\u017cek Gliwice<\/strong><\/span><\/p>\n<p><span style=\"color: #000080;\"><strong>III miejsce \u2013 Antoni Adamczyk Gliwice<\/strong><\/span><\/p>\n<p><span style=\"color: #000080;\"><strong>V miejsce \u2013 Karol Szumiata UKS \u201eJedynka\u201d Hrubiesz\u00f3w<\/strong><\/span><\/p>\n<p><span style=\"color: #000080;\"><strong>X miejsce \u2013 Jakub Kopera UKS \u201eJedynka\u201d Hrubiesz\u00f3w<\/strong><\/span><\/p>\n<p><span style=\"color: #000080;\"><strong><u>Klasyfikacja F1H \u2013 SENIOR: <\/u><\/strong><\/span><\/p>\n<p><span style=\"color: #000080;\"><strong>I miejsce \u2013 Leszek Kryszczuk UKS \u201eJedynka\u201d Hrubiesz\u00f3w<\/strong><\/span><\/p>\n<p><span style=\"color: #000080;\"><strong>II miejsce \u2013 Stanis\u0142aw Kubit Gliwice<\/strong><\/span><\/p>\n<p><span style=\"color: #000080;\"><strong>III miejsce \u2013 Adrian Sroczy\u0144ski Leszno<\/strong><\/span><\/p>\n<p><span style=\"color: #000080;\"><strong><u>Klasyfikacja ko\u0144cowa Pucharu Polski w klasie modeli F1H:<\/u><\/strong><\/span><\/p>\n<p><span style=\"color: #000080;\"><strong>&nbsp;I miejsce \u2013 Jakub Wezgraj UKS \u201eJedynka\u201d Hrubiesz\u00f3w<\/strong><\/span><\/p>\n<p><span style=\"color: #000080;\"><strong>II miejsce \u2013 Kacper Kaczmarek UKS \u201eJedynka\u201d Hrubiesz\u00f3w<\/strong><\/span><\/p>\n<p><span style=\"color: #000080;\"><strong><u>Klasyfikacja ko\u0144cowa Pucharu Polski w klasie modeli F1H &#8211; SENIOR:<\/u><\/strong><\/span><\/p>\n<p><span style=\"color: #000080;\"><strong>&nbsp;I miejsce \u2013 Stanis\u0142aw Kubit Gliwice<\/strong><\/span><\/p>\n<p><span style=\"color: #000080;\"><strong>II miejsce \u2013 Leszek Kryszczuk UKS \u201eJedynka\u201d Hrubiesz\u00f3w<\/strong><\/span><\/p>\n<p><span style=\"color: #000080;\"><strong>III miejsce \u2013 Filip Badylak&nbsp; Krak\u00f3w<\/strong><\/span><\/p>\n<p><span style=\"color: #000080;\"><strong>Zawody zosta\u0142y przeprowadzone w trudnych warunkach atmosferycznych (silny&nbsp; wiatr, kt\u00f3ry sprawia\u0142 du\u017co problemu zawodnikom). Najm\u0142odsza grupa zawodnik\u00f3w z&nbsp;UKS \u201eJedynka\u201d poradzi\u0142a sobie do\u015b\u0107 dobrze, zdobywaj\u0105c wysokie miejsca w&nbsp;punktacji ko\u0144cowej Pucharu Polski. Jakub Wezgraj drugi raz z rz\u0119du wygra\u0142 Puchar Polski.<\/strong><\/span><\/p>\nngg_shortcode_0_placeholder\n","protected":false},"excerpt":{"rendered":"<p>&nbsp; W dniu 12.10.2019r. modelarze UKS \u201eJedynka\u201d udali si\u0119 na lotnisko w&nbsp;Gliwicach, gdzie odby\u0142y si\u0119 Og\u00f3lnopolskie Zawody Modeli Swobodnie Lataj\u0105cych, zaliczane do punktacji Pucharu Polski. Organizatorem zawod\u00f3w by\u0142o Gliwickie Stowarzyszenie Modelarzy Lotniczych. Modelarze z Uczniowskiego Klubu Sportowego \u201eJedynka\u201d w&nbsp;Hrubieszowie, pod opiek\u0105 instruktora Pana Leszka Kryszczuka, wystartowali w&nbsp;nast\u0119puj\u0105cym sk\u0142adzie: Jakub Kopera, Karol Szumiata i Jakub Wezgraj. [&hellip;]<\/p>\n","protected":false},"author":1,"featured_media":0,"parent":46,"menu_order":3,"comment_status":"closed","ping_status":"closed","template":"","meta":{"ngg_post_thumbnail":0,"footnotes":""},"class_list":["post-2169","page","type-page","status-publish","hentry"],"_links":{"self":[{"href":"https:\/\/sp1hrubieszow.pl\/index.php\/wp-json\/wp\/v2\/pages\/2169","targetHints":{"allow":["GET"]}}],"collection":[{"href":"https:\/\/sp1hrubieszow.pl\/index.php\/wp-json\/wp\/v2\/pages"}],"about":[{"href":"https:\/\/sp1hrubieszow.pl\/index.php\/wp-json\/wp\/v2\/types\/page"}],"author":[{"embeddable":true,"href":"https:\/\/sp1hrubieszow.pl\/index.php\/wp-json\/wp\/v2\/users\/1"}],"replies":[{"embeddable":true,"href":"https:\/\/sp1hrubieszow.pl\/index.php\/wp-json\/wp\/v2\/comments?post=2169"}],"version-history":[{"count":2,"href":"https:\/\/sp1hrubieszow.pl\/index.php\/wp-json\/wp\/v2\/pages\/2169\/revisions"}],"predecessor-version":[{"id":2190,"href":"https:\/\/sp1hrubieszow.pl\/index.php\/wp-json\/wp\/v2\/pages\/2169\/revisions\/2190"}],"up":[{"embeddable":true,"href":"https:\/\/sp1hrubieszow.pl\/index.php\/wp-json\/wp\/v2\/pages\/46"}],"wp:attachment":[{"href":"https:\/\/sp1hrubieszow.pl\/index.php\/wp-json\/wp\/v2\/media?parent=2169"}],"curies":[{"name":"wp","href":"https:\/\/api.w.org\/{rel}","templated":true}]}}