{"id":21630,"date":"2023-09-26T17:14:37","date_gmt":"2023-09-26T15:14:37","guid":{"rendered":"https:\/\/sp1hrubieszow.pl\/?page_id=21630"},"modified":"2023-09-26T17:17:49","modified_gmt":"2023-09-26T15:17:49","slug":"wybory-do-malego-samorzadu-uczniowskiego-2","status":"publish","type":"page","link":"https:\/\/sp1hrubieszow.pl\/index.php\/kronika-2020-2021\/wybory-do-malego-samorzadu-uczniowskiego-2\/","title":{"rendered":"Wybory do Ma\u0142ego Samorz\u0105du Uczniowskiego"},"content":{"rendered":"\n<p><span style=\"color: #000080;\">&nbsp;22.09.2023 roku odby\u0142y si\u0119 wybory do MSU, podczas kt\u00f3rych uczniowie klas 2 i 3 wybierali przedstawicieli do Rady Samorz\u0105du. Zanim oddano g\u0142osy, ka\u017cdy z kandydat\u00f3w zaprezentowa\u0142 si\u0119. W wyniku tajnego g\u0142osowania przewodnicz\u0105c\u0105 zosta\u0142a Nina Lewandowska z klasy 3b, zast\u0119pcami Julia Tomi\u0142o z klasy 3b i Szymon Krawiec z klasy 2a. Nad przebiegiem wybor\u00f3w czuwali opiekunowie MSU w sk\u0142adzie: p. Katarzyna Sztuk, p. Monika Korneluk i p. Marta Rutkowska. Gratulujemy i \u017cyczymy sukces\u00f3w w pracy na rzecz spo\u0142eczno\u015bci szkolnej!&nbsp;<\/span><\/p>\nngg_shortcode_0_placeholder\n","protected":false},"excerpt":{"rendered":"<p>&nbsp;22.09.2023 roku odby\u0142y si\u0119 wybory do MSU, podczas kt\u00f3rych uczniowie klas 2 i 3 wybierali przedstawicieli do Rady Samorz\u0105du. Zanim oddano g\u0142osy, ka\u017cdy z kandydat\u00f3w zaprezentowa\u0142 si\u0119. W wyniku tajnego g\u0142osowania przewodnicz\u0105c\u0105 zosta\u0142a Nina Lewandowska z klasy 3b, zast\u0119pcami Julia Tomi\u0142o z klasy 3b i Szymon Krawiec z klasy 2a. Nad przebiegiem wybor\u00f3w czuwali opiekunowie [&hellip;]<\/p>\n","protected":false},"author":2,"featured_media":0,"parent":5983,"menu_order":0,"comment_status":"closed","ping_status":"closed","template":"","meta":{"ngg_post_thumbnail":0,"footnotes":""},"class_list":["post-21630","page","type-page","status-publish","hentry"],"_links":{"self":[{"href":"https:\/\/sp1hrubieszow.pl\/index.php\/wp-json\/wp\/v2\/pages\/21630","targetHints":{"allow":["GET"]}}],"collection":[{"href":"https:\/\/sp1hrubieszow.pl\/index.php\/wp-json\/wp\/v2\/pages"}],"about":[{"href":"https:\/\/sp1hrubieszow.pl\/index.php\/wp-json\/wp\/v2\/types\/page"}],"author":[{"embeddable":true,"href":"https:\/\/sp1hrubieszow.pl\/index.php\/wp-json\/wp\/v2\/users\/2"}],"replies":[{"embeddable":true,"href":"https:\/\/sp1hrubieszow.pl\/index.php\/wp-json\/wp\/v2\/comments?post=21630"}],"version-history":[{"count":2,"href":"https:\/\/sp1hrubieszow.pl\/index.php\/wp-json\/wp\/v2\/pages\/21630\/revisions"}],"predecessor-version":[{"id":21636,"href":"https:\/\/sp1hrubieszow.pl\/index.php\/wp-json\/wp\/v2\/pages\/21630\/revisions\/21636"}],"up":[{"embeddable":true,"href":"https:\/\/sp1hrubieszow.pl\/index.php\/wp-json\/wp\/v2\/pages\/5983"}],"wp:attachment":[{"href":"https:\/\/sp1hrubieszow.pl\/index.php\/wp-json\/wp\/v2\/media?parent=21630"}],"curies":[{"name":"wp","href":"https:\/\/api.w.org\/{rel}","templated":true}]}}