{"id":21606,"date":"2023-09-25T19:18:55","date_gmt":"2023-09-25T17:18:55","guid":{"rendered":"https:\/\/sp1hrubieszow.pl\/?page_id=21606"},"modified":"2023-09-25T19:19:56","modified_gmt":"2023-09-25T17:19:56","slug":"konkurs-plastyczny","status":"publish","type":"page","link":"https:\/\/sp1hrubieszow.pl\/index.php\/kronika-2020-2021\/konkurs-plastyczny\/","title":{"rendered":"Konkurs plastyczny"},"content":{"rendered":"\n\n\n<p><span style=\"color: #000080;\">Zapraszamy do udzia\u0142u w konkursie plastycznym o \u015awi\u0119tym Janie Pawle II. Poni\u017cej regulamin konkursu oraz zgoda rodzica\/opiekuna:<\/span><\/p>\n<p><strong><span style=\"color: #000080;\"><a style=\"color: #000080;\" href=\"http:\/\/sp1hrubieszow.pl\/wp-content\/uploads\/2023\/09\/Konkurs-plastyczny-o-Swietym-Janie-Pawle-II-1.docx\">Konkurs plastyczny o \u015awi\u0119tym Janie Pawle II (1)<\/a><\/span><\/strong><\/p>\n<p><strong><span style=\"color: #000080;\"><a style=\"color: #000080;\" href=\"http:\/\/sp1hrubieszow.pl\/wp-content\/uploads\/2023\/09\/zgoda-rodzica-na-konkurs.docx\">zgoda rodzica na konkurs<\/a><\/span><\/strong><\/p>\n","protected":false},"excerpt":{"rendered":"<p>Zapraszamy do udzia\u0142u w konkursie plastycznym o \u015awi\u0119tym Janie Pawle II. Poni\u017cej regulamin konkursu oraz zgoda rodzica\/opiekuna: Konkurs plastyczny o \u015awi\u0119tym Janie Pawle II (1) zgoda rodzica na konkurs<\/p>\n","protected":false},"author":2,"featured_media":0,"parent":5983,"menu_order":0,"comment_status":"closed","ping_status":"closed","template":"","meta":{"ngg_post_thumbnail":0,"footnotes":""},"class_list":["post-21606","page","type-page","status-publish","hentry"],"_links":{"self":[{"href":"https:\/\/sp1hrubieszow.pl\/index.php\/wp-json\/wp\/v2\/pages\/21606","targetHints":{"allow":["GET"]}}],"collection":[{"href":"https:\/\/sp1hrubieszow.pl\/index.php\/wp-json\/wp\/v2\/pages"}],"about":[{"href":"https:\/\/sp1hrubieszow.pl\/index.php\/wp-json\/wp\/v2\/types\/page"}],"author":[{"embeddable":true,"href":"https:\/\/sp1hrubieszow.pl\/index.php\/wp-json\/wp\/v2\/users\/2"}],"replies":[{"embeddable":true,"href":"https:\/\/sp1hrubieszow.pl\/index.php\/wp-json\/wp\/v2\/comments?post=21606"}],"version-history":[{"count":1,"href":"https:\/\/sp1hrubieszow.pl\/index.php\/wp-json\/wp\/v2\/pages\/21606\/revisions"}],"predecessor-version":[{"id":21607,"href":"https:\/\/sp1hrubieszow.pl\/index.php\/wp-json\/wp\/v2\/pages\/21606\/revisions\/21607"}],"up":[{"embeddable":true,"href":"https:\/\/sp1hrubieszow.pl\/index.php\/wp-json\/wp\/v2\/pages\/5983"}],"wp:attachment":[{"href":"https:\/\/sp1hrubieszow.pl\/index.php\/wp-json\/wp\/v2\/media?parent=21606"}],"curies":[{"name":"wp","href":"https:\/\/api.w.org\/{rel}","templated":true}]}}