{"id":21600,"date":"2023-09-25T19:08:39","date_gmt":"2023-09-25T17:08:39","guid":{"rendered":"https:\/\/sp1hrubieszow.pl\/?page_id=21600"},"modified":"2023-09-25T19:19:30","modified_gmt":"2023-09-25T17:19:30","slug":"spotkanie-autorskie-z-poetka-malgorzata-skowron","status":"publish","type":"page","link":"https:\/\/sp1hrubieszow.pl\/index.php\/kronika-2020-2021\/spotkanie-autorskie-z-poetka-malgorzata-skowron\/","title":{"rendered":"Spotkanie autorskie z poetk\u0105 Ma\u0142gorzat\u0105 Skowron"},"content":{"rendered":"\n<p><span style=\"color: #000080;\">22.09.2923r Lekturynki z klasy 3a zaprosi\u0142y pozosta\u0142ych koleg\u00f3w z klasy w\u0142asnej oraz 1 b na spotkanie autorskie z hrubieszowsk\u0105 poetk\u0105 Ma\u0142gorzat\u0105 Skowron. By\u0142o wsp\u00f3lne uk\u0142adanie rym\u00f3w, \u015bpiewanie jednego z utwor\u00f3w poetki, ogl\u0105danie teatrzyku Kamishibai oraz s\u0142uchanie utwor\u00f3w z nowego tomiku wierszy. Pani Ma\u0142gosia niezwykle skutecznie w\u0142\u0105czy\u0142a wszystkich do wsp\u00f3lnej zabawy oraz zach\u0119ci\u0142a do podj\u0119cia wysi\u0142ku tworzenia w\u0142asnych utwor\u00f3w.<\/span><\/p>\nngg_shortcode_0_placeholder\n","protected":false},"excerpt":{"rendered":"<p>22.09.2923r Lekturynki z klasy 3a zaprosi\u0142y pozosta\u0142ych koleg\u00f3w z klasy w\u0142asnej oraz 1 b na spotkanie autorskie z hrubieszowsk\u0105 poetk\u0105 Ma\u0142gorzat\u0105 Skowron. By\u0142o wsp\u00f3lne uk\u0142adanie rym\u00f3w, \u015bpiewanie jednego z utwor\u00f3w poetki, ogl\u0105danie teatrzyku Kamishibai oraz s\u0142uchanie utwor\u00f3w z nowego tomiku wierszy. Pani Ma\u0142gosia niezwykle skutecznie w\u0142\u0105czy\u0142a wszystkich do wsp\u00f3lnej zabawy oraz zach\u0119ci\u0142a do podj\u0119cia wysi\u0142ku [&hellip;]<\/p>\n","protected":false},"author":2,"featured_media":0,"parent":5983,"menu_order":0,"comment_status":"closed","ping_status":"closed","template":"","meta":{"ngg_post_thumbnail":0,"footnotes":""},"class_list":["post-21600","page","type-page","status-publish","hentry"],"_links":{"self":[{"href":"https:\/\/sp1hrubieszow.pl\/index.php\/wp-json\/wp\/v2\/pages\/21600","targetHints":{"allow":["GET"]}}],"collection":[{"href":"https:\/\/sp1hrubieszow.pl\/index.php\/wp-json\/wp\/v2\/pages"}],"about":[{"href":"https:\/\/sp1hrubieszow.pl\/index.php\/wp-json\/wp\/v2\/types\/page"}],"author":[{"embeddable":true,"href":"https:\/\/sp1hrubieszow.pl\/index.php\/wp-json\/wp\/v2\/users\/2"}],"replies":[{"embeddable":true,"href":"https:\/\/sp1hrubieszow.pl\/index.php\/wp-json\/wp\/v2\/comments?post=21600"}],"version-history":[{"count":1,"href":"https:\/\/sp1hrubieszow.pl\/index.php\/wp-json\/wp\/v2\/pages\/21600\/revisions"}],"predecessor-version":[{"id":21601,"href":"https:\/\/sp1hrubieszow.pl\/index.php\/wp-json\/wp\/v2\/pages\/21600\/revisions\/21601"}],"up":[{"embeddable":true,"href":"https:\/\/sp1hrubieszow.pl\/index.php\/wp-json\/wp\/v2\/pages\/5983"}],"wp:attachment":[{"href":"https:\/\/sp1hrubieszow.pl\/index.php\/wp-json\/wp\/v2\/media?parent=21600"}],"curies":[{"name":"wp","href":"https:\/\/api.w.org\/{rel}","templated":true}]}}