{"id":21584,"date":"2023-09-21T20:58:07","date_gmt":"2023-09-21T18:58:07","guid":{"rendered":"https:\/\/sp1hrubieszow.pl\/?page_id=21584"},"modified":"2023-09-21T20:58:22","modified_gmt":"2023-09-21T18:58:22","slug":"biegi-przelajowe-poswiecone-bohaterom-wrzesnia-1939-r","status":"publish","type":"page","link":"https:\/\/sp1hrubieszow.pl\/index.php\/kronika-2020-2021\/biegi-przelajowe-poswiecone-bohaterom-wrzesnia-1939-r\/","title":{"rendered":"Biegi prze\u0142ajowe po\u015bwi\u0119cone ,,Bohaterom Wrze\u015bnia 1939 r.\u201d"},"content":{"rendered":"\n<p><span style=\"color: #000080;\">19 wrze\u015bnia 2023 roku w Szkole Podstawowej Nr 1 po raz 23 odby\u0142y si\u0119 biegi prze\u0142ajowe po\u015bwi\u0119cone ,,Bohaterom Wrze\u015bnia 1939 r.\u201d Patronat nad biegami obj\u0119\u0142a Pani <a style=\"color: #000080;\" href=\"https:\/\/www.facebook.com\/people\/Marta-Majewska-Burmistrz-Miasta-Hrubieszowa\/100063714095538\/?__cft__%5b0%5d=AZWZ0uSRepFfE1E9FL_tN3DvmVR_ivPL67sxBlZ-5a6-5hQaLHpbOOXNJ9mrA9KjNKUv6ZKKZTLskotAX-6VbKY5SM4aHcmaKqFkTIKlmdabvyyMyaTQxfg9wm6r29VFZmRyko_kLx_qIpEZ3Mw46Y7qKY2o0jqswkCGAUbTo9344bN78kJ3pfWCz7GMjm08uTAj5kzapjFjMl0E45NzZB8U&amp;__tn__=-%5dK-R\">Marta Majewska &#8211; Burmistrz Miasta Hrubieszowa<\/a>. G\u0142\u00f3wnymi celami imprezy by\u0142o upami\u0119tnienie Bohater\u00f3w Wrze\u015bnia 1939 oraz popularyzacja zdrowego stylu \u017cycia. Jak co roku&nbsp; biegi sta\u0142y si\u0119 okazj\u0105 do integracji \u015brodowiska szkolnego i okolicznych przedszkoli. Uroczysto\u015b\u0107 swoj\u0105 obecno\u015bci\u0105 u\u015bwietnili: Pan Wiceburmistrz Pawe\u0142 Wojciechowski oraz Artur Kern \u2013 Przewodnicz\u0105cy Spo\u0142ecznej Rady Sportu.<\/span><\/p>\n<p><span style=\"color: #000080;\">W poszczeg\u00f3lnych biegach zwyci\u0119\u017cyli:<\/span><\/p>\n<p><span style=\"color: #000080;\"><strong>Przedszkolaki:<\/strong><\/span><\/p>\n<p><span style=\"color: #000080;\"><u>dziewcz\u0119ta:<\/u><\/span><\/p>\n<p><span style=\"color: #000080;\">1 miejsce \u2013 Maja Grzywny<\/span><\/p>\n<p><span style=\"color: #000080;\">2 miejsce \u2013 Diana Go\u0142\u0119biowska<\/span><\/p>\n<p><span style=\"color: #000080;\">3 miejsce \u2013 Antonina Franczuk<u>ch\u0142opcy:<\/u><\/span><\/p>\n<p><span style=\"color: #000080;\">1 miejsce \u2013 Jakub Bekier<\/span><\/p>\n<p><span style=\"color: #000080;\">2 miejsce \u2013 Kacper Trze\u015bniowski<\/span><\/p>\n<p><span style=\"color: #000080;\">3 miejsce \u2013 Nikodem Gidzi\u0144ski<\/span><\/p>\n<p><span style=\"color: #000080;\"><strong>klasa I<\/strong><\/span><\/p>\n<p><span style=\"color: #000080;\"><strong>&nbsp;<\/strong><u>dziewcz\u0119ta<\/u><\/span><\/p>\n<p><span style=\"color: #000080;\">1 miejsce \u2013 Luiza Zimon<\/span><\/p>\n<p><span style=\"color: #000080;\">2 miejsce \u2013 Magdalena Socha<\/span><\/p>\n<p><span style=\"color: #000080;\">3 miejsce \u2013 Eliza Daciuk<\/span><\/p>\n<p><span style=\"color: #000080;\"><u>ch\u0142opcy<\/u><\/span><\/p>\n<p><span style=\"color: #000080;\">1 miejsce \u2013Micha\u0142 Zaj\u0105c<\/span><\/p>\n<p><span style=\"color: #000080;\">2 miejsce \u2013 Aleksander Sipta<\/span><\/p>\n<p><span style=\"color: #000080;\">3 miejsce \u2013 Oskar Przybysz<\/span><\/p>\n<p><span style=\"color: #000080;\"><strong>klasa II<\/strong><\/span><\/p>\n<p><span style=\"color: #000080;\"><strong>&nbsp;<\/strong><u>dziewcz\u0119ta<\/u><\/span><\/p>\n<p><span style=\"color: #000080;\">1 miejsce \u2013Kusiak Laura<\/span><\/p>\n<p><span style=\"color: #000080;\">2 miejsce \u2013 Aniela Lachowicz<\/span><\/p>\n<p><span style=\"color: #000080;\">3 miejsce \u2013 Zuzanna Kuras<\/span><\/p>\n<p><span style=\"color: #000080;\"><u>ch\u0142opcy<\/u><\/span><\/p>\n<p><span style=\"color: #000080;\">1 miejsce \u2013 Dariusz Kraj<\/span><\/p>\n<p><span style=\"color: #000080;\">2 miejsce \u2013 Hubert Kawka<\/span><\/p>\n<p><span style=\"color: #000080;\">3 miejsce \u2013 Miko\u0142aj Wsolak<\/span><\/p>\n<p><span style=\"color: #000080;\"><strong>klasa III<\/strong><\/span><\/p>\n<p><span style=\"color: #000080;\"><strong>&nbsp;<\/strong><u>dziewcz\u0119ta<\/u><\/span><\/p>\n<p><span style=\"color: #000080;\">1 miejsce \u2013 Oliwia Bardyga<\/span><\/p>\n<p><span style=\"color: #000080;\">2 miejsce \u2013 Karolina Kosel<\/span><\/p>\n<p><span style=\"color: #000080;\">3 miejsce \u2013 Pola Pachniewska<\/span><\/p>\n<p><span style=\"color: #000080;\"><u>ch\u0142opcy<\/u><\/span><\/p>\n<p><span style=\"color: #000080;\">1 miejsce \u2013 Piotr Or\u0142owski<\/span><\/p>\n<p><span style=\"color: #000080;\">2 miejsce \u2013 Kacper Sidorczuk<\/span><\/p>\n<p><span style=\"color: #000080;\">3 miejsce \u2013 Julian Korkosz<\/span><\/p>\n<p><span style=\"color: #000080;\"><strong>klasa IV<\/strong><\/span><\/p>\n<p><span style=\"color: #000080;\"><u>dziewcz\u0119ta<\/u><\/span><\/p>\n<p><span style=\"color: #000080;\">1 miejsce \u2013 Urszula Nowak<\/span><\/p>\n<p><span style=\"color: #000080;\">2 miejsce \u2013 Maja Tysowecka<\/span><\/p>\n<p><span style=\"color: #000080;\">3 miejsce \u2013 Karolina Banach<\/span><\/p>\n<p><span style=\"color: #000080;\"><u>ch\u0142opcy<\/u><\/span><\/p>\n<p><span style=\"color: #000080;\">1 miejsce \u2013 Marcel Kluczyk<\/span><\/p>\n<p><span style=\"color: #000080;\">2 miejsce \u2013 Bartosz D\u0105browski<\/span><\/p>\n<p><span style=\"color: #000080;\">3 miejsce \u2013 David Kenneth<\/span><\/p>\n<p><span style=\"color: #000080;\"><strong>klasa V<\/strong><\/span><\/p>\n<p><span style=\"color: #000080;\"><u>dziewcz\u0119ta<\/u><\/span><\/p>\n<p><span style=\"color: #000080;\">1 miejsce \u2013 Anna Kie\u0142basa<\/span><\/p>\n<p><span style=\"color: #000080;\">2 miejsce \u2013 Gabriela Skowron Dzieniak<\/span><\/p>\n<p><span style=\"color: #000080;\">3 miejsce \u2013 Julia Wi\u015bniewska<\/span><\/p>\n<p><span style=\"color: #000080;\"><u>ch\u0142opcy<\/u><\/span><\/p>\n<p><span style=\"color: #000080;\">1 miejsce \u2013 Robert Kraj<\/span><\/p>\n<p><span style=\"color: #000080;\">2 miejsce \u2013Brajan Bajek<\/span><\/p>\n<p><span style=\"color: #000080;\">3 miejsce \u2013 Igor Tucki<\/span><\/p>\n<p><span style=\"color: #000080;\"><strong>klasa VI<\/strong><\/span><\/p>\n<p><span style=\"color: #000080;\"><u>dziewcz\u0119ta<\/u><\/span><\/p>\n<p><span style=\"color: #000080;\">1 miejsce \u2013 Kornelia Mrozowska<\/span><\/p>\n<p><span style=\"color: #000080;\">2 miejsce \u2013 Maja Magdziak<\/span><\/p>\n<p><span style=\"color: #000080;\">3 miejsce \u2013 Emilia Rosi\u0144ska<\/span><\/p>\n<p><span style=\"color: #000080;\"><u>ch\u0142opcy<\/u><\/span><\/p>\n<p><span style=\"color: #000080;\">1 miejsce \u2013 Arkadiusz Turkiewicz<\/span><\/p>\n<p><span style=\"color: #000080;\">2 miejsce \u2013 Aleksander Z\u0105bek<\/span><\/p>\n<p><span style=\"color: #000080;\">3 miejsce \u2013 Hubert Wawryk<\/span><\/p>\n<p><span style=\"color: #000080;\"><strong>klasa VII<\/strong><\/span><\/p>\n<p><span style=\"color: #000080;\"><u>dziewcz\u0119ta<\/u><\/span><\/p>\n<p><span style=\"color: #000080;\">1 miejsce \u2013 Katarzyna Duma<\/span><\/p>\n<p><span style=\"color: #000080;\">2 miejsce \u2013 Gabriela Kot<\/span><\/p>\n<p><span style=\"color: #000080;\">3 miejsce \u2013 Lena Ho\u0142\u00f3wek<\/span><\/p>\n<p><span style=\"color: #000080;\"><u>ch\u0142opcy<\/u><\/span><\/p>\n<p><span style=\"color: #000080;\">1 miejsce \u2013 Karol Krajewski<\/span><\/p>\n<p><span style=\"color: #000080;\">2 miejsce \u2013 Wojciech Malinowski<\/span><\/p>\n<p><span style=\"color: #000080;\">3 miejsce \u2013 Dominik Dubienko<\/span><\/p>\n<p><span style=\"color: #000080;\"><strong>klasa &nbsp;VIII<\/strong><\/span><\/p>\n<p><span style=\"color: #000080;\"><u>dziewcz\u0119ta<\/u><\/span><\/p>\n<p><span style=\"color: #000080;\">1 miejsce \u2013 Oliwia Jonak<\/span><\/p>\n<p><span style=\"color: #000080;\">2 miejsce \u2013 Maja Zapora<\/span><\/p>\n<p><span style=\"color: #000080;\"><u>ch\u0142opcy<\/u><\/span><\/p>\n<p><span style=\"color: #000080;\">1 miejsce \u2013 Miko\u0142aj Czerkawski<\/span><\/p>\n<p><span style=\"color: #000080;\">2 miejsce \u2013 Kajetan Szewc<\/span><\/p>\n<p><span style=\"color: #000080;\">3 miejsce \u2013 Wiktor Konopko<\/span><\/p>\nngg_shortcode_0_placeholder\n<p><strong>&nbsp;<\/strong><\/p>\n<p><strong>&nbsp;<\/strong><\/p>\n","protected":false},"excerpt":{"rendered":"<p>19 wrze\u015bnia 2023 roku w Szkole Podstawowej Nr 1 po raz 23 odby\u0142y si\u0119 biegi prze\u0142ajowe po\u015bwi\u0119cone ,,Bohaterom Wrze\u015bnia 1939 r.\u201d Patronat nad biegami obj\u0119\u0142a Pani Marta Majewska &#8211; Burmistrz Miasta Hrubieszowa. G\u0142\u00f3wnymi celami imprezy by\u0142o upami\u0119tnienie Bohater\u00f3w Wrze\u015bnia 1939 oraz popularyzacja zdrowego stylu \u017cycia. Jak co roku&nbsp; biegi sta\u0142y si\u0119 okazj\u0105 do integracji \u015brodowiska [&hellip;]<\/p>\n","protected":false},"author":2,"featured_media":0,"parent":5983,"menu_order":0,"comment_status":"closed","ping_status":"closed","template":"","meta":{"ngg_post_thumbnail":0,"footnotes":""},"class_list":["post-21584","page","type-page","status-publish","hentry"],"_links":{"self":[{"href":"https:\/\/sp1hrubieszow.pl\/index.php\/wp-json\/wp\/v2\/pages\/21584","targetHints":{"allow":["GET"]}}],"collection":[{"href":"https:\/\/sp1hrubieszow.pl\/index.php\/wp-json\/wp\/v2\/pages"}],"about":[{"href":"https:\/\/sp1hrubieszow.pl\/index.php\/wp-json\/wp\/v2\/types\/page"}],"author":[{"embeddable":true,"href":"https:\/\/sp1hrubieszow.pl\/index.php\/wp-json\/wp\/v2\/users\/2"}],"replies":[{"embeddable":true,"href":"https:\/\/sp1hrubieszow.pl\/index.php\/wp-json\/wp\/v2\/comments?post=21584"}],"version-history":[{"count":1,"href":"https:\/\/sp1hrubieszow.pl\/index.php\/wp-json\/wp\/v2\/pages\/21584\/revisions"}],"predecessor-version":[{"id":21585,"href":"https:\/\/sp1hrubieszow.pl\/index.php\/wp-json\/wp\/v2\/pages\/21584\/revisions\/21585"}],"up":[{"embeddable":true,"href":"https:\/\/sp1hrubieszow.pl\/index.php\/wp-json\/wp\/v2\/pages\/5983"}],"wp:attachment":[{"href":"https:\/\/sp1hrubieszow.pl\/index.php\/wp-json\/wp\/v2\/media?parent=21584"}],"curies":[{"name":"wp","href":"https:\/\/api.w.org\/{rel}","templated":true}]}}