{"id":21524,"date":"2023-09-18T20:43:08","date_gmt":"2023-09-18T18:43:08","guid":{"rendered":"https:\/\/sp1hrubieszow.pl\/?page_id=21524"},"modified":"2023-09-24T11:45:15","modified_gmt":"2023-09-24T09:45:15","slug":"miedzynarodowy-dzien-kropki-2","status":"publish","type":"page","link":"https:\/\/sp1hrubieszow.pl\/index.php\/kronika-2020-2021\/miedzynarodowy-dzien-kropki-2\/","title":{"rendered":"Mi\u0119dzynarodowy Dzie\u0144 Kropki"},"content":{"rendered":"\n<p><span style=\"color: #000080;\">15 wrze\u015bnia obchodzili\u015bmy w naszej szkole Mi\u0119dzynarodowy Dzie\u0144 Kropki \u2013 \u015bwi\u0119to kreatywno\u015bci i talent\u00f3w. Z tej okazji zosta\u0142a przygotowana tematyczna gazetka, a uczniowie i nauczyciele za\u0142o\u017cyli ubrania w kropki. W klasach ogl\u0105dali\u015bmy histori\u0119 o ma\u0142ej dziewczynce, kt\u00f3ra dzi\u0119ki zwyk\u0142ej kropce i niezwyk\u0142ej nauczycielce zacz\u0119\u0142a wierzy\u0107 w siebie. Tworzyli\u015bmy kropkowe dzie\u0142a sztuki oraz wykonywali\u015bmy pami\u0105tkowe zdj\u0119cia w fotobudce, kt\u00f3r\u0105 przygotowa\u0142a jedna z uczennic wraz z rodzicami. To \u015bwi\u0119to udowodni\u0142o nam, \u017ce ka\u017cdy z nas jest artyst\u0105 \u2013 tylko trzeba w siebie uwierzy\u0107.<\/span><\/p>\n<p><span style=\"color: #000080;\">Z okazji Dnia Kropki zosta\u0142 tak\u017ce og\u0142oszony konkurs \u201eZamie\u0144 kropk\u0119 w arcydzie\u0142o\u201d. Na prace uczni\u00f3w z klas 1 \u2013 8 czekamy do 22 wrze\u015bnia (pi\u0105tek). Szczeg\u00f3\u0142owe informacje u wychowawc\u00f3w klas.<\/span><\/p>\nngg_shortcode_0_placeholder\n","protected":false},"excerpt":{"rendered":"<p>15 wrze\u015bnia obchodzili\u015bmy w naszej szkole Mi\u0119dzynarodowy Dzie\u0144 Kropki \u2013 \u015bwi\u0119to kreatywno\u015bci i talent\u00f3w. Z tej okazji zosta\u0142a przygotowana tematyczna gazetka, a uczniowie i nauczyciele za\u0142o\u017cyli ubrania w kropki. W klasach ogl\u0105dali\u015bmy histori\u0119 o ma\u0142ej dziewczynce, kt\u00f3ra dzi\u0119ki zwyk\u0142ej kropce i niezwyk\u0142ej nauczycielce zacz\u0119\u0142a wierzy\u0107 w siebie. Tworzyli\u015bmy kropkowe dzie\u0142a sztuki oraz wykonywali\u015bmy pami\u0105tkowe zdj\u0119cia [&hellip;]<\/p>\n","protected":false},"author":2,"featured_media":0,"parent":5983,"menu_order":0,"comment_status":"closed","ping_status":"closed","template":"","meta":{"ngg_post_thumbnail":0,"footnotes":""},"class_list":["post-21524","page","type-page","status-publish","hentry"],"_links":{"self":[{"href":"https:\/\/sp1hrubieszow.pl\/index.php\/wp-json\/wp\/v2\/pages\/21524","targetHints":{"allow":["GET"]}}],"collection":[{"href":"https:\/\/sp1hrubieszow.pl\/index.php\/wp-json\/wp\/v2\/pages"}],"about":[{"href":"https:\/\/sp1hrubieszow.pl\/index.php\/wp-json\/wp\/v2\/types\/page"}],"author":[{"embeddable":true,"href":"https:\/\/sp1hrubieszow.pl\/index.php\/wp-json\/wp\/v2\/users\/2"}],"replies":[{"embeddable":true,"href":"https:\/\/sp1hrubieszow.pl\/index.php\/wp-json\/wp\/v2\/comments?post=21524"}],"version-history":[{"count":1,"href":"https:\/\/sp1hrubieszow.pl\/index.php\/wp-json\/wp\/v2\/pages\/21524\/revisions"}],"predecessor-version":[{"id":21525,"href":"https:\/\/sp1hrubieszow.pl\/index.php\/wp-json\/wp\/v2\/pages\/21524\/revisions\/21525"}],"up":[{"embeddable":true,"href":"https:\/\/sp1hrubieszow.pl\/index.php\/wp-json\/wp\/v2\/pages\/5983"}],"wp:attachment":[{"href":"https:\/\/sp1hrubieszow.pl\/index.php\/wp-json\/wp\/v2\/media?parent=21524"}],"curies":[{"name":"wp","href":"https:\/\/api.w.org\/{rel}","templated":true}]}}