{"id":21437,"date":"2023-09-16T15:52:48","date_gmt":"2023-09-16T13:52:48","guid":{"rendered":"https:\/\/sp1hrubieszow.pl\/?page_id=21437"},"modified":"2023-09-18T19:46:13","modified_gmt":"2023-09-18T17:46:13","slug":"30-akcja-sprzatania-swiata-polska-2023","status":"publish","type":"page","link":"https:\/\/sp1hrubieszow.pl\/index.php\/kronika-2020-2021\/30-akcja-sprzatania-swiata-polska-2023\/","title":{"rendered":"30 Akcja ,,Sprz\u0105tania \u015awiata\u201d \u2013 POLSKA 2023"},"content":{"rendered":"\n\n\n<p><span style=\"color: #000080;\">Uczniowie naszej szko\u0142y z wielkim zaanga\u017cowaniem wzi\u0119li udzia\u0142 w tegorocznej 30 Akcji Sprz\u0105tania \u015awiata pod has\u0142em:&nbsp;\u201dSPRZ\u0104TANIE \u015aWIATA \u0141\u0104CZY LUDZI\u201d.<\/span><\/p>\n<p><span style=\"color: #000080;\">Ka\u017cdy z uczestnik\u00f3w przedsi\u0119wzi\u0119cia &#8222;posprz\u0105ta\u0142 sw\u00f3j kawa\u0142ek Polski&#8221;, tym samym og\u0142aszaj\u0105c sw\u00f3j manifest nie\u015bmiecenia. Dzi\u0119kujemy za udzia\u0142 w akcji i zaanga\u017cowanie, a wszyscy pami\u0119tajmy, \u017ce niszcz\u0105c natur\u0119, niszczymy siebie.<\/span><\/p>\nngg_shortcode_0_placeholder\nngg_shortcode_1_placeholder\nngg_shortcode_2_placeholder\n<p>&nbsp;<\/p>\n<p>&nbsp;<\/p>\n","protected":false},"excerpt":{"rendered":"<p>Uczniowie naszej szko\u0142y z wielkim zaanga\u017cowaniem wzi\u0119li udzia\u0142 w tegorocznej 30 Akcji Sprz\u0105tania \u015awiata pod has\u0142em:&nbsp;\u201dSPRZ\u0104TANIE \u015aWIATA \u0141\u0104CZY LUDZI\u201d. Ka\u017cdy z uczestnik\u00f3w przedsi\u0119wzi\u0119cia &#8222;posprz\u0105ta\u0142 sw\u00f3j kawa\u0142ek Polski&#8221;, tym samym og\u0142aszaj\u0105c sw\u00f3j manifest nie\u015bmiecenia. Dzi\u0119kujemy za udzia\u0142 w akcji i zaanga\u017cowanie, a wszyscy pami\u0119tajmy, \u017ce niszcz\u0105c natur\u0119, niszczymy siebie. &nbsp; &nbsp;<\/p>\n","protected":false},"author":2,"featured_media":0,"parent":5983,"menu_order":0,"comment_status":"closed","ping_status":"closed","template":"","meta":{"ngg_post_thumbnail":0,"footnotes":""},"class_list":["post-21437","page","type-page","status-publish","hentry"],"_links":{"self":[{"href":"https:\/\/sp1hrubieszow.pl\/index.php\/wp-json\/wp\/v2\/pages\/21437","targetHints":{"allow":["GET"]}}],"collection":[{"href":"https:\/\/sp1hrubieszow.pl\/index.php\/wp-json\/wp\/v2\/pages"}],"about":[{"href":"https:\/\/sp1hrubieszow.pl\/index.php\/wp-json\/wp\/v2\/types\/page"}],"author":[{"embeddable":true,"href":"https:\/\/sp1hrubieszow.pl\/index.php\/wp-json\/wp\/v2\/users\/2"}],"replies":[{"embeddable":true,"href":"https:\/\/sp1hrubieszow.pl\/index.php\/wp-json\/wp\/v2\/comments?post=21437"}],"version-history":[{"count":5,"href":"https:\/\/sp1hrubieszow.pl\/index.php\/wp-json\/wp\/v2\/pages\/21437\/revisions"}],"predecessor-version":[{"id":21458,"href":"https:\/\/sp1hrubieszow.pl\/index.php\/wp-json\/wp\/v2\/pages\/21437\/revisions\/21458"}],"up":[{"embeddable":true,"href":"https:\/\/sp1hrubieszow.pl\/index.php\/wp-json\/wp\/v2\/pages\/5983"}],"wp:attachment":[{"href":"https:\/\/sp1hrubieszow.pl\/index.php\/wp-json\/wp\/v2\/media?parent=21437"}],"curies":[{"name":"wp","href":"https:\/\/api.w.org\/{rel}","templated":true}]}}