{"id":21396,"date":"2023-09-12T21:21:52","date_gmt":"2023-09-12T19:21:52","guid":{"rendered":"https:\/\/sp1hrubieszow.pl\/?page_id=21396"},"modified":"2023-09-12T21:22:20","modified_gmt":"2023-09-12T19:22:20","slug":"o-matmo","status":"publish","type":"page","link":"https:\/\/sp1hrubieszow.pl\/index.php\/kronika-2020-2021\/o-matmo\/","title":{"rendered":"O MATMO!"},"content":{"rendered":"\n<div class=\"xdj266r x11i5rnm xat24cr x1mh8g0r x1vvkbs x126k92a\">\n<div dir=\"auto\"><span style=\"color: #000080;\">O Matmo! Pod takim has\u0142em w naszej szkole odby\u0142y si\u0119 warsztaty organizowane przez Centrum Nauki Kopernik, w ramach programu NAUKA DLA CIEBIE.<\/span><\/div>\n<\/div>\n<div class=\"x11i5rnm xat24cr x1mh8g0r x1vvkbs xtlvy1s x126k92a\">\n<div dir=\"auto\"><span style=\"color: #000080;\">W naszej szkole na dwa dni zago\u015bci\u0142y 22 interaktywne eksponaty, dzi\u0119ki kt\u00f3rym uczestnicy warsztat\u00f3w przekonali si\u0119 w jakim stopniu matematyka jest obecna w otaczaj\u0105cym nas \u015bwiecie i jak bardzo wp\u0142ywa na nasze codzienne \u017cycie.<\/span><\/div>\n<\/div>\n<div class=\"x11i5rnm xat24cr x1mh8g0r x1vvkbs xtlvy1s x126k92a\">\n<div dir=\"auto\"><span style=\"color: #000080;\">Wizyta na wystawie \u201eO matmo!\u201d umi\u017cliwi\u0142a naszym uczniom na samodzielne eksperymentowanie, kt\u00f3re pozwoli\u0142o zrozumie\u0107 sens i logik\u0119 podstawowych dzia\u0142a\u0144 matematycznych, pozna\u0107 je i polubi\u0107. Udzia\u0142 w warsztatach pokaza\u0142, jak fascynuj\u0105c\u0105 przygod\u0105 jest matematyka, i mamy nadziej\u0119, \u017ce zach\u0119ci\u0142 do jej dalszego, samodzielnego poznawania.<\/span><\/div>\n<\/div>\n<div dir=\"auto\">&nbsp;<\/div>\n<div dir=\"auto\">\nngg_shortcode_0_placeholder\n<\/div>\n","protected":false},"excerpt":{"rendered":"<p>O Matmo! Pod takim has\u0142em w naszej szkole odby\u0142y si\u0119 warsztaty organizowane przez Centrum Nauki Kopernik, w ramach programu NAUKA DLA CIEBIE. W naszej szkole na dwa dni zago\u015bci\u0142y 22 interaktywne eksponaty, dzi\u0119ki kt\u00f3rym uczestnicy warsztat\u00f3w przekonali si\u0119 w jakim stopniu matematyka jest obecna w otaczaj\u0105cym nas \u015bwiecie i jak bardzo wp\u0142ywa na nasze codzienne [&hellip;]<\/p>\n","protected":false},"author":2,"featured_media":0,"parent":5983,"menu_order":0,"comment_status":"closed","ping_status":"closed","template":"","meta":{"ngg_post_thumbnail":0,"footnotes":""},"class_list":["post-21396","page","type-page","status-publish","hentry"],"_links":{"self":[{"href":"https:\/\/sp1hrubieszow.pl\/index.php\/wp-json\/wp\/v2\/pages\/21396","targetHints":{"allow":["GET"]}}],"collection":[{"href":"https:\/\/sp1hrubieszow.pl\/index.php\/wp-json\/wp\/v2\/pages"}],"about":[{"href":"https:\/\/sp1hrubieszow.pl\/index.php\/wp-json\/wp\/v2\/types\/page"}],"author":[{"embeddable":true,"href":"https:\/\/sp1hrubieszow.pl\/index.php\/wp-json\/wp\/v2\/users\/2"}],"replies":[{"embeddable":true,"href":"https:\/\/sp1hrubieszow.pl\/index.php\/wp-json\/wp\/v2\/comments?post=21396"}],"version-history":[{"count":1,"href":"https:\/\/sp1hrubieszow.pl\/index.php\/wp-json\/wp\/v2\/pages\/21396\/revisions"}],"predecessor-version":[{"id":21397,"href":"https:\/\/sp1hrubieszow.pl\/index.php\/wp-json\/wp\/v2\/pages\/21396\/revisions\/21397"}],"up":[{"embeddable":true,"href":"https:\/\/sp1hrubieszow.pl\/index.php\/wp-json\/wp\/v2\/pages\/5983"}],"wp:attachment":[{"href":"https:\/\/sp1hrubieszow.pl\/index.php\/wp-json\/wp\/v2\/media?parent=21396"}],"curies":[{"name":"wp","href":"https:\/\/api.w.org\/{rel}","templated":true}]}}