{"id":21362,"date":"2023-09-12T20:07:37","date_gmt":"2023-09-12T18:07:37","guid":{"rendered":"https:\/\/sp1hrubieszow.pl\/?page_id=21362"},"modified":"2023-09-12T20:07:49","modified_gmt":"2023-09-12T18:07:49","slug":"iii-edycja-miedzyszkolnego-konkursu-pt-mediacje-sposobem-na-konflikt","status":"publish","type":"page","link":"https:\/\/sp1hrubieszow.pl\/index.php\/kronika-2020-2021\/iii-edycja-miedzyszkolnego-konkursu-pt-mediacje-sposobem-na-konflikt\/","title":{"rendered":"III edycja mi\u0119dzyszkolnego konkursu pt.\u00a0 &#8222;Mediacje sposobem na konflikt&#8221;\u00a0"},"content":{"rendered":"\n<p><span style=\"color: #000080;\">Zapraszamy do udzia\u0142u w III edycji konkursu plastycznego pt. &#8222;Mediacja sposobem na konflikt&#8221;, odbywaj\u0105cego si\u0119 pod patronatem Burmistrza Miasta Hrubieszowa i Prezesa S\u0105du Rejonowego w Hrubieszowie. Poni\u017cej regulamin konkursu:<\/span><\/p>\n<p><span style=\"color: #000080;\"><strong><a style=\"color: #000080;\" href=\"http:\/\/sp1hrubieszow.pl\/wp-content\/uploads\/2023\/09\/Regulamin-konkursu-plastycznego-pt.-Mediacja-sposobem-na-konflikt-edycja-III-2023r.docx\">Regulamin konkursu plastycznego pt. Mediacja sposobem na konflikt-edycja III-2023r.<\/a><\/strong><\/span><\/p>\n","protected":false},"excerpt":{"rendered":"<p>Zapraszamy do udzia\u0142u w III edycji konkursu plastycznego pt. &#8222;Mediacja sposobem na konflikt&#8221;, odbywaj\u0105cego si\u0119 pod patronatem Burmistrza Miasta Hrubieszowa i Prezesa S\u0105du Rejonowego w Hrubieszowie. Poni\u017cej regulamin konkursu: Regulamin konkursu plastycznego pt. Mediacja sposobem na konflikt-edycja III-2023r.<\/p>\n","protected":false},"author":2,"featured_media":0,"parent":5983,"menu_order":0,"comment_status":"closed","ping_status":"closed","template":"","meta":{"ngg_post_thumbnail":0,"footnotes":""},"class_list":["post-21362","page","type-page","status-publish","hentry"],"_links":{"self":[{"href":"https:\/\/sp1hrubieszow.pl\/index.php\/wp-json\/wp\/v2\/pages\/21362","targetHints":{"allow":["GET"]}}],"collection":[{"href":"https:\/\/sp1hrubieszow.pl\/index.php\/wp-json\/wp\/v2\/pages"}],"about":[{"href":"https:\/\/sp1hrubieszow.pl\/index.php\/wp-json\/wp\/v2\/types\/page"}],"author":[{"embeddable":true,"href":"https:\/\/sp1hrubieszow.pl\/index.php\/wp-json\/wp\/v2\/users\/2"}],"replies":[{"embeddable":true,"href":"https:\/\/sp1hrubieszow.pl\/index.php\/wp-json\/wp\/v2\/comments?post=21362"}],"version-history":[{"count":1,"href":"https:\/\/sp1hrubieszow.pl\/index.php\/wp-json\/wp\/v2\/pages\/21362\/revisions"}],"predecessor-version":[{"id":21363,"href":"https:\/\/sp1hrubieszow.pl\/index.php\/wp-json\/wp\/v2\/pages\/21362\/revisions\/21363"}],"up":[{"embeddable":true,"href":"https:\/\/sp1hrubieszow.pl\/index.php\/wp-json\/wp\/v2\/pages\/5983"}],"wp:attachment":[{"href":"https:\/\/sp1hrubieszow.pl\/index.php\/wp-json\/wp\/v2\/media?parent=21362"}],"curies":[{"name":"wp","href":"https:\/\/api.w.org\/{rel}","templated":true}]}}