{"id":21354,"date":"2023-09-04T21:42:47","date_gmt":"2023-09-04T19:42:47","guid":{"rendered":"https:\/\/sp1hrubieszow.pl\/?page_id=21354"},"modified":"2023-09-04T21:43:26","modified_gmt":"2023-09-04T19:43:26","slug":"rozpoczecie-nowego-roku-szkolnego","status":"publish","type":"page","link":"https:\/\/sp1hrubieszow.pl\/index.php\/kronika-2020-2021\/rozpoczecie-nowego-roku-szkolnego\/","title":{"rendered":"Rozpocz\u0119cie nowego roku szkolnego"},"content":{"rendered":"\n<p style=\"text-align: right;\"><span style=\"color: #000080;\">\u201eDzieci rodz\u0105 si\u0119 ze skrzyd\u0142ami.<\/span><\/p>\n<p style=\"text-align: right;\"><span style=\"color: #000080;\">Nauczyciele pomagaj\u0105 im je rozwija\u0107.\u201d<\/span><\/p>\n<p style=\"text-align: right;\"><span style=\"color: #000080;\">Janusz Korczak<\/span><\/p>\n<p><span style=\"color: #000080;\">4 wrze\u015bnia o godzinie 8.00 w murach naszej szko\u0142y przywitali\u015bmy nowy rok szkolny 2023\/2024. Wszystkich zebranych, a szczeg\u00f3lnie uczni\u00f3w klas pierwszych, powita\u0142a Pani Dyrektor Edyta Kucharska. Po przem\u00f3wieniu Dyrektora szko\u0142y g\u0142os zabra\u0142a przewodnicz\u0105ca Rady Rodzic\u00f3w Pani Monika Panasiewicz \u017cycz\u0105c wszystkim dobrego czasu i zapraszaj\u0105c rodzic\u00f3w do wsp\u00f3\u0142pracy.<\/span><\/p>\n<p><span style=\"color: #000080;\">Po cz\u0119\u015bci oficjalnej nast\u0105pi\u0142 czas na spotkania z wychowawcami klas.<\/span><\/p>\n<p><span style=\"color: #000080;\">\u017byczymy uczniom zadowolenia z rozwijania w\u0142asnych zainteresowa\u0144 i zdolno\u015bci, a tak\u017ce wspania\u0142ego czasu sp\u0119dzanego w gronie r\u00f3wie\u015bnik\u00f3w. Niech ka\u017cdy dzie\u0144 wzbogaca Was w nowe do\u015bwiadczenia, kt\u00f3re zaowocuj\u0105 w przysz\u0142o\u015bci. Nauczycielom i wszystkim pracownikom szko\u0142y \u017cyczymy spokojnej pracy oraz wielu sukces\u00f3w i rado\u015bci na ka\u017cdy dzie\u0144 . &nbsp;<\/span><\/p>\nngg_shortcode_0_placeholder\n","protected":false},"excerpt":{"rendered":"<p>\u201eDzieci rodz\u0105 si\u0119 ze skrzyd\u0142ami. Nauczyciele pomagaj\u0105 im je rozwija\u0107.\u201d Janusz Korczak 4 wrze\u015bnia o godzinie 8.00 w murach naszej szko\u0142y przywitali\u015bmy nowy rok szkolny 2023\/2024. Wszystkich zebranych, a szczeg\u00f3lnie uczni\u00f3w klas pierwszych, powita\u0142a Pani Dyrektor Edyta Kucharska. Po przem\u00f3wieniu Dyrektora szko\u0142y g\u0142os zabra\u0142a przewodnicz\u0105ca Rady Rodzic\u00f3w Pani Monika Panasiewicz \u017cycz\u0105c wszystkim dobrego czasu i [&hellip;]<\/p>\n","protected":false},"author":2,"featured_media":0,"parent":5983,"menu_order":0,"comment_status":"closed","ping_status":"closed","template":"","meta":{"ngg_post_thumbnail":0,"footnotes":""},"class_list":["post-21354","page","type-page","status-publish","hentry"],"_links":{"self":[{"href":"https:\/\/sp1hrubieszow.pl\/index.php\/wp-json\/wp\/v2\/pages\/21354","targetHints":{"allow":["GET"]}}],"collection":[{"href":"https:\/\/sp1hrubieszow.pl\/index.php\/wp-json\/wp\/v2\/pages"}],"about":[{"href":"https:\/\/sp1hrubieszow.pl\/index.php\/wp-json\/wp\/v2\/types\/page"}],"author":[{"embeddable":true,"href":"https:\/\/sp1hrubieszow.pl\/index.php\/wp-json\/wp\/v2\/users\/2"}],"replies":[{"embeddable":true,"href":"https:\/\/sp1hrubieszow.pl\/index.php\/wp-json\/wp\/v2\/comments?post=21354"}],"version-history":[{"count":1,"href":"https:\/\/sp1hrubieszow.pl\/index.php\/wp-json\/wp\/v2\/pages\/21354\/revisions"}],"predecessor-version":[{"id":21355,"href":"https:\/\/sp1hrubieszow.pl\/index.php\/wp-json\/wp\/v2\/pages\/21354\/revisions\/21355"}],"up":[{"embeddable":true,"href":"https:\/\/sp1hrubieszow.pl\/index.php\/wp-json\/wp\/v2\/pages\/5983"}],"wp:attachment":[{"href":"https:\/\/sp1hrubieszow.pl\/index.php\/wp-json\/wp\/v2\/media?parent=21354"}],"curies":[{"name":"wp","href":"https:\/\/api.w.org\/{rel}","templated":true}]}}