{"id":21319,"date":"2023-09-04T21:11:02","date_gmt":"2023-09-04T19:11:02","guid":{"rendered":"https:\/\/sp1hrubieszow.pl\/?page_id=21319"},"modified":"2023-09-04T21:11:30","modified_gmt":"2023-09-04T19:11:30","slug":"ogloszenia-dotyczace-platnosci-za-obiady","status":"publish","type":"page","link":"https:\/\/sp1hrubieszow.pl\/index.php\/kronika-2020-2021\/ogloszenia-dotyczace-platnosci-za-obiady\/","title":{"rendered":"Og\u0142oszenia dotycz\u0105ce p\u0142atno\u015bci za obiady"},"content":{"rendered":"\n\n\n<h2><span style=\"color: #000080;\"><strong><a style=\"color: #000080;\" href=\"http:\/\/sp1hrubieszow.pl\/wp-content\/uploads\/2023\/09\/OGLOSZENIE-O-PLATNOSCI-ZA-OBIADY.docx\">OG\u0141OSZENIE O P\u0141ATNO\u015aCI ZA OBIADY<\/a><\/strong><\/span><\/h2>\n<h2><span style=\"color: #000080;\"><strong><a style=\"color: #000080;\" href=\"http:\/\/sp1hrubieszow.pl\/wp-content\/uploads\/2023\/09\/Wnoszenie-oplat-za-obiady.docx\">Wnoszenie op\u0142at za obiady<\/a><\/strong><\/span><\/h2>\n","protected":false},"excerpt":{"rendered":"<p>OG\u0141OSZENIE O P\u0141ATNO\u015aCI ZA OBIADY Wnoszenie op\u0142at za obiady<\/p>\n","protected":false},"author":2,"featured_media":0,"parent":5983,"menu_order":0,"comment_status":"closed","ping_status":"closed","template":"","meta":{"ngg_post_thumbnail":0,"footnotes":""},"class_list":["post-21319","page","type-page","status-publish","hentry"],"_links":{"self":[{"href":"https:\/\/sp1hrubieszow.pl\/index.php\/wp-json\/wp\/v2\/pages\/21319","targetHints":{"allow":["GET"]}}],"collection":[{"href":"https:\/\/sp1hrubieszow.pl\/index.php\/wp-json\/wp\/v2\/pages"}],"about":[{"href":"https:\/\/sp1hrubieszow.pl\/index.php\/wp-json\/wp\/v2\/types\/page"}],"author":[{"embeddable":true,"href":"https:\/\/sp1hrubieszow.pl\/index.php\/wp-json\/wp\/v2\/users\/2"}],"replies":[{"embeddable":true,"href":"https:\/\/sp1hrubieszow.pl\/index.php\/wp-json\/wp\/v2\/comments?post=21319"}],"version-history":[{"count":1,"href":"https:\/\/sp1hrubieszow.pl\/index.php\/wp-json\/wp\/v2\/pages\/21319\/revisions"}],"predecessor-version":[{"id":21320,"href":"https:\/\/sp1hrubieszow.pl\/index.php\/wp-json\/wp\/v2\/pages\/21319\/revisions\/21320"}],"up":[{"embeddable":true,"href":"https:\/\/sp1hrubieszow.pl\/index.php\/wp-json\/wp\/v2\/pages\/5983"}],"wp:attachment":[{"href":"https:\/\/sp1hrubieszow.pl\/index.php\/wp-json\/wp\/v2\/media?parent=21319"}],"curies":[{"name":"wp","href":"https:\/\/api.w.org\/{rel}","templated":true}]}}