{"id":21172,"date":"2023-06-29T11:38:03","date_gmt":"2023-06-29T09:38:03","guid":{"rendered":"https:\/\/sp1hrubieszow.pl\/?page_id=21172"},"modified":"2023-06-29T11:38:50","modified_gmt":"2023-06-29T09:38:50","slug":"zakonczenie-roku-szkolnego-2022-2023","status":"publish","type":"page","link":"https:\/\/sp1hrubieszow.pl\/index.php\/kronika-2020-2021\/zakonczenie-roku-szkolnego-2022-2023\/","title":{"rendered":"Zako\u0144czenie roku szkolnego 2022\/2023"},"content":{"rendered":"\n\n\n<p><span style=\"color: #000080;\">Sko\u0144czy\u0142 si\u0119 kolejny rok szkolny i przysz\u0142y zas\u0142u\u017cone, wyczekiwane przez wszystkich, wakacje. Podczas uroczysto\u015bci zako\u0144czenia roku szkolnego Pani Dyrektor Edyta Kucharska podzi\u0119kowa\u0142a uczniom za wysi\u0142ek, prac\u0119 oraz zaanga\u017cowanie, kt\u00f3re w\u0142o\u017cyli w rozwijanie swoich umiej\u0119tno\u015bci i poszerzenie wiedzy. W tym roku szkolnym a\u017c 89 uczni\u00f3w naszej szko\u0142y odebra\u0142o \u015bwiadectwo z wyr\u00f3\u017cnieniem. W szczeg\u00f3lny spos\u00f3b, za swoj\u0105 prac\u0119, zostali wyr\u00f3\u017cnieni uczniowie klas 8 z najwy\u017csz\u0105 \u015bredni\u0105 ocen: Pawe\u0142 Stankiewicz (\u015brednia 5,80), Oliwia Kisielewicz (\u015brednia 5,72)&nbsp; i Oliwia M\u0105czka (\u015brednia 5,72). Uczniowie Ci otrzymali nagrody od wiceburmistrza miasta Pana Paw\u0142a Wojciechowskiego, kt\u00f3ry w tym dniu towarzyszy\u0142 naszej spo\u0142eczno\u015bci szkolnej w uroczysto\u015bciach zako\u0144czenia roku szkolnego. Ucze\u0144 klasy 8a Pawe\u0142 Stankiewicz odebra\u0142 tak\u017ce nagrod\u0119 dla \u201eSuper Ucznia\u201d. Natomiast nagrod\u0119 \u201eSuper Sportowca\u201d otrzyma\u0142 Karol Krajewski z klasy 6a.<\/span><\/p>\n<p><span style=\"color: #000080;\">Pani Dyrektor podzi\u0119kowa\u0142a za prac\u0119, cierpliwo\u015b\u0107 i oddanie wszystkim nauczycielom oraz pracownikom szko\u0142y. Szczeg\u00f3lne podzi\u0119kowania z\u0142o\u017cy\u0142a na r\u0119ce nauczycielek odchodz\u0105cych na emerytur\u0119 \u2013 Pani Jolanty Korkosz i Pani Jolanty Podlewskiej. S\u0142owa podzi\u0119kowania Pani Edyta Kucharska skierowa\u0142a tak\u017ce w stron\u0119 rodzic\u00f3w, dzi\u0119kuj\u0105c za ich pomoc i \u017cyczliwo\u015b\u0107. Na zako\u0144czenie Pani Dyrektor \u017cyczy\u0142a wszystkim wspania\u0142ych i pe\u0142nych rado\u015bci wakacji: \u201eOdpocznijcie, cieszcie si\u0119 ka\u017cd\u0105 chwil\u0105 i wr\u00f3\u0107cie w nowym roku szkolnym z now\u0105 energi\u0105 i gotowo\u015bci\u0105 do podj\u0119cia kolejnych wyzwa\u0144.\u201d<\/span><\/p>\nngg_shortcode_0_placeholder\n","protected":false},"excerpt":{"rendered":"<p>Sko\u0144czy\u0142 si\u0119 kolejny rok szkolny i przysz\u0142y zas\u0142u\u017cone, wyczekiwane przez wszystkich, wakacje. Podczas uroczysto\u015bci zako\u0144czenia roku szkolnego Pani Dyrektor Edyta Kucharska podzi\u0119kowa\u0142a uczniom za wysi\u0142ek, prac\u0119 oraz zaanga\u017cowanie, kt\u00f3re w\u0142o\u017cyli w rozwijanie swoich umiej\u0119tno\u015bci i poszerzenie wiedzy. W tym roku szkolnym a\u017c 89 uczni\u00f3w naszej szko\u0142y odebra\u0142o \u015bwiadectwo z wyr\u00f3\u017cnieniem. W szczeg\u00f3lny spos\u00f3b, za swoj\u0105 [&hellip;]<\/p>\n","protected":false},"author":2,"featured_media":0,"parent":5983,"menu_order":0,"comment_status":"closed","ping_status":"closed","template":"","meta":{"ngg_post_thumbnail":0,"footnotes":""},"class_list":["post-21172","page","type-page","status-publish","hentry"],"_links":{"self":[{"href":"https:\/\/sp1hrubieszow.pl\/index.php\/wp-json\/wp\/v2\/pages\/21172","targetHints":{"allow":["GET"]}}],"collection":[{"href":"https:\/\/sp1hrubieszow.pl\/index.php\/wp-json\/wp\/v2\/pages"}],"about":[{"href":"https:\/\/sp1hrubieszow.pl\/index.php\/wp-json\/wp\/v2\/types\/page"}],"author":[{"embeddable":true,"href":"https:\/\/sp1hrubieszow.pl\/index.php\/wp-json\/wp\/v2\/users\/2"}],"replies":[{"embeddable":true,"href":"https:\/\/sp1hrubieszow.pl\/index.php\/wp-json\/wp\/v2\/comments?post=21172"}],"version-history":[{"count":1,"href":"https:\/\/sp1hrubieszow.pl\/index.php\/wp-json\/wp\/v2\/pages\/21172\/revisions"}],"predecessor-version":[{"id":21173,"href":"https:\/\/sp1hrubieszow.pl\/index.php\/wp-json\/wp\/v2\/pages\/21172\/revisions\/21173"}],"up":[{"embeddable":true,"href":"https:\/\/sp1hrubieszow.pl\/index.php\/wp-json\/wp\/v2\/pages\/5983"}],"wp:attachment":[{"href":"https:\/\/sp1hrubieszow.pl\/index.php\/wp-json\/wp\/v2\/media?parent=21172"}],"curies":[{"name":"wp","href":"https:\/\/api.w.org\/{rel}","templated":true}]}}