{"id":21107,"date":"2023-06-26T13:34:09","date_gmt":"2023-06-26T11:34:09","guid":{"rendered":"https:\/\/sp1hrubieszow.pl\/?page_id=21107"},"modified":"2023-06-26T13:34:55","modified_gmt":"2023-06-26T11:34:55","slug":"wykaz-podrecznikow-bez-dotacji","status":"publish","type":"page","link":"https:\/\/sp1hrubieszow.pl\/index.php\/kronika-2020-2021\/wykaz-podrecznikow-bez-dotacji\/","title":{"rendered":"Wykaz podr\u0119cznik\u00f3w bez dotacji"},"content":{"rendered":"\n<p><span style=\"color: #000080;\">Lista podr\u0119cznik\u00f3w w za\u0142\u0105czniku poni\u017cej:<\/span><\/p>\n<h1><a href=\"http:\/\/sp1hrubieszow.pl\/wp-content\/uploads\/2023\/06\/WYKAZ-PODRECZNIKOW-bez-dotacji-do-zakupu-prze-rodzica.docx\"><span style=\"color: #000080;\"><strong>WYKAZ PODR\u0118CZNIK\u00d3W bez dotacji do zakupu prze rodzica<\/strong><\/span><\/a><\/h1>\n","protected":false},"excerpt":{"rendered":"<p>Lista podr\u0119cznik\u00f3w w za\u0142\u0105czniku poni\u017cej: WYKAZ PODR\u0118CZNIK\u00d3W bez dotacji do zakupu prze rodzica<\/p>\n","protected":false},"author":2,"featured_media":0,"parent":5983,"menu_order":0,"comment_status":"closed","ping_status":"closed","template":"","meta":{"ngg_post_thumbnail":0,"footnotes":""},"class_list":["post-21107","page","type-page","status-publish","hentry"],"_links":{"self":[{"href":"https:\/\/sp1hrubieszow.pl\/index.php\/wp-json\/wp\/v2\/pages\/21107","targetHints":{"allow":["GET"]}}],"collection":[{"href":"https:\/\/sp1hrubieszow.pl\/index.php\/wp-json\/wp\/v2\/pages"}],"about":[{"href":"https:\/\/sp1hrubieszow.pl\/index.php\/wp-json\/wp\/v2\/types\/page"}],"author":[{"embeddable":true,"href":"https:\/\/sp1hrubieszow.pl\/index.php\/wp-json\/wp\/v2\/users\/2"}],"replies":[{"embeddable":true,"href":"https:\/\/sp1hrubieszow.pl\/index.php\/wp-json\/wp\/v2\/comments?post=21107"}],"version-history":[{"count":1,"href":"https:\/\/sp1hrubieszow.pl\/index.php\/wp-json\/wp\/v2\/pages\/21107\/revisions"}],"predecessor-version":[{"id":21108,"href":"https:\/\/sp1hrubieszow.pl\/index.php\/wp-json\/wp\/v2\/pages\/21107\/revisions\/21108"}],"up":[{"embeddable":true,"href":"https:\/\/sp1hrubieszow.pl\/index.php\/wp-json\/wp\/v2\/pages\/5983"}],"wp:attachment":[{"href":"https:\/\/sp1hrubieszow.pl\/index.php\/wp-json\/wp\/v2\/media?parent=21107"}],"curies":[{"name":"wp","href":"https:\/\/api.w.org\/{rel}","templated":true}]}}