{"id":21086,"date":"2023-06-22T18:12:35","date_gmt":"2023-06-22T16:12:35","guid":{"rendered":"https:\/\/sp1hrubieszow.pl\/?page_id=21086"},"modified":"2023-06-22T18:14:51","modified_gmt":"2023-06-22T16:14:51","slug":"to-jest-ktos-spotkanie-z-gwiazda-tomaszem-kielbowiczem","status":"publish","type":"page","link":"https:\/\/sp1hrubieszow.pl\/index.php\/kronika-2020-2021\/to-jest-ktos-spotkanie-z-gwiazda-tomaszem-kielbowiczem\/","title":{"rendered":"&#8222;TO JEST KTO\u015a\u201d SPOTKANIE Z GWIAZD\u0104 Tomaszem Kie\u0142bowiczem"},"content":{"rendered":"\n<p><\/p>\n\n\n\n<div dir=\"auto\"><span style=\"color: #000080;\">Absolwent naszej szko\u0142y, jeden z najlepszych pi\u0142karzy Legii Warszawa w ca\u0142ej historii klubu, reprezentant Polski by\u0142 go\u015bciem w naszej szkole. Pan Tomek przyjecha\u0142 specjalnie do nas z Warszawy, mimo nawa\u0142u obowi\u0105zk\u00f3w zwi\u0105zanych z prac\u0105 skauta (wyszukiwacza talent\u00f3w) warszawskiego klubu. By\u0142y wspomnienia, opowie\u015bci oraz pytania do naszego go\u015bcia. Zast\u0119pca Burmistrza miasta Pan Pawe\u0142 Wojciechowski wr\u0119czy\u0142 w imieniu Burmistrza Miasta Medal Stulecia Hrubieszowskiego Sportu, za\u015b od nas Pan Tomek otrzyma\u0142 pami\u0105tkow\u0105 statuetk\u0119.<\/span><\/div>\n<div dir=\"auto\"><span style=\"color: #000080;\">Spotkanie by\u0142o tak\u017ce okazj\u0105 do uhonorowania dru\u017cyny, kt\u00f3ra w sk\u0142adzie &#8211; Wojciech Malinowski, Karol Krajewski, Kajetan Szewca, Miko\u0142aj Gardzio\u0142a dzie\u0144 wcze\u015bniej zdoby\u0142a mistrzostwo wojew\u00f3dztwa w sztafetowych biegach prze\u0142ajowych.<\/span><\/div>\n<div dir=\"auto\"><span style=\"color: #000080;\">Nie oby\u0142o si\u0119 tak\u017ce bez turnieju pi\u0142ki no\u017cnej. Podsumowaniem naszego spotkania by\u0142 mecz mi\u0119dzy uczniami i nauczycielami. W dru\u017cynie nauczycieli wst\u0105pi\u0142 Tomasz Kie\u0142bowicz, za\u015b dru\u017cyn\u0119 uczni\u00f3w wspom\u00f3g\u0142 syn naszego go\u015bcia jedenastoletni Micha\u0142 Kie\u0142bowicz, uznany najlepszym zawodnikiem meczu.<\/span><\/div>\n<div dir=\"auto\">&nbsp;<\/div>\n<div dir=\"auto\">\u017ar\u00f3d\u0142o zdj\u0119\u0107: lubiehrubie<\/div>\n<div dir=\"auto\">\nngg_shortcode_0_placeholder\n<\/div>\n","protected":false},"excerpt":{"rendered":"<p>Absolwent naszej szko\u0142y, jeden z najlepszych pi\u0142karzy Legii Warszawa w ca\u0142ej historii klubu, reprezentant Polski by\u0142 go\u015bciem w naszej szkole. Pan Tomek przyjecha\u0142 specjalnie do nas z Warszawy, mimo nawa\u0142u obowi\u0105zk\u00f3w zwi\u0105zanych z prac\u0105 skauta (wyszukiwacza talent\u00f3w) warszawskiego klubu. By\u0142y wspomnienia, opowie\u015bci oraz pytania do naszego go\u015bcia. Zast\u0119pca Burmistrza miasta Pan Pawe\u0142 Wojciechowski wr\u0119czy\u0142 w [&hellip;]<\/p>\n","protected":false},"author":2,"featured_media":0,"parent":5983,"menu_order":0,"comment_status":"closed","ping_status":"closed","template":"","meta":{"ngg_post_thumbnail":0,"footnotes":""},"class_list":["post-21086","page","type-page","status-publish","hentry"],"_links":{"self":[{"href":"https:\/\/sp1hrubieszow.pl\/index.php\/wp-json\/wp\/v2\/pages\/21086","targetHints":{"allow":["GET"]}}],"collection":[{"href":"https:\/\/sp1hrubieszow.pl\/index.php\/wp-json\/wp\/v2\/pages"}],"about":[{"href":"https:\/\/sp1hrubieszow.pl\/index.php\/wp-json\/wp\/v2\/types\/page"}],"author":[{"embeddable":true,"href":"https:\/\/sp1hrubieszow.pl\/index.php\/wp-json\/wp\/v2\/users\/2"}],"replies":[{"embeddable":true,"href":"https:\/\/sp1hrubieszow.pl\/index.php\/wp-json\/wp\/v2\/comments?post=21086"}],"version-history":[{"count":1,"href":"https:\/\/sp1hrubieszow.pl\/index.php\/wp-json\/wp\/v2\/pages\/21086\/revisions"}],"predecessor-version":[{"id":21087,"href":"https:\/\/sp1hrubieszow.pl\/index.php\/wp-json\/wp\/v2\/pages\/21086\/revisions\/21087"}],"up":[{"embeddable":true,"href":"https:\/\/sp1hrubieszow.pl\/index.php\/wp-json\/wp\/v2\/pages\/5983"}],"wp:attachment":[{"href":"https:\/\/sp1hrubieszow.pl\/index.php\/wp-json\/wp\/v2\/media?parent=21086"}],"curies":[{"name":"wp","href":"https:\/\/api.w.org\/{rel}","templated":true}]}}