{"id":21063,"date":"2023-06-22T17:51:11","date_gmt":"2023-06-22T15:51:11","guid":{"rendered":"https:\/\/sp1hrubieszow.pl\/?page_id=21063"},"modified":"2023-06-22T17:52:23","modified_gmt":"2023-06-22T15:52:23","slug":"najlepszy-sportowiec-roku-2","status":"publish","type":"page","link":"https:\/\/sp1hrubieszow.pl\/index.php\/kronika-2020-2021\/najlepszy-sportowiec-roku-2\/","title":{"rendered":"Najlepszy Sportowiec Roku"},"content":{"rendered":"\n\n\n<p><img loading=\"lazy\" decoding=\"async\" class=\"alignnone size-medium wp-image-21061\" src=\"http:\/\/sp1hrubieszow.pl\/wp-content\/uploads\/2023\/06\/355307013_933831654687294_2279377552315705021_n-300x297.jpg\" alt=\"\" width=\"300\" height=\"297\" srcset=\"https:\/\/sp1hrubieszow.pl\/wp-content\/uploads\/2023\/06\/355307013_933831654687294_2279377552315705021_n-300x297.jpg 300w, https:\/\/sp1hrubieszow.pl\/wp-content\/uploads\/2023\/06\/355307013_933831654687294_2279377552315705021_n-150x150.jpg 150w, https:\/\/sp1hrubieszow.pl\/wp-content\/uploads\/2023\/06\/355307013_933831654687294_2279377552315705021_n-624x619.jpg 624w, https:\/\/sp1hrubieszow.pl\/wp-content\/uploads\/2023\/06\/355307013_933831654687294_2279377552315705021_n.jpg 702w\" sizes=\"auto, (max-width: 300px) 100vw, 300px\" \/><\/p>\n<div class=\"xdj266r x11i5rnm xat24cr x1mh8g0r x1vvkbs x126k92a\">\n<div dir=\"auto\"><span style=\"color: #000080;\">Rok szkolny 2022\/2023 zbli\u017ca si\u0119 ku ko\u0144cowi. Podczas ca\u0142ego roku nasi uczniowie za udzia\u0142 i wysokie wyniki zdobywali punkty do klasyfikacji na ,,Najlepszego Sportowca Roku\u201d. <\/span><span style=\"color: #000080;\">Mi\u0142o nam poinformowa\u0107 ,\u017ce tytu\u0142 ,,Najlepszego Sportowca Roku\u2019\u2019 uzyskuje ucze\u0144 klasy 6a, Karol Krajewski.<\/span><\/div>\n<\/div>\n<div class=\"x11i5rnm xat24cr x1mh8g0r x1vvkbs xtlvy1s x126k92a\">\n<div dir=\"auto\"><span style=\"color: #000080;\">Najwi\u0119ksze osi\u0105gniecia Karola:<\/span><\/div>\n<div dir=\"auto\"><span style=\"color: #000080;\">&#8211; srebrny medal w biegu na 300m podczas wojew\u00f3dzkich zawod\u00f3w ,,Nadzieje Olimpijskie\u201d<\/span><\/div>\n<div dir=\"auto\"><span style=\"color: #000080;\">&#8211; 13 miejsce w dwuboju lekkoatletycznym podczas og\u00f3lnopolskich zawod\u00f3w ,,Nadzieje Olimpijskie\u201d<\/span><\/div>\n<div dir=\"auto\"><span style=\"color: #000080;\">-z\u0142oty medal w sztafecie szwedzkiej podczas wojew\u00f3dzkiego fina\u0142u Festiwalu Sztafet<\/span><\/div>\n<div dir=\"auto\"><span style=\"color: #000080;\">&#8211; 4 miejsce podczas fina\u0142u wojew\u00f3dzkiego w sztafetowych biegach prze\u0142ajowych<\/span><\/div>\n<div dir=\"auto\"><span style=\"color: #000080;\">-1 miejsce w p\u00f3\u0142finale wojew\u00f3dzkim w czw\u00f3rboju lekkoatletycznym<\/span><\/div>\n<div dir=\"auto\">&nbsp;<\/div>\n<\/div>\n<div class=\"x11i5rnm xat24cr x1mh8g0r x1vvkbs xtlvy1s x126k92a\">\n<div dir=\"auto\"><strong><span style=\"color: #000080;\">Najlepsze 30 os\u00f3b w klasyfikacji:<\/span><\/strong><\/div>\n<div dir=\"auto\"><strong><span style=\"color: #000080;\">1 Krajewski Karol 477 pkt.<\/span><\/strong><\/div>\n<div dir=\"auto\"><strong><span style=\"color: #000080;\">2 Szewc Kajetan 438 pkt.<\/span><\/strong><\/div>\n<div dir=\"auto\"><strong><span style=\"color: #000080;\">3 Magdziak Maja 354 pkt.<\/span><\/strong><\/div>\n<div dir=\"auto\"><span style=\"color: #000080;\">4 Malinowski Wojciech 349 pkt.<\/span><\/div>\n<div dir=\"auto\"><span style=\"color: #000080;\">5 Mrozowska Kornelia 337 pkt.<\/span><\/div>\n<div dir=\"auto\"><span style=\"color: #000080;\">6 Czerkawski Miko\u0142aj 329 pkt.<\/span><\/div>\n<div dir=\"auto\"><span style=\"color: #000080;\">7 Gardzio\u0142a Miko\u0142aj 328 pkt.<\/span><\/div>\n<div dir=\"auto\"><span style=\"color: #000080;\">8 Kraj Robert 294 pkt.<\/span><\/div>\n<div dir=\"auto\"><span style=\"color: #000080;\">9 Wiktoria Iwan 213 pkt.<\/span><\/div>\n<div dir=\"auto\"><span style=\"color: #000080;\">10 Nowakowska Zuzanna 203 pkt.<\/span><\/div>\n<div dir=\"auto\"><span style=\"color: #000080;\">11 Pietryna Nikola 190 pkt.<\/span><\/div>\n<div dir=\"auto\"><span style=\"color: #000080;\">12 Jasi\u0144ska Karolina 190 pkt.<\/span><\/div>\n<div dir=\"auto\"><span style=\"color: #000080;\">13 Nowosad Iga 188 pkt.<\/span><\/div>\n<div dir=\"auto\"><span style=\"color: #000080;\">14 Kosza\u0142ka Nikola 179 pkt.<\/span><\/div>\n<div dir=\"auto\"><span style=\"color: #000080;\">15 Kot Gabriela 164 pkt.<\/span><\/div>\n<div dir=\"auto\"><span style=\"color: #000080;\">16 Kie\u0142basa Anna 160 pkt.<\/span><\/div>\n<div dir=\"auto\"><span style=\"color: #000080;\">17 Wa\u017cny Bart\u0142omiej 157 pkt.<\/span><\/div>\n<div dir=\"auto\"><span style=\"color: #000080;\">18 Kaniosz Kacper 157 pkt.<\/span><\/div>\n<div dir=\"auto\"><span style=\"color: #000080;\">19 S\u0142upski Kacper 153 pkt.<\/span><\/div>\n<div dir=\"auto\"><span style=\"color: #000080;\">20 Ho\u0142\u00f3wek Lena 150 pkt.<\/span><\/div>\n<div dir=\"auto\"><span style=\"color: #000080;\">21 Duma Katarzyna 145 pkt.<\/span><\/div>\n<div dir=\"auto\"><span style=\"color: #000080;\">22 Kogut Franciszek 142 pkt.<\/span><\/div>\n<div dir=\"auto\"><span style=\"color: #000080;\">23 Fr\u0105c Gabriela 140 pkt.<\/span><\/div>\n<div dir=\"auto\"><span style=\"color: #000080;\">24 Dubienko Dominik 121 pkt.<\/span><\/div>\n<div dir=\"auto\"><span style=\"color: #000080;\">25 Zaj\u0105c Wiktoria 114 pkt.<\/span><\/div>\n<div dir=\"auto\"><span style=\"color: #000080;\">26 Borz\u0119cki Maciej 112 pkt.<\/span><\/div>\n<div dir=\"auto\"><span style=\"color: #000080;\">27 Grab Julia 110 pkt.<\/span><\/div>\n<div dir=\"auto\"><span style=\"color: #000080;\">28 Rz\u0105d Aleksandra 110 pkt.<\/span><\/div>\n<div dir=\"auto\"><span style=\"color: #000080;\">29 Jankowski Rafa\u0142 109 pkt.<\/span><\/div>\n<div dir=\"auto\"><span style=\"color: #000080;\">30 Ciemi\u0119ga Dominika 103 pkt.<\/span><\/div>\n<\/div>\n","protected":false},"excerpt":{"rendered":"<p>Rok szkolny 2022\/2023 zbli\u017ca si\u0119 ku ko\u0144cowi. Podczas ca\u0142ego roku nasi uczniowie za udzia\u0142 i wysokie wyniki zdobywali punkty do klasyfikacji na ,,Najlepszego Sportowca Roku\u201d. Mi\u0142o nam poinformowa\u0107 ,\u017ce tytu\u0142 ,,Najlepszego Sportowca Roku\u2019\u2019 uzyskuje ucze\u0144 klasy 6a, Karol Krajewski. Najwi\u0119ksze osi\u0105gniecia Karola: &#8211; srebrny medal w biegu na 300m podczas wojew\u00f3dzkich zawod\u00f3w ,,Nadzieje Olimpijskie\u201d &#8211; [&hellip;]<\/p>\n","protected":false},"author":2,"featured_media":0,"parent":5983,"menu_order":0,"comment_status":"closed","ping_status":"closed","template":"","meta":{"ngg_post_thumbnail":0,"footnotes":""},"class_list":["post-21063","page","type-page","status-publish","hentry"],"_links":{"self":[{"href":"https:\/\/sp1hrubieszow.pl\/index.php\/wp-json\/wp\/v2\/pages\/21063","targetHints":{"allow":["GET"]}}],"collection":[{"href":"https:\/\/sp1hrubieszow.pl\/index.php\/wp-json\/wp\/v2\/pages"}],"about":[{"href":"https:\/\/sp1hrubieszow.pl\/index.php\/wp-json\/wp\/v2\/types\/page"}],"author":[{"embeddable":true,"href":"https:\/\/sp1hrubieszow.pl\/index.php\/wp-json\/wp\/v2\/users\/2"}],"replies":[{"embeddable":true,"href":"https:\/\/sp1hrubieszow.pl\/index.php\/wp-json\/wp\/v2\/comments?post=21063"}],"version-history":[{"count":1,"href":"https:\/\/sp1hrubieszow.pl\/index.php\/wp-json\/wp\/v2\/pages\/21063\/revisions"}],"predecessor-version":[{"id":21064,"href":"https:\/\/sp1hrubieszow.pl\/index.php\/wp-json\/wp\/v2\/pages\/21063\/revisions\/21064"}],"up":[{"embeddable":true,"href":"https:\/\/sp1hrubieszow.pl\/index.php\/wp-json\/wp\/v2\/pages\/5983"}],"wp:attachment":[{"href":"https:\/\/sp1hrubieszow.pl\/index.php\/wp-json\/wp\/v2\/media?parent=21063"}],"curies":[{"name":"wp","href":"https:\/\/api.w.org\/{rel}","templated":true}]}}