{"id":21055,"date":"2023-06-22T08:00:24","date_gmt":"2023-06-22T06:00:24","guid":{"rendered":"https:\/\/sp1hrubieszow.pl\/?page_id=21055"},"modified":"2023-06-22T08:01:09","modified_gmt":"2023-06-22T06:01:09","slug":"zakonczenie-roku","status":"publish","type":"page","link":"https:\/\/sp1hrubieszow.pl\/index.php\/kronika-2020-2021\/zakonczenie-roku\/","title":{"rendered":"Zako\u0144czenie roku"},"content":{"rendered":"\n<p><span style=\"color: #000080;\"><strong>Uroczyste zako\u0144czenie<\/strong><\/span><\/p>\n<p><span style=\"color: #000080;\"><strong>Roku Szkolnego 2022\/2023<\/strong><\/span><\/p>\n<p><span style=\"color: #000080;\"><strong>odb\u0119dzie si\u0119 23 czerwca 2023 roku<\/strong><\/span><\/p>\n<p><span style=\"color: #000080;\"><strong>o godzinie 8.00 w hali sportowej.<\/strong><\/span><\/p>\n<h1><strong><span style=\"color: #000080;\"><a style=\"color: #000080;\" href=\"http:\/\/sp1hrubieszow.pl\/wp-content\/uploads\/2023\/06\/przydzial-sal.docx\">przydzia\u0142 sal<\/a><\/span><\/strong><\/h1>\n","protected":false},"excerpt":{"rendered":"<p>Uroczyste zako\u0144czenie Roku Szkolnego 2022\/2023 odb\u0119dzie si\u0119 23 czerwca 2023 roku o godzinie 8.00 w hali sportowej. przydzia\u0142 sal<\/p>\n","protected":false},"author":2,"featured_media":0,"parent":5983,"menu_order":0,"comment_status":"closed","ping_status":"closed","template":"","meta":{"ngg_post_thumbnail":0,"footnotes":""},"class_list":["post-21055","page","type-page","status-publish","hentry"],"_links":{"self":[{"href":"https:\/\/sp1hrubieszow.pl\/index.php\/wp-json\/wp\/v2\/pages\/21055","targetHints":{"allow":["GET"]}}],"collection":[{"href":"https:\/\/sp1hrubieszow.pl\/index.php\/wp-json\/wp\/v2\/pages"}],"about":[{"href":"https:\/\/sp1hrubieszow.pl\/index.php\/wp-json\/wp\/v2\/types\/page"}],"author":[{"embeddable":true,"href":"https:\/\/sp1hrubieszow.pl\/index.php\/wp-json\/wp\/v2\/users\/2"}],"replies":[{"embeddable":true,"href":"https:\/\/sp1hrubieszow.pl\/index.php\/wp-json\/wp\/v2\/comments?post=21055"}],"version-history":[{"count":1,"href":"https:\/\/sp1hrubieszow.pl\/index.php\/wp-json\/wp\/v2\/pages\/21055\/revisions"}],"predecessor-version":[{"id":21056,"href":"https:\/\/sp1hrubieszow.pl\/index.php\/wp-json\/wp\/v2\/pages\/21055\/revisions\/21056"}],"up":[{"embeddable":true,"href":"https:\/\/sp1hrubieszow.pl\/index.php\/wp-json\/wp\/v2\/pages\/5983"}],"wp:attachment":[{"href":"https:\/\/sp1hrubieszow.pl\/index.php\/wp-json\/wp\/v2\/media?parent=21055"}],"curies":[{"name":"wp","href":"https:\/\/api.w.org\/{rel}","templated":true}]}}